{"id":4740,"date":"2025-06-18T18:05:50","date_gmt":"2025-06-18T16:05:50","guid":{"rendered":"https:\/\/esperancaenlinia.org\/?page_id=4740"},"modified":"2025-11-20T10:16:04","modified_gmt":"2025-11-20T09:16:04","slug":"avis-legal","status":"publish","type":"page","link":"https:\/\/esperancaenlinia.org\/en\/avis-legal\/","title":{"rendered":"Legal Notice"},"content":{"rendered":"<div data-elementor-type=\"wp-page\" data-elementor-id=\"4740\" class=\"elementor elementor-4740\" data-elementor-post-type=\"page\">\n\t\t\t\t<div class=\"elementor-element elementor-element-18759bb6 animated-slow e-con-full e-flex elementor-invisible e-con e-parent\" data-id=\"18759bb6\" data-element_type=\"container\" data-e-type=\"container\" data-settings=\"{&quot;background_background&quot;:&quot;classic&quot;,&quot;animation&quot;:&quot;fadeIn&quot;}\">\n\t\t\t\t<div class=\"elementor-element elementor-element-5edc68cc elementor-icon-list--layout-inline elementor-list-item-link-full_width elementor-widget elementor-widget-icon-list\" data-id=\"5edc68cc\" data-element_type=\"widget\" data-e-type=\"widget\" data-widget_type=\"icon-list.default\">\n\t\t\t\t<div class=\"elementor-widget-container\">\n\t\t\t\t\t\t\t<ul class=\"elementor-icon-list-items elementor-inline-items\">\n\t\t\t\t\t\t\t<li class=\"elementor-icon-list-item elementor-inline-item\">\n\t\t\t\t\t\t\t\t\t\t\t<a href=\"https:\/\/esperancaenlinia.org\/en\/\">\n\n\t\t\t\t\t\t\t\t\t\t\t<span class=\"elementor-icon-list-text\">Home<\/span>\n\t\t\t\t\t\t\t\t\t\t\t<\/a>\n\t\t\t\t\t\t\t\t\t<\/li>\n\t\t\t\t\t\t\t\t<li class=\"elementor-icon-list-item elementor-inline-item\">\n\t\t\t\t\t\t\t\t\t\t<span class=\"elementor-icon-list-text\"><\/span>\n\t\t\t\t\t\t\t\t\t<\/li>\n\t\t\t\t\t\t<\/ul>\n\t\t\t\t\t\t<\/div>\n\t\t\t\t<\/div>\n\t\t\t\t<\/div>\n\t\t<div class=\"elementor-element elementor-element-5fae33 e-flex e-con-boxed e-con e-parent\" data-id=\"5fae33\" data-element_type=\"container\" data-e-type=\"container\" data-settings=\"{&quot;background_background&quot;:&quot;classic&quot;}\">\n\t\t\t\t\t<div class=\"e-con-inner\">\n\t\t<div class=\"elementor-element elementor-element-33ec587 e-con-full e-flex e-con e-child\" data-id=\"33ec587\" data-element_type=\"container\" data-e-type=\"container\">\n\t\t\t\t<div class=\"elementor-element elementor-element-6226cf0d elementor-widget elementor-widget-text-editor\" data-id=\"6226cf0d\" data-element_type=\"widget\" data-e-type=\"widget\" data-widget_type=\"text-editor.default\">\n\t\t\t\t<div class=\"elementor-widget-container\">\n\t\t\t\t\t\t\t\t\t<p><b>General information about the ownership of the website<\/b><\/p><p><span style=\"font-weight: 400;\">In accordance with Law 34\/2002, of July 11, on information society services and electronic commerce, the general information data of this website is communicated:<\/span><\/p><p><span style=\"font-weight: 400;\">Responsible: AID AND HOPE FOUNDATION -HOPE ONLINE-<\/span><\/p><p><span style=\"font-weight: 400;\"><strong>VAT number:<\/strong> R-5800402-I\u00a0<\/span><\/p><p><span style=\"font-weight: 400;\"><strong>Domain name:<\/strong> www.esperancaenlinia.org<\/span><\/p><p><span style=\"font-weight: 400;\"><strong>Address:<\/strong> C\/ Girona, 34 08010-<\/span> <span style=\"font-weight: 400;\">Barcelona<\/span><\/p><p><span style=\"font-weight: 400;\"><strong>Contact email:<\/strong> lopd@telefonoesperanza.com<\/span><\/p><p><b>General conditions of use of the website<\/b><\/p><ul><li aria-level=\"1\"><b>Users<\/b><\/li><\/ul><p><span style=\"font-weight: 400;\">Anyone who accesses the website has the status of user and at that moment accepts, fully and without reservations, these general conditions.<\/span><\/p><p><span style=\"font-weight: 400;\">It is recommended to read these terms of use each time you access the website. <\/span><a href=\"https:\/\/esperancaenlinia.org\/en\/\"><span style=\"font-weight: 400;\">www.esperancaenlinia.org<\/span><\/a> <span style=\"font-weight: 400;\">since it could have been modified.<\/span><\/p><ul><li aria-level=\"1\"><b>Use of the website<\/b><\/li><\/ul><p><span style=\"font-weight: 400;\">The user undertakes to use the website for lawful purposes and that do not result in harm to the Ajuda i Esperan\u00e7a Foundation and\/or third parties, or that harm or prevent its normal functioning.\u00a0<\/span><\/p><p><span style=\"font-weight: 400;\">The user is expressly prohibited from using the contents of the website in a way that infringes these conditions of use and, in particular, current regulations; good faith; generally accepted uses and public order.<\/span><\/p><p><span style=\"font-weight: 400;\">The information contained on the website is merely informative and orienting, both in terms of its purpose and its effects. It is not a recruitment channel.<\/span><\/p><p><span style=\"font-weight: 400;\">If the user is interested in Esperan\u00e7a&#039;s online services, as well as receiving more information, they must contact through the corresponding form or email coordinacio@telefonoesperanza.com so that they can be attended to in the most optimal way.<\/span><\/p><ul><li aria-level=\"1\"><b>User responsibility<\/b><\/li><\/ul><p><span style=\"font-weight: 400;\">The user uses the website under their sole and exclusive responsibility. This responsibility extends to the use of passwords or similar that have been assigned to the user and to any of its services.<\/span><\/p><p><span style=\"font-weight: 400;\">However, the Ajuda i Esperan\u00e7a Foundation reserves the right, at any time and without prior notice, to deny access to the page to users who fail to comply with these general conditions.<\/span><\/p><ul><li aria-level=\"1\"><b>Reservation of rights<\/b><\/li><\/ul><p><span style=\"font-weight: 400;\">\u00a0The Ajuda i Esperan\u00e7a Foundation reserves the right to modify unilaterally and without prior notice the following aspects, whenever it deems it appropriate: the structure, the design, adding or removing content and services, modifying these conditions of use.<\/span><\/p><p><span style=\"font-weight: 400;\">The right is also reserved, under the same conditions, to interrupt, suspend or terminate the provision of the services of the website or any of the services that make up it.<\/span><\/p><ul><li aria-level=\"1\"><b>Exclusion of warranties and liability<\/b><\/li><\/ul><p><span style=\"font-weight: 400;\">The Ajuda i Esperan\u00e7a Foundation does not grant any guarantee nor is it responsible for damages of any nature that may be a consequence of:<\/span><\/p><ol><li style=\"font-weight: 400;\" aria-level=\"1\"><span style=\"font-weight: 400;\">The unavailability, maintenance and correct functioning of the website and\/or its contents and services;<\/span><\/li><li style=\"font-weight: 400;\" aria-level=\"1\"><span style=\"font-weight: 400;\">The uselessness, adequacy or validity of the website and\/or its contents and services to satisfy specific needs, activities or results or even the expectations of users;<\/span><\/li><li style=\"font-weight: 400;\" aria-level=\"1\"><span style=\"font-weight: 400;\">The existence of viruses, malicious or harmful programs in the contents;<\/span><\/li><li style=\"font-weight: 400;\" aria-level=\"1\"><span style=\"font-weight: 400;\">The illicit, negligent, fraudulent use of the website and its contents and services by the user, contrary to these general conditions;<\/span><\/li><li style=\"font-weight: 400;\" aria-level=\"1\"><span style=\"font-weight: 400;\">The breach by third parties of their obligations or commitments in relation to the services provided to the user through the website.\u00a0<\/span><\/li><\/ol><ul><li aria-level=\"1\"><b>Link policy<\/b><\/li><\/ul><p><span style=\"font-weight: 400;\">Conditions for creating a hyperlink from an external website to any of the websites of the Ajuda i Esperan\u00e7a Foundation:<\/span><\/p><ol><li style=\"font-weight: 400;\" aria-level=\"2\"><span style=\"font-weight: 400;\">\u00a0\u00a0\u00a0The total or partial reproduction of any of the services or contents of this website is not permitted without the prior and express authorization of the Ajuda i Esperan\u00e7a Foundation;<\/span><\/li><li style=\"font-weight: 400;\" aria-level=\"2\"><span style=\"font-weight: 400;\">Not allowed to set <\/span><i><span style=\"font-weight: 400;\">deep links<\/span><\/i><span style=\"font-weight: 400;\">, nor IMG or image links, nor <\/span><i><span style=\"font-weight: 400;\">frames<\/span><\/i><span style=\"font-weight: 400;\"> with the websites of the Ajuda i Esperan\u00e7a Foundation without its prior and express authorization;<\/span><\/li><li style=\"font-weight: 400;\" aria-level=\"2\"><span style=\"font-weight: 400;\">It is not permitted to include false, inaccurate or incorrect statements about the websites of the Fundaci\u00f3 Ajuda i Esperan\u00e7a, or about its contents and services;<\/span><\/li><li style=\"font-weight: 400;\" aria-level=\"2\"><span style=\"font-weight: 400;\">It is not permitted to include any brand, commercial name, establishment sign, name, logo, slogan or other distinctive signs belonging to the Ajuda i Esperan\u00e7a Foundation, unless its prior and express authorization is obtained.<\/span><\/li><li style=\"font-weight: 400;\" aria-level=\"2\"><span style=\"font-weight: 400;\">The hyperlink will not imply the existence of commercial and\/or economic relationships of any kind between the Ajuda i Esperan\u00e7a Foundation and the owner of the website that establishes it.<\/span><\/li><li style=\"font-weight: 400;\" aria-level=\"2\"><span style=\"font-weight: 400;\">The Ajuda i Esperan\u00e7a Foundation will not be responsible for the content or services made available to the public through the website from which the hyperlink is made, nor for the information and statements it includes.<\/span><\/li><\/ol><p><span style=\"font-weight: 400;\">Regarding the links to external pages made available by the Ajuda i Esperan\u00e7a Foundation and which are managed and controlled by third parties:<\/span><\/p><ul><li style=\"font-weight: 400;\" aria-level=\"1\"><span style=\"font-weight: 400;\">These links are offered to facilitate users&#039; search for information on content and services on the Internet, so that they can be considered a suggestion or recommendation to visit them;<\/span><\/li><li style=\"font-weight: 400;\" aria-level=\"1\"><span style=\"font-weight: 400;\">The Ajuda i Esperan\u00e7a Foundation does not market, direct, or previously control the content, information, and manifestations that are available; nor does it claim them as its own.\u00a0<\/span><\/li><li style=\"font-weight: 400;\" aria-level=\"1\"><span style=\"font-weight: 400;\">The Ajuda i Esperan\u00e7a Foundation is not responsible in any way, either indirectly or subsidiary, for damages of any nature arising from the access, maintenance, use, quality, legality, reliability and usefulness of the contents, information, communications, manifestations, products and\/or services offered on the websites that the Ajuda i Esperan\u00e7a Foundation does not manage and that are accessible from www.esperancaenlinia.org.<\/span><\/li><\/ul><ul><li aria-level=\"1\"><b>Industrial and intellectual property<\/b><\/li><\/ul><p><span style=\"font-weight: 400;\">The texts, images, logos, distinctive signs, sounds, photographs, videos, source code and other contents included in this website (including legal texts) are the property of the Fundaci\u00f3 Ajuda i Esperan\u00e7a or the right to use and exploit them is available. Therefore, they are considered works protected by current legislation on industrial and intellectual property.<\/span><\/p><p><span style=\"font-weight: 400;\">Any transmission, public communication, distribution, reproduction, making available or storage, in whole or in part, of the contents of this website that are carried out for profit or commercial purposes and without the prior and express authorization of the owner of the rights is prohibited. To preserve industrial and intellectual property rights, in the event that a user or third party considers that a violation of their legitimate rights has occurred on this website, they must notify it by email to the address coordinacio@telefonoesperanza.com indicating:<\/span><\/p><ul><li style=\"font-weight: 400;\" aria-level=\"1\"><span style=\"font-weight: 400;\">The personal data of the interested party who owns the rights allegedly infringed. If acting on behalf of a third party, this representation must be proven;<\/span><\/li><li style=\"font-weight: 400;\" aria-level=\"1\"><span style=\"font-weight: 400;\">The contents protected by industrial and intellectual property rights as well as their location on the website;<\/span><\/li><li style=\"font-weight: 400;\" aria-level=\"1\"><span style=\"font-weight: 400;\">The accreditation of ownership of the aforementioned rights;<\/span><\/li><li style=\"font-weight: 400;\" aria-level=\"1\"><span style=\"font-weight: 400;\">Express declaration by the interested party by virtue of which he or she is responsible for the veracity of the information provided.<\/span><\/li><\/ul><p><span style=\"font-weight: 400;\">The legitimacy of the industrial and intellectual property rights corresponding to the content provided by third parties is the exclusive responsibility of the latter.<\/span><\/p><p><span style=\"font-weight: 400;\">Accessing this website does not grant the user any right or ownership over the industrial and intellectual property rights that exist over the contents and elements owned by the Ajuda i Esperan\u00e7a Foundation.\u00a0<\/span><\/p><ul><li aria-level=\"1\"><b>Applicable legislation and jurisdiction<\/b><\/li><\/ul><p><span style=\"font-weight: 400;\">These conditions of use are governed by Spanish legislation and any claim and\/or controversy arising from them, as well as from the services and content offered in relation to their interpretation, application and\/or compliance, is subject to the jurisdiction of the Courts and Tribunals of Barcelona.<\/span><\/p>\t\t\t\t\t\t\t\t<\/div>\n\t\t\t\t<\/div>\n\t\t\t\t<\/div>\n\t\t\t\t\t<\/div>\n\t\t\t\t<\/div>\n\t\t<div class=\"elementor-element elementor-element-7d422f0a e-flex e-con-boxed e-con e-parent\" data-id=\"7d422f0a\" data-element_type=\"container\" data-e-type=\"container\">\n\t\t\t\t\t<div class=\"e-con-inner\">\n\t\t\t\t<div class=\"elementor-element elementor-element-676afa08 elementor-widget elementor-widget-text-editor\" data-id=\"676afa08\" data-element_type=\"widget\" data-e-type=\"widget\" data-widget_type=\"text-editor.default\">\n\t\t\t\t<div class=\"elementor-widget-container\">\n\t\t\t\t\t\t\t\t\t<p style=\"text-align: center;\"><br \/>These terms of use were last modified on November 20, 2025.<\/p>\t\t\t\t\t\t\t\t<\/div>\n\t\t\t\t<\/div>\n\t\t\t\t\t<\/div>\n\t\t\t\t<\/div>\n\t\t<div class=\"elementor-element elementor-element-41f15bb7 e-flex e-con-boxed e-con e-parent\" data-id=\"41f15bb7\" data-element_type=\"container\" data-e-type=\"container\">\n\t\t\t\t\t<div class=\"e-con-inner\">\n\t\t\t\t<div class=\"elementor-element elementor-element-57ee624f elementor-widget elementor-widget-image\" data-id=\"57ee624f\" data-element_type=\"widget\" data-e-type=\"widget\" data-widget_type=\"image.default\">\n\t\t\t\t<div class=\"elementor-widget-container\">\n\t\t\t\t\t\t\t\t\t\t\t\t\t\t\t<img fetchpriority=\"high\" decoding=\"async\" width=\"1024\" height=\"576\" src=\"https:\/\/esperancaenlinia.org\/wp-content\/uploads\/2025\/01\/esperancaenlinia-xat_suport_emocional_jove-1024x576.jpg\" class=\"attachment-large size-large wp-image-2715\" alt=\"\" srcset=\"https:\/\/esperancaenlinia.org\/wp-content\/uploads\/2025\/01\/esperancaenlinia-xat_suport_emocional_jove-1024x576.jpg 1024w, https:\/\/esperancaenlinia.org\/wp-content\/uploads\/2025\/01\/esperancaenlinia-xat_suport_emocional_jove-600x338.jpg 600w, https:\/\/esperancaenlinia.org\/wp-content\/uploads\/2025\/01\/esperancaenlinia-xat_suport_emocional_jove-300x169.jpg 300w, https:\/\/esperancaenlinia.org\/wp-content\/uploads\/2025\/01\/esperancaenlinia-xat_suport_emocional_jove-768x432.jpg 768w, https:\/\/esperancaenlinia.org\/wp-content\/uploads\/2025\/01\/esperancaenlinia-xat_suport_emocional_jove-18x10.jpg 18w, https:\/\/esperancaenlinia.org\/wp-content\/uploads\/2025\/01\/esperancaenlinia-xat_suport_emocional_jove.jpg 1200w\" sizes=\"(max-width: 1024px) 100vw, 1024px\" \/>\t\t\t\t\t\t\t\t\t\t\t\t\t\t\t<\/div>\n\t\t\t\t<\/div>\n\t\t\t\t\t<\/div>\n\t\t\t\t<\/div>\n\t\t\t\t<\/div>","protected":false},"excerpt":{"rendered":"<p>Inici Informaci\u00f3 general sobre la titularitat de la p\u00e0gina web De conformitat amb la Llei 34\/2002, de l\u201911 de juliol, de serveis de la societat de la informaci\u00f3 i del comer\u00e7 electr\u00f2nic, es comuniquen les dades d\u2019informaci\u00f3 general d\u2019aquesta p\u00e0gina web: Responsable: FUNDACI\u00d3 AJUDA I ESPERAN\u00c7A -ESPERAN\u00c7A EN LINIA- CIF: R-5800402-I\u00a0 Nom del domini: www.esperancaenlinia.org&hellip;&nbsp;<a href=\"https:\/\/esperancaenlinia.org\/en\/avis-legal\/\" rel=\"bookmark\"><span class=\"screen-reader-text\">Legal Notice<\/span><\/a><\/p>","protected":false},"author":2,"featured_media":0,"parent":0,"menu_order":0,"comment_status":"closed","ping_status":"closed","template":"elementor_header_footer","meta":{"neve_meta_sidebar":"","neve_meta_container":"","neve_meta_enable_content_width":"off","neve_meta_content_width":100,"neve_meta_title_alignment":"","neve_meta_author_avatar":"","neve_post_elements_order":"","neve_meta_disable_header":"","neve_meta_disable_footer":"","neve_meta_disable_title":"","footnotes":""},"class_list":["post-4740","page","type-page","status-publish","hentry"],"yoast_head":"<!-- This site is optimized with the Yoast SEO plugin v27.1.1 - https:\/\/yoast.com\/product\/yoast-seo-wordpress\/ -->\n<title>Avis Legal - Fundaci\u00f3n Ajuda i Esperan\u00e7a<\/title>\n<meta name=\"robots\" content=\"noindex, nofollow\" \/>\n<meta property=\"og:locale\" content=\"en_GB\" \/>\n<meta property=\"og:type\" content=\"article\" \/>\n<meta property=\"og:title\" content=\"Avis Legal - Fundaci\u00f3n Ajuda i Esperan\u00e7a\" \/>\n<meta property=\"og:description\" content=\"Inici Informaci\u00f3 general sobre la titularitat de la p\u00e0gina web De conformitat amb la Llei 34\/2002, de l\u201911 de juliol, de serveis de la societat de la informaci\u00f3 i del comer\u00e7 electr\u00f2nic, es comuniquen les dades d\u2019informaci\u00f3 general d\u2019aquesta p\u00e0gina web: Responsable: FUNDACI\u00d3 AJUDA I ESPERAN\u00c7A -ESPERAN\u00c7A EN LINIA- CIF: R-5800402-I\u00a0 Nom del domini: www.esperancaenlinia.org&hellip;&nbsp;Avis Legal\" \/>\n<meta property=\"og:url\" content=\"https:\/\/esperancaenlinia.org\/en\/avis-legal\/\" \/>\n<meta property=\"og:site_name\" content=\"Fundaci\u00f3n Ajuda i Esperan\u00e7a\" \/>\n<meta property=\"article:modified_time\" content=\"2025-11-20T09:16:04+00:00\" \/>\n<meta property=\"og:image\" content=\"https:\/\/esperancaenlinia.org\/wp-content\/uploads\/2025\/01\/esperancaenlinia-xat_suport_emocional_jove.jpg\" \/>\n\t<meta property=\"og:image:width\" content=\"1200\" \/>\n\t<meta property=\"og:image:height\" content=\"675\" \/>\n\t<meta property=\"og:image:type\" content=\"image\/jpeg\" \/>\n<meta name=\"twitter:card\" content=\"summary_large_image\" \/>\n<meta name=\"twitter:label1\" content=\"Estimated reading time\" \/>\n\t<meta name=\"twitter:data1\" content=\"6 minutes\" \/>\n<script type=\"application\/ld+json\" class=\"yoast-schema-graph\">{\"@context\":\"https:\/\/schema.org\",\"@graph\":[{\"@type\":\"WebPage\",\"@id\":\"https:\/\/esperancaenlinia.org\/avis-legal\/\",\"url\":\"https:\/\/esperancaenlinia.org\/avis-legal\/\",\"name\":\"Avis Legal - Fundaci\u00f3n Ajuda i Esperan\u00e7a\",\"isPartOf\":{\"@id\":\"https:\/\/esperancaenlinia.org\/#website\"},\"primaryImageOfPage\":{\"@id\":\"https:\/\/esperancaenlinia.org\/avis-legal\/#primaryimage\"},\"image\":{\"@id\":\"https:\/\/esperancaenlinia.org\/avis-legal\/#primaryimage\"},\"thumbnailUrl\":\"https:\/\/esperancaenlinia.org\/wp-content\/uploads\/2025\/01\/esperancaenlinia-xat_suport_emocional_jove-1024x576.jpg\",\"datePublished\":\"2025-06-18T16:05:50+00:00\",\"dateModified\":\"2025-11-20T09:16:04+00:00\",\"breadcrumb\":{\"@id\":\"https:\/\/esperancaenlinia.org\/avis-legal\/#breadcrumb\"},\"inLanguage\":\"en-GB\",\"potentialAction\":[{\"@type\":\"ReadAction\",\"target\":[\"https:\/\/esperancaenlinia.org\/avis-legal\/\"]}]},{\"@type\":\"ImageObject\",\"inLanguage\":\"en-GB\",\"@id\":\"https:\/\/esperancaenlinia.org\/avis-legal\/#primaryimage\",\"url\":\"https:\/\/esperancaenlinia.org\/wp-content\/uploads\/2025\/01\/esperancaenlinia-xat_suport_emocional_jove-1024x576.jpg\",\"contentUrl\":\"https:\/\/esperancaenlinia.org\/wp-content\/uploads\/2025\/01\/esperancaenlinia-xat_suport_emocional_jove-1024x576.jpg\"},{\"@type\":\"BreadcrumbList\",\"@id\":\"https:\/\/esperancaenlinia.org\/avis-legal\/#breadcrumb\",\"itemListElement\":[{\"@type\":\"ListItem\",\"position\":1,\"name\":\"Portada\",\"item\":\"https:\/\/esperancaenlinia.org\/\"},{\"@type\":\"ListItem\",\"position\":2,\"name\":\"Avis Legal\"}]},{\"@type\":\"WebSite\",\"@id\":\"https:\/\/esperancaenlinia.org\/#website\",\"url\":\"https:\/\/esperancaenlinia.org\/\",\"name\":\"Fundaci\u00f3n Ajuda i Esperan\u00e7a\",\"description\":\"\",\"publisher\":{\"@id\":\"https:\/\/esperancaenlinia.org\/#organization\"},\"potentialAction\":[{\"@type\":\"SearchAction\",\"target\":{\"@type\":\"EntryPoint\",\"urlTemplate\":\"https:\/\/esperancaenlinia.org\/?s={search_term_string}\"},\"query-input\":{\"@type\":\"PropertyValueSpecification\",\"valueRequired\":true,\"valueName\":\"search_term_string\"}}],\"inLanguage\":\"en-GB\"},{\"@type\":\"Organization\",\"@id\":\"https:\/\/esperancaenlinia.org\/#organization\",\"name\":\"Fundaci\u00f3n Ajuda i Esperan\u00e7a\",\"url\":\"https:\/\/esperancaenlinia.org\/\",\"logo\":{\"@type\":\"ImageObject\",\"inLanguage\":\"en-GB\",\"@id\":\"https:\/\/esperancaenlinia.org\/#\/schema\/logo\/image\/\",\"url\":\"https:\/\/esperancaenlinia.org\/wp-content\/uploads\/2024\/04\/logo-1.png\",\"contentUrl\":\"https:\/\/esperancaenlinia.org\/wp-content\/uploads\/2024\/04\/logo-1.png\",\"width\":662,\"height\":200,\"caption\":\"Fundaci\u00f3n Ajuda i Esperan\u00e7a\"},\"image\":{\"@id\":\"https:\/\/esperancaenlinia.org\/#\/schema\/logo\/image\/\"}}]}<\/script>\n<!-- \/ Yoast SEO plugin. -->","yoast_head_json":{"title":"Legal Notice - Fundaci\u00f3n Ajuda i Esperan\u00e7a","robots":{"index":"noindex","follow":"nofollow"},"og_locale":"en_GB","og_type":"article","og_title":"Avis Legal - Fundaci\u00f3n Ajuda i Esperan\u00e7a","og_description":"Inici Informaci\u00f3 general sobre la titularitat de la p\u00e0gina web De conformitat amb la Llei 34\/2002, de l\u201911 de juliol, de serveis de la societat de la informaci\u00f3 i del comer\u00e7 electr\u00f2nic, es comuniquen les dades d\u2019informaci\u00f3 general d\u2019aquesta p\u00e0gina web: Responsable: FUNDACI\u00d3 AJUDA I ESPERAN\u00c7A -ESPERAN\u00c7A EN LINIA- CIF: R-5800402-I\u00a0 Nom del domini: www.esperancaenlinia.org&hellip;&nbsp;Avis Legal","og_url":"https:\/\/esperancaenlinia.org\/en\/avis-legal\/","og_site_name":"Fundaci\u00f3n Ajuda i Esperan\u00e7a","article_modified_time":"2025-11-20T09:16:04+00:00","og_image":[{"width":1200,"height":675,"url":"https:\/\/esperancaenlinia.org\/wp-content\/uploads\/2025\/01\/esperancaenlinia-xat_suport_emocional_jove.jpg","type":"image\/jpeg"}],"twitter_card":"summary_large_image","twitter_misc":{"Estimated reading time":"6 minutes"},"schema":{"@context":"https:\/\/schema.org","@graph":[{"@type":"WebPage","@id":"https:\/\/esperancaenlinia.org\/avis-legal\/","url":"https:\/\/esperancaenlinia.org\/avis-legal\/","name":"Legal Notice - Fundaci\u00f3n Ajuda i Esperan\u00e7a","isPartOf":{"@id":"https:\/\/esperancaenlinia.org\/#website"},"primaryImageOfPage":{"@id":"https:\/\/esperancaenlinia.org\/avis-legal\/#primaryimage"},"image":{"@id":"https:\/\/esperancaenlinia.org\/avis-legal\/#primaryimage"},"thumbnailUrl":"https:\/\/esperancaenlinia.org\/wp-content\/uploads\/2025\/01\/esperancaenlinia-xat_suport_emocional_jove-1024x576.jpg","datePublished":"2025-06-18T16:05:50+00:00","dateModified":"2025-11-20T09:16:04+00:00","breadcrumb":{"@id":"https:\/\/esperancaenlinia.org\/avis-legal\/#breadcrumb"},"inLanguage":"en-GB","potentialAction":[{"@type":"ReadAction","target":["https:\/\/esperancaenlinia.org\/avis-legal\/"]}]},{"@type":"ImageObject","inLanguage":"en-GB","@id":"https:\/\/esperancaenlinia.org\/avis-legal\/#primaryimage","url":"https:\/\/esperancaenlinia.org\/wp-content\/uploads\/2025\/01\/esperancaenlinia-xat_suport_emocional_jove-1024x576.jpg","contentUrl":"https:\/\/esperancaenlinia.org\/wp-content\/uploads\/2025\/01\/esperancaenlinia-xat_suport_emocional_jove-1024x576.jpg"},{"@type":"BreadcrumbList","@id":"https:\/\/esperancaenlinia.org\/avis-legal\/#breadcrumb","itemListElement":[{"@type":"ListItem","position":1,"name":"Portada","item":"https:\/\/esperancaenlinia.org\/"},{"@type":"ListItem","position":2,"name":"Avis Legal"}]},{"@type":"WebSite","@id":"https:\/\/esperancaenlinia.org\/#website","url":"https:\/\/esperancaenlinia.org\/","name":"Fundaci\u00f3n Ajuda i Esperan\u00e7a","description":"","publisher":{"@id":"https:\/\/esperancaenlinia.org\/#organization"},"potentialAction":[{"@type":"SearchAction","target":{"@type":"EntryPoint","urlTemplate":"https:\/\/esperancaenlinia.org\/?s={search_term_string}"},"query-input":{"@type":"PropertyValueSpecification","valueRequired":true,"valueName":"search_term_string"}}],"inLanguage":"en-GB"},{"@type":"Organization","@id":"https:\/\/esperancaenlinia.org\/#organization","name":"Fundaci\u00f3n Ajuda i Esperan\u00e7a","url":"https:\/\/esperancaenlinia.org\/","logo":{"@type":"ImageObject","inLanguage":"en-GB","@id":"https:\/\/esperancaenlinia.org\/#\/schema\/logo\/image\/","url":"https:\/\/esperancaenlinia.org\/wp-content\/uploads\/2024\/04\/logo-1.png","contentUrl":"https:\/\/esperancaenlinia.org\/wp-content\/uploads\/2024\/04\/logo-1.png","width":662,"height":200,"caption":"Fundaci\u00f3n Ajuda i Esperan\u00e7a"},"image":{"@id":"https:\/\/esperancaenlinia.org\/#\/schema\/logo\/image\/"}}]}},"_links":{"self":[{"href":"https:\/\/esperancaenlinia.org\/en\/wp-json\/wp\/v2\/pages\/4740","targetHints":{"allow":["GET"]}}],"collection":[{"href":"https:\/\/esperancaenlinia.org\/en\/wp-json\/wp\/v2\/pages"}],"about":[{"href":"https:\/\/esperancaenlinia.org\/en\/wp-json\/wp\/v2\/types\/page"}],"author":[{"embeddable":true,"href":"https:\/\/esperancaenlinia.org\/en\/wp-json\/wp\/v2\/users\/2"}],"replies":[{"embeddable":true,"href":"https:\/\/esperancaenlinia.org\/en\/wp-json\/wp\/v2\/comments?post=4740"}],"version-history":[{"count":27,"href":"https:\/\/esperancaenlinia.org\/en\/wp-json\/wp\/v2\/pages\/4740\/revisions"}],"predecessor-version":[{"id":5330,"href":"https:\/\/esperancaenlinia.org\/en\/wp-json\/wp\/v2\/pages\/4740\/revisions\/5330"}],"wp:attachment":[{"href":"https:\/\/esperancaenlinia.org\/en\/wp-json\/wp\/v2\/media?parent=4740"}],"curies":[{"name":"wp","href":"https:\/\/api.w.org\/{rel}","templated":true}]}}