{"id":7970,"date":"2026-04-13T13:44:25","date_gmt":"2026-04-13T11:44:25","guid":{"rendered":"https:\/\/esperancaenlinia.org\/?page_id=7970"},"modified":"2026-04-14T17:00:41","modified_gmt":"2026-04-14T15:00:41","slug":"patrocini-serveis-i-esdeveniments","status":"publish","type":"page","link":"https:\/\/esperancaenlinia.org\/en\/patrocini-serveis-i-esdeveniments\/","title":{"rendered":"Patrocini de serveis i esdeveniments"},"content":{"rendered":"\t\t<div data-elementor-type=\"wp-page\" data-elementor-id=\"7970\" class=\"elementor elementor-7970\" data-elementor-post-type=\"page\">\n\t\t\t\t<div class=\"elementor-element elementor-element-60acf2b e-flex e-con-boxed e-con e-parent\" data-id=\"60acf2b\" data-element_type=\"container\" data-e-type=\"container\" data-settings=\"{&quot;background_background&quot;:&quot;classic&quot;}\">\n\t\t\t\t\t<div class=\"e-con-inner\">\n\t\t\t\t<div class=\"elementor-element elementor-element-2eb3f8c3 elementor-widget elementor-widget-heading\" data-id=\"2eb3f8c3\" data-element_type=\"widget\" data-e-type=\"widget\" data-widget_type=\"heading.default\">\n\t\t\t\t<div class=\"elementor-widget-container\">\n\t\t\t\t\t<p class=\"elementor-heading-title elementor-size-default\">Inici | Empreses amb esperan\u00e7a<\/p>\t\t\t\t<\/div>\n\t\t\t\t<\/div>\n\t\t\t\t<div class=\"elementor-element elementor-element-6e793dc9 elementor-widget__width-inherit elementor-widget elementor-widget-heading\" data-id=\"6e793dc9\" data-element_type=\"widget\" data-e-type=\"widget\" data-widget_type=\"heading.default\">\n\t\t\t\t<div class=\"elementor-widget-container\">\n\t\t\t\t\t<h2 class=\"elementor-heading-title elementor-size-default\">Patrocini de serveis i esdeveniments<\/h2>\t\t\t\t<\/div>\n\t\t\t\t<\/div>\n\t\t\t\t\t<\/div>\n\t\t\t\t<\/div>\n\t\t<div class=\"elementor-element elementor-element-5d3729e7 e-flex e-con-boxed e-con e-parent\" data-id=\"5d3729e7\" data-element_type=\"container\" data-e-type=\"container\" data-settings=\"{&quot;background_background&quot;:&quot;classic&quot;}\">\n\t\t\t\t\t<div class=\"e-con-inner\">\n\t\t<div class=\"elementor-element elementor-element-f444245 e-con-full e-flex e-con e-child\" data-id=\"f444245\" data-element_type=\"container\" data-e-type=\"container\">\n\t\t\t\t<div class=\"elementor-element elementor-element-17d4ac76 elementor-widget__width-initial elementor-widget elementor-widget-heading\" data-id=\"17d4ac76\" data-element_type=\"widget\" data-e-type=\"widget\" data-widget_type=\"heading.default\">\n\t\t\t\t<div class=\"elementor-widget-container\">\n\t\t\t\t\t<h2 class=\"elementor-heading-title elementor-size-default\">Patrocini de serveis i esdeveniments<\/h2>\t\t\t\t<\/div>\n\t\t\t\t<\/div>\n\t\t\t\t<div class=\"elementor-element elementor-element-55643f99 elementor-widget__width-initial elementor-widget elementor-widget-heading\" data-id=\"55643f99\" data-element_type=\"widget\" data-e-type=\"widget\" data-widget_type=\"heading.default\">\n\t\t\t\t<div class=\"elementor-widget-container\">\n\t\t\t\t\t<p class=\"elementor-heading-title elementor-size-default\">Associa la teva marca a un dels projectes amb m\u00e9s hist\u00f2ria d\u2019Esperan\u00e7a en l\u00ednia:<\/p>\t\t\t\t<\/div>\n\t\t\t\t<\/div>\n\t\t<div class=\"elementor-element elementor-element-7a773a59 e-con-full e-flex e-con e-child\" data-id=\"7a773a59\" data-element_type=\"container\" data-e-type=\"container\" data-settings=\"{&quot;background_background&quot;:&quot;classic&quot;}\">\n\t\t\t\t<div class=\"elementor-element elementor-element-a613159 elementor-widget__width-initial elementor-widget elementor-widget-image\" data-id=\"a613159\" data-element_type=\"widget\" data-e-type=\"widget\" data-widget_type=\"image.default\">\n\t\t\t\t<div class=\"elementor-widget-container\">\n\t\t\t\t\t\t\t\t\t\t\t\t\t\t\t<img decoding=\"async\" width=\"98\" height=\"98\" src=\"https:\/\/esperancaenlinia.org\/wp-content\/uploads\/2026\/04\/Playground-presentacions-ppt-14.png\" class=\"attachment-large size-large wp-image-8045\" alt=\"\" srcset=\"https:\/\/esperancaenlinia.org\/wp-content\/uploads\/2026\/04\/Playground-presentacions-ppt-14.png 98w, https:\/\/esperancaenlinia.org\/wp-content\/uploads\/2026\/04\/Playground-presentacions-ppt-14-12x12.png 12w\" sizes=\"(max-width: 98px) 100vw, 98px\" \/>\t\t\t\t\t\t\t\t\t\t\t\t\t\t\t<\/div>\n\t\t\t\t<\/div>\n\t\t\t\t<div class=\"elementor-element elementor-element-103a94c9 elementor-widget__width-inherit elementor-widget elementor-widget-heading\" data-id=\"103a94c9\" data-element_type=\"widget\" data-e-type=\"widget\" data-widget_type=\"heading.default\">\n\t\t\t\t<div class=\"elementor-widget-container\">\n\t\t\t\t\t<p class=\"elementor-heading-title elementor-size-default\">APADRINA EL TEL\u00c8FON DE L'ESPERAN\u00c7A<\/p>\t\t\t\t<\/div>\n\t\t\t\t<\/div>\n\t\t\t\t<div class=\"elementor-element elementor-element-5105d4d3 elementor-widget__width-initial elementor-widget elementor-widget-heading\" data-id=\"5105d4d3\" data-element_type=\"widget\" data-e-type=\"widget\" data-widget_type=\"heading.default\">\n\t\t\t\t<div class=\"elementor-widget-container\">\n\t\t\t\t\t<p class=\"elementor-heading-title elementor-size-default\">Servei pioner que at\u00e9n m\u00e9s de 30.000 converses anuals.<\/p>\t\t\t\t<\/div>\n\t\t\t\t<\/div>\n\t\t\t\t<\/div>\n\t\t<div class=\"elementor-element elementor-element-1a3cd8e5 e-con-full e-flex e-con e-child\" data-id=\"1a3cd8e5\" data-element_type=\"container\" data-e-type=\"container\" data-settings=\"{&quot;background_background&quot;:&quot;classic&quot;}\">\n\t\t\t\t<div class=\"elementor-element elementor-element-8f3d28e elementor-widget__width-initial elementor-widget elementor-widget-image\" data-id=\"8f3d28e\" data-element_type=\"widget\" data-e-type=\"widget\" data-widget_type=\"image.default\">\n\t\t\t\t<div class=\"elementor-widget-container\">\n\t\t\t\t\t\t\t\t\t\t\t\t\t\t\t<img decoding=\"async\" width=\"98\" height=\"96\" src=\"https:\/\/esperancaenlinia.org\/wp-content\/uploads\/2026\/04\/Playground-presentacions-ppt-42.png\" class=\"attachment-large size-large wp-image-8046\" alt=\"\" srcset=\"https:\/\/esperancaenlinia.org\/wp-content\/uploads\/2026\/04\/Playground-presentacions-ppt-42.png 98w, https:\/\/esperancaenlinia.org\/wp-content\/uploads\/2026\/04\/Playground-presentacions-ppt-42-12x12.png 12w\" sizes=\"(max-width: 98px) 100vw, 98px\" \/>\t\t\t\t\t\t\t\t\t\t\t\t\t\t\t<\/div>\n\t\t\t\t<\/div>\n\t\t\t\t<div class=\"elementor-element elementor-element-749e6fff elementor-widget__width-inherit elementor-widget elementor-widget-heading\" data-id=\"749e6fff\" data-element_type=\"widget\" data-e-type=\"widget\" data-widget_type=\"heading.default\">\n\t\t\t\t<div class=\"elementor-widget-container\">\n\t\t\t\t\t<p class=\"elementor-heading-title elementor-size-default\">PATROCINI D'ACTES<\/p>\t\t\t\t<\/div>\n\t\t\t\t<\/div>\n\t\t\t\t<div class=\"elementor-element elementor-element-79a26397 elementor-widget__width-initial elementor-widget elementor-widget-heading\" data-id=\"79a26397\" data-element_type=\"widget\" data-e-type=\"widget\" data-widget_type=\"heading.default\">\n\t\t\t\t<div class=\"elementor-widget-container\">\n\t\t\t\t\t<p class=\"elementor-heading-title elementor-size-default\">Pres\u00e8ncia destacada en jornades, formacions i activitats amb cobertura medi\u00e0tica.<\/p>\t\t\t\t<\/div>\n\t\t\t\t<\/div>\n\t\t\t\t<\/div>\n\t\t\t\t<\/div>\n\t\t<div class=\"elementor-element elementor-element-5c0fd481 e-con-full e-flex e-con e-child\" data-id=\"5c0fd481\" data-element_type=\"container\" data-e-type=\"container\">\n\t\t\t\t<div class=\"elementor-element elementor-element-49e205d elementor-widget__width-initial elementor-widget elementor-widget-image\" data-id=\"49e205d\" data-element_type=\"widget\" data-e-type=\"widget\" data-widget_type=\"image.default\">\n\t\t\t\t<div class=\"elementor-widget-container\">\n\t\t\t\t\t\t\t\t\t\t\t\t\t\t\t<img fetchpriority=\"high\" decoding=\"async\" width=\"1024\" height=\"1024\" src=\"https:\/\/esperancaenlinia.org\/wp-content\/uploads\/2026\/04\/TE-1024x1024.jpg\" class=\"attachment-large size-large wp-image-8041\" alt=\"\" srcset=\"https:\/\/esperancaenlinia.org\/wp-content\/uploads\/2026\/04\/TE-1024x1024.jpg 1024w, https:\/\/esperancaenlinia.org\/wp-content\/uploads\/2026\/04\/TE-300x300.jpg 300w, https:\/\/esperancaenlinia.org\/wp-content\/uploads\/2026\/04\/TE-150x150.jpg 150w, https:\/\/esperancaenlinia.org\/wp-content\/uploads\/2026\/04\/TE-768x768.jpg 768w, https:\/\/esperancaenlinia.org\/wp-content\/uploads\/2026\/04\/TE-1536x1536.jpg 1536w, https:\/\/esperancaenlinia.org\/wp-content\/uploads\/2026\/04\/TE-2048x2048.jpg 2048w, https:\/\/esperancaenlinia.org\/wp-content\/uploads\/2026\/04\/TE-12x12.jpg 12w, https:\/\/esperancaenlinia.org\/wp-content\/uploads\/2026\/04\/TE-600x600.jpg 600w, https:\/\/esperancaenlinia.org\/wp-content\/uploads\/2026\/04\/TE-100x100.jpg 100w\" sizes=\"(max-width: 1024px) 100vw, 1024px\" \/>\t\t\t\t\t\t\t\t\t\t\t\t\t\t\t<\/div>\n\t\t\t\t<\/div>\n\t\t\t\t<\/div>\n\t\t\t\t\t<\/div>\n\t\t\t\t<\/div>\n\t\t<div class=\"elementor-element elementor-element-93aa741 e-flex e-con-boxed e-con e-parent\" data-id=\"93aa741\" data-element_type=\"container\" data-e-type=\"container\" data-settings=\"{&quot;background_background&quot;:&quot;classic&quot;}\">\n\t\t\t\t\t<div class=\"e-con-inner\">\n\t\t<div class=\"elementor-element elementor-element-61de7467 e-con-full e-flex e-con e-child\" data-id=\"61de7467\" data-element_type=\"container\" data-e-type=\"container\" data-settings=\"{&quot;background_background&quot;:&quot;classic&quot;}\">\n\t\t<div class=\"elementor-element elementor-element-64d1927 e-con-full e-flex e-con e-child\" data-id=\"64d1927\" data-element_type=\"container\" data-e-type=\"container\">\n\t\t\t\t<div class=\"elementor-element elementor-element-66484eed elementor-widget__width-inherit elementor-widget elementor-widget-heading\" data-id=\"66484eed\" data-element_type=\"widget\" data-e-type=\"widget\" data-widget_type=\"heading.default\">\n\t\t\t\t<div class=\"elementor-widget-container\">\n\t\t\t\t\t<p class=\"elementor-heading-title elementor-size-default\">SOL\u00b7LICITAR UNA PROPOSTA DE COL\u00b7LABORACI\u00d3<\/p>\t\t\t\t<\/div>\n\t\t\t\t<\/div>\n\t\t\t\t<div class=\"elementor-element elementor-element-3bd6a518 elementor-widget__width-initial elementor-widget elementor-widget-heading\" data-id=\"3bd6a518\" data-element_type=\"widget\" data-e-type=\"widget\" data-widget_type=\"heading.default\">\n\t\t\t\t<div class=\"elementor-widget-container\">\n\t\t\t\t\t<h2 class=\"elementor-heading-title elementor-size-default\">Constru\u00efm junts una societat amb esperan\u00e7a<\/h2>\t\t\t\t<\/div>\n\t\t\t\t<\/div>\n\t\t\t\t<div class=\"elementor-element elementor-element-38fb2a83 elementor-widget__width-initial elementor-widget elementor-widget-heading\" data-id=\"38fb2a83\" data-element_type=\"widget\" data-e-type=\"widget\" data-widget_type=\"heading.default\">\n\t\t\t\t<div class=\"elementor-widget-container\">\n\t\t\t\t\t<p class=\"elementor-heading-title elementor-size-default\">Estem a la teva disposici\u00f3 per dissenyar una proposta de col\u00b7laboraci\u00f3 a mida que s'ajusti als valors i objectius de la teva organitzaci\u00f3.<\/p>\t\t\t\t<\/div>\n\t\t\t\t<\/div>\n\t\t\t\t<\/div>\n\t\t<div class=\"elementor-element elementor-element-77abb336 e-con-full e-flex e-con e-child\" data-id=\"77abb336\" data-element_type=\"container\" data-e-type=\"container\">\n\t\t\t\t<div class=\"elementor-element elementor-element-7782a739 elementor-button-align-start elementor-mobile-button-align-stretch elementor-widget elementor-widget-form\" data-id=\"7782a739\" data-element_type=\"widget\" data-e-type=\"widget\" data-settings=\"{&quot;step_next_label&quot;:&quot;Next&quot;,&quot;step_previous_label&quot;:&quot;Previous&quot;,&quot;button_width&quot;:&quot;100&quot;,&quot;step_type&quot;:&quot;number_text&quot;,&quot;step_icon_shape&quot;:&quot;circle&quot;}\" data-widget_type=\"form.default\">\n\t\t\t\t<div class=\"elementor-widget-container\">\n\t\t\t\t\t\t\t<form class=\"elementor-form\" method=\"post\" name=\"New Form\">\n\t\t\t<input type=\"hidden\" name=\"post_id\" value=\"7970\"\/>\n\t\t\t<input type=\"hidden\" name=\"form_id\" value=\"7782a739\"\/>\n\t\t\t<input type=\"hidden\" name=\"referer_title\" value=\"Patrocini de serveis i esdeveniments - Fundaci\u00f3n Ajuda i Esperan\u00e7a\" \/>\n\n\t\t\t\t\t\t\t<input type=\"hidden\" name=\"queried_id\" value=\"7970\"\/>\n\t\t\t\n\t\t\t<div class=\"elementor-form-fields-wrapper elementor-labels-\">\n\t\t\t\t\t\t\t\t<div class=\"elementor-field-type-text elementor-field-group elementor-column elementor-field-group-field_645f3b5 elementor-col-100 elementor-field-required\">\n\t\t\t\t\t\t\t\t\t\t\t\t<label for=\"form-field-field_645f3b5\" class=\"elementor-field-label elementor-screen-only\">\n\t\t\t\t\t\t\t\tNom i Cognom\t\t\t\t\t\t\t<\/label>\n\t\t\t\t\t\t\t\t\t\t\t\t\t\t<input size=\"1\" type=\"text\" name=\"form_fields[field_645f3b5]\" id=\"form-field-field_645f3b5\" class=\"elementor-field elementor-size-sm  elementor-field-textual\" placeholder=\"Nom i Cognom\" required=\"required\">\n\t\t\t\t\t\t\t\t\t\t\t<\/div>\n\t\t\t\t\t\t\t\t<div class=\"elementor-field-type-email elementor-field-group elementor-column elementor-field-group-field_198266f elementor-col-100 elementor-field-required\">\n\t\t\t\t\t\t\t\t\t\t\t\t<label for=\"form-field-field_198266f\" class=\"elementor-field-label elementor-screen-only\">\n\t\t\t\t\t\t\t\tCorreu electr\u00f2nic\t\t\t\t\t\t\t<\/label>\n\t\t\t\t\t\t\t\t\t\t\t\t\t\t<input size=\"1\" type=\"email\" name=\"form_fields[field_198266f]\" id=\"form-field-field_198266f\" class=\"elementor-field elementor-size-sm  elementor-field-textual\" placeholder=\"Correu electr\u00f2nic\" required=\"required\">\n\t\t\t\t\t\t\t\t\t\t\t<\/div>\n\t\t\t\t\t\t\t\t<div class=\"elementor-field-type-textarea elementor-field-group elementor-column elementor-field-group-field_289a011 elementor-col-100\">\n\t\t\t\t\t\t\t\t\t\t\t\t<label for=\"form-field-field_289a011\" class=\"elementor-field-label elementor-screen-only\">\n\t\t\t\t\t\t\t\tMissatge\t\t\t\t\t\t\t<\/label>\n\t\t\t\t\t\t<textarea class=\"elementor-field-textual elementor-field  elementor-size-sm\" name=\"form_fields[field_289a011]\" id=\"form-field-field_289a011\" rows=\"4\" placeholder=\"Missatge\"><\/textarea>\t\t\t\t<\/div>\n\t\t\t\t\t\t\t\t<div class=\"elementor-field-group elementor-column elementor-field-type-submit elementor-col-100 e-form__buttons\">\n\t\t\t\t\t<button class=\"elementor-button elementor-size-sm\" type=\"submit\">\n\t\t\t\t\t\t<span class=\"elementor-button-content-wrapper\">\n\t\t\t\t\t\t\t\t\t\t\t\t\t\t\t\t\t\t\t\t\t\t<span class=\"elementor-button-text\">Enviar<\/span>\n\t\t\t\t\t\t\t\t\t\t\t\t\t<\/span>\n\t\t\t\t\t<\/button>\n\t\t\t\t<\/div>\n\t\t\t<\/div>\n\t\t<\/form>\n\t\t\t\t\t\t<\/div>\n\t\t\t\t<\/div>\n\t\t\t\t<\/div>\n\t\t\t\t<\/div>\n\t\t\t\t\t<\/div>\n\t\t\t\t<\/div>\n\t\t\t\t<\/div>\n\t\t","protected":false},"excerpt":{"rendered":"<p>Inici | Empreses amb esperan\u00e7a Patrocini de serveis i esdeveniments Patrocini de serveis i esdeveniments Associa la teva marca a un dels projectes amb m\u00e9s hist\u00f2ria d\u2019Esperan\u00e7a en l\u00ednia: APADRINA EL TEL\u00c8FON DE L&#8217;ESPERAN\u00c7A Servei pioner que at\u00e9n m\u00e9s de 30.000 converses anuals. PATROCINI D&#8217;ACTES Pres\u00e8ncia destacada en jornades, formacions i activitats amb cobertura medi\u00e0tica.&hellip;&nbsp;<a href=\"https:\/\/esperancaenlinia.org\/en\/patrocini-serveis-i-esdeveniments\/\" rel=\"bookmark\"><span class=\"screen-reader-text\">Patrocini de serveis i esdeveniments<\/span><\/a><\/p>","protected":false},"author":4,"featured_media":0,"parent":0,"menu_order":0,"comment_status":"closed","ping_status":"closed","template":"elementor_header_footer","meta":{"neve_meta_sidebar":"","neve_meta_container":"","neve_meta_enable_content_width":"off","neve_meta_content_width":100,"neve_meta_title_alignment":"","neve_meta_author_avatar":"","neve_post_elements_order":"","neve_meta_disable_header":"","neve_meta_disable_footer":"","neve_meta_disable_title":"","footnotes":""},"class_list":["post-7970","page","type-page","status-publish","hentry"],"yoast_head":"<!-- This site is optimized with the Yoast SEO plugin v27.1.1 - https:\/\/yoast.com\/product\/yoast-seo-wordpress\/ -->\n<title>Patrocini de serveis i esdeveniments - Fundaci\u00f3n Ajuda i Esperan\u00e7a<\/title>\n<meta name=\"description\" content=\"Estem a la teva disposici\u00f3 per dissenyar una col\u00b7laboraci\u00f3 que s&#039;ajusti a la teva organitzaci\u00f3. Sol\u00b7licita una proposta!\" \/>\n<meta name=\"robots\" content=\"index, follow, max-snippet:-1, max-image-preview:large, max-video-preview:-1\" \/>\n<link rel=\"canonical\" href=\"https:\/\/esperancaenlinia.org\/en\/patrocini-serveis-i-esdeveniments\/\" \/>\n<meta property=\"og:locale\" content=\"en_GB\" \/>\n<meta property=\"og:type\" content=\"article\" \/>\n<meta property=\"og:title\" content=\"Patrocini de serveis i esdeveniments - Fundaci\u00f3n Ajuda i Esperan\u00e7a\" \/>\n<meta property=\"og:description\" content=\"Estem a la teva disposici\u00f3 per dissenyar una col\u00b7laboraci\u00f3 que s&#039;ajusti a la teva organitzaci\u00f3. Sol\u00b7licita una proposta!\" \/>\n<meta property=\"og:url\" content=\"https:\/\/esperancaenlinia.org\/en\/patrocini-serveis-i-esdeveniments\/\" \/>\n<meta property=\"og:site_name\" content=\"Fundaci\u00f3n Ajuda i Esperan\u00e7a\" \/>\n<meta property=\"article:modified_time\" content=\"2026-04-14T15:00:41+00:00\" \/>\n<meta property=\"og:image\" content=\"https:\/\/esperancaenlinia.org\/wp-content\/uploads\/2026\/04\/Playground-presentacions-ppt-14.png\" \/>\n\t<meta property=\"og:image:width\" content=\"98\" \/>\n\t<meta property=\"og:image:height\" content=\"98\" \/>\n\t<meta property=\"og:image:type\" content=\"image\/png\" \/>\n<meta name=\"twitter:card\" content=\"summary_large_image\" \/>\n<meta name=\"twitter:label1\" content=\"Estimated reading time\" \/>\n\t<meta name=\"twitter:data1\" content=\"1 minute\" \/>\n<script type=\"application\/ld+json\" class=\"yoast-schema-graph\">{\"@context\":\"https:\/\/schema.org\",\"@graph\":[{\"@type\":\"WebPage\",\"@id\":\"https:\/\/esperancaenlinia.org\/patrocini-serveis-i-esdeveniments\/\",\"url\":\"https:\/\/esperancaenlinia.org\/patrocini-serveis-i-esdeveniments\/\",\"name\":\"Patrocini de serveis i esdeveniments - Fundaci\u00f3n Ajuda i Esperan\u00e7a\",\"isPartOf\":{\"@id\":\"https:\/\/esperancaenlinia.org\/#website\"},\"primaryImageOfPage\":{\"@id\":\"https:\/\/esperancaenlinia.org\/patrocini-serveis-i-esdeveniments\/#primaryimage\"},\"image\":{\"@id\":\"https:\/\/esperancaenlinia.org\/patrocini-serveis-i-esdeveniments\/#primaryimage\"},\"thumbnailUrl\":\"https:\/\/esperancaenlinia.org\/wp-content\/uploads\/2026\/04\/Playground-presentacions-ppt-14.png\",\"datePublished\":\"2026-04-13T11:44:25+00:00\",\"dateModified\":\"2026-04-14T15:00:41+00:00\",\"description\":\"Estem a la teva disposici\u00f3 per dissenyar una col\u00b7laboraci\u00f3 que s'ajusti a la teva organitzaci\u00f3. Sol\u00b7licita una proposta!\",\"breadcrumb\":{\"@id\":\"https:\/\/esperancaenlinia.org\/patrocini-serveis-i-esdeveniments\/#breadcrumb\"},\"inLanguage\":\"en-GB\",\"potentialAction\":[{\"@type\":\"ReadAction\",\"target\":[\"https:\/\/esperancaenlinia.org\/patrocini-serveis-i-esdeveniments\/\"]}]},{\"@type\":\"ImageObject\",\"inLanguage\":\"en-GB\",\"@id\":\"https:\/\/esperancaenlinia.org\/patrocini-serveis-i-esdeveniments\/#primaryimage\",\"url\":\"https:\/\/esperancaenlinia.org\/wp-content\/uploads\/2026\/04\/Playground-presentacions-ppt-14.png\",\"contentUrl\":\"https:\/\/esperancaenlinia.org\/wp-content\/uploads\/2026\/04\/Playground-presentacions-ppt-14.png\"},{\"@type\":\"BreadcrumbList\",\"@id\":\"https:\/\/esperancaenlinia.org\/patrocini-serveis-i-esdeveniments\/#breadcrumb\",\"itemListElement\":[{\"@type\":\"ListItem\",\"position\":1,\"name\":\"Portada\",\"item\":\"https:\/\/esperancaenlinia.org\/\"},{\"@type\":\"ListItem\",\"position\":2,\"name\":\"Patrocini de serveis i esdeveniments\"}]},{\"@type\":\"WebSite\",\"@id\":\"https:\/\/esperancaenlinia.org\/#website\",\"url\":\"https:\/\/esperancaenlinia.org\/\",\"name\":\"Fundaci\u00f3n Ajuda i Esperan\u00e7a\",\"description\":\"\",\"publisher\":{\"@id\":\"https:\/\/esperancaenlinia.org\/#organization\"},\"potentialAction\":[{\"@type\":\"SearchAction\",\"target\":{\"@type\":\"EntryPoint\",\"urlTemplate\":\"https:\/\/esperancaenlinia.org\/?s={search_term_string}\"},\"query-input\":{\"@type\":\"PropertyValueSpecification\",\"valueRequired\":true,\"valueName\":\"search_term_string\"}}],\"inLanguage\":\"en-GB\"},{\"@type\":\"Organization\",\"@id\":\"https:\/\/esperancaenlinia.org\/#organization\",\"name\":\"Fundaci\u00f3n Ajuda i Esperan\u00e7a\",\"url\":\"https:\/\/esperancaenlinia.org\/\",\"logo\":{\"@type\":\"ImageObject\",\"inLanguage\":\"en-GB\",\"@id\":\"https:\/\/esperancaenlinia.org\/#\/schema\/logo\/image\/\",\"url\":\"https:\/\/esperancaenlinia.org\/wp-content\/uploads\/2024\/04\/logo-1.png\",\"contentUrl\":\"https:\/\/esperancaenlinia.org\/wp-content\/uploads\/2024\/04\/logo-1.png\",\"width\":662,\"height\":200,\"caption\":\"Fundaci\u00f3n Ajuda i Esperan\u00e7a\"},\"image\":{\"@id\":\"https:\/\/esperancaenlinia.org\/#\/schema\/logo\/image\/\"}}]}<\/script>\n<!-- \/ Yoast SEO plugin. -->","yoast_head_json":{"title":"Patrocini de serveis i esdeveniments - Fundaci\u00f3n Ajuda i Esperan\u00e7a","description":"Estem a la teva disposici\u00f3 per dissenyar una col\u00b7laboraci\u00f3 que s'ajusti a la teva organitzaci\u00f3. Sol\u00b7licita una proposta!","robots":{"index":"index","follow":"follow","max-snippet":"max-snippet:-1","max-image-preview":"max-image-preview:large","max-video-preview":"max-video-preview:-1"},"canonical":"https:\/\/esperancaenlinia.org\/en\/patrocini-serveis-i-esdeveniments\/","og_locale":"en_GB","og_type":"article","og_title":"Patrocini de serveis i esdeveniments - Fundaci\u00f3n Ajuda i Esperan\u00e7a","og_description":"Estem a la teva disposici\u00f3 per dissenyar una col\u00b7laboraci\u00f3 que s'ajusti a la teva organitzaci\u00f3. Sol\u00b7licita una proposta!","og_url":"https:\/\/esperancaenlinia.org\/en\/patrocini-serveis-i-esdeveniments\/","og_site_name":"Fundaci\u00f3n Ajuda i Esperan\u00e7a","article_modified_time":"2026-04-14T15:00:41+00:00","og_image":[{"width":98,"height":98,"url":"https:\/\/esperancaenlinia.org\/wp-content\/uploads\/2026\/04\/Playground-presentacions-ppt-14.png","type":"image\/png"}],"twitter_card":"summary_large_image","twitter_misc":{"Estimated reading time":"1 minute"},"schema":{"@context":"https:\/\/schema.org","@graph":[{"@type":"WebPage","@id":"https:\/\/esperancaenlinia.org\/patrocini-serveis-i-esdeveniments\/","url":"https:\/\/esperancaenlinia.org\/patrocini-serveis-i-esdeveniments\/","name":"Patrocini de serveis i esdeveniments - Fundaci\u00f3n Ajuda i Esperan\u00e7a","isPartOf":{"@id":"https:\/\/esperancaenlinia.org\/#website"},"primaryImageOfPage":{"@id":"https:\/\/esperancaenlinia.org\/patrocini-serveis-i-esdeveniments\/#primaryimage"},"image":{"@id":"https:\/\/esperancaenlinia.org\/patrocini-serveis-i-esdeveniments\/#primaryimage"},"thumbnailUrl":"https:\/\/esperancaenlinia.org\/wp-content\/uploads\/2026\/04\/Playground-presentacions-ppt-14.png","datePublished":"2026-04-13T11:44:25+00:00","dateModified":"2026-04-14T15:00:41+00:00","description":"Estem a la teva disposici\u00f3 per dissenyar una col\u00b7laboraci\u00f3 que s'ajusti a la teva organitzaci\u00f3. Sol\u00b7licita una proposta!","breadcrumb":{"@id":"https:\/\/esperancaenlinia.org\/patrocini-serveis-i-esdeveniments\/#breadcrumb"},"inLanguage":"en-GB","potentialAction":[{"@type":"ReadAction","target":["https:\/\/esperancaenlinia.org\/patrocini-serveis-i-esdeveniments\/"]}]},{"@type":"ImageObject","inLanguage":"en-GB","@id":"https:\/\/esperancaenlinia.org\/patrocini-serveis-i-esdeveniments\/#primaryimage","url":"https:\/\/esperancaenlinia.org\/wp-content\/uploads\/2026\/04\/Playground-presentacions-ppt-14.png","contentUrl":"https:\/\/esperancaenlinia.org\/wp-content\/uploads\/2026\/04\/Playground-presentacions-ppt-14.png"},{"@type":"BreadcrumbList","@id":"https:\/\/esperancaenlinia.org\/patrocini-serveis-i-esdeveniments\/#breadcrumb","itemListElement":[{"@type":"ListItem","position":1,"name":"Portada","item":"https:\/\/esperancaenlinia.org\/"},{"@type":"ListItem","position":2,"name":"Patrocini de serveis i esdeveniments"}]},{"@type":"WebSite","@id":"https:\/\/esperancaenlinia.org\/#website","url":"https:\/\/esperancaenlinia.org\/","name":"Fundaci\u00f3n Ajuda i Esperan\u00e7a","description":"","publisher":{"@id":"https:\/\/esperancaenlinia.org\/#organization"},"potentialAction":[{"@type":"SearchAction","target":{"@type":"EntryPoint","urlTemplate":"https:\/\/esperancaenlinia.org\/?s={search_term_string}"},"query-input":{"@type":"PropertyValueSpecification","valueRequired":true,"valueName":"search_term_string"}}],"inLanguage":"en-GB"},{"@type":"Organization","@id":"https:\/\/esperancaenlinia.org\/#organization","name":"Fundaci\u00f3n Ajuda i Esperan\u00e7a","url":"https:\/\/esperancaenlinia.org\/","logo":{"@type":"ImageObject","inLanguage":"en-GB","@id":"https:\/\/esperancaenlinia.org\/#\/schema\/logo\/image\/","url":"https:\/\/esperancaenlinia.org\/wp-content\/uploads\/2024\/04\/logo-1.png","contentUrl":"https:\/\/esperancaenlinia.org\/wp-content\/uploads\/2024\/04\/logo-1.png","width":662,"height":200,"caption":"Fundaci\u00f3n Ajuda i Esperan\u00e7a"},"image":{"@id":"https:\/\/esperancaenlinia.org\/#\/schema\/logo\/image\/"}}]}},"_links":{"self":[{"href":"https:\/\/esperancaenlinia.org\/en\/wp-json\/wp\/v2\/pages\/7970","targetHints":{"allow":["GET"]}}],"collection":[{"href":"https:\/\/esperancaenlinia.org\/en\/wp-json\/wp\/v2\/pages"}],"about":[{"href":"https:\/\/esperancaenlinia.org\/en\/wp-json\/wp\/v2\/types\/page"}],"author":[{"embeddable":true,"href":"https:\/\/esperancaenlinia.org\/en\/wp-json\/wp\/v2\/users\/4"}],"replies":[{"embeddable":true,"href":"https:\/\/esperancaenlinia.org\/en\/wp-json\/wp\/v2\/comments?post=7970"}],"version-history":[{"count":17,"href":"https:\/\/esperancaenlinia.org\/en\/wp-json\/wp\/v2\/pages\/7970\/revisions"}],"predecessor-version":[{"id":8055,"href":"https:\/\/esperancaenlinia.org\/en\/wp-json\/wp\/v2\/pages\/7970\/revisions\/8055"}],"wp:attachment":[{"href":"https:\/\/esperancaenlinia.org\/en\/wp-json\/wp\/v2\/media?parent=7970"}],"curies":[{"name":"wp","href":"https:\/\/api.w.org\/{rel}","templated":true}]}}