{"id":3471,"date":"2025-03-11T09:24:54","date_gmt":"2025-03-11T08:24:54","guid":{"rendered":"https:\/\/esperancaenlinia.org\/?post_type=product&#038;p=3471"},"modified":"2026-03-05T10:02:40","modified_gmt":"2026-03-05T09:02:40","slug":"dona-esperanca-donacio-recurrent-mensual","status":"publish","type":"product","link":"https:\/\/esperancaenlinia.org\/en\/product\/dona-esperanca-donacio-recurrent-mensual\/","title":{"rendered":"Give Hope: Recurring donation (monthly)"},"content":{"rendered":"<div data-elementor-type=\"product-post\" data-elementor-id=\"3471\" class=\"elementor elementor-3471\" data-elementor-post-type=\"product\">\n\t\t\t\t<div class=\"elementor-element elementor-element-0ae2435 e-flex e-con-boxed e-con e-child\" data-id=\"0ae2435\" data-element_type=\"container\" data-e-type=\"container\">\n\t\t\t\t\t<div class=\"e-con-inner\">\n\t\t\t\t<div class=\"elementor-element elementor-element-b30e8e4 elementor-widget elementor-widget-heading\" data-id=\"b30e8e4\" data-element_type=\"widget\" data-e-type=\"widget\" data-widget_type=\"heading.default\">\n\t\t\t\t<div class=\"elementor-widget-container\">\n\t\t\t\t\t<h2 class=\"elementor-heading-title elementor-size-default\">Fes una donaci\u00f3 mensual<\/h2>\t\t\t\t<\/div>\n\t\t\t\t<\/div>\n\t\t\t\t<div class=\"elementor-element elementor-element-c6c9d8b elementor-widget elementor-widget-text-editor\" data-id=\"c6c9d8b\" data-element_type=\"widget\" data-e-type=\"widget\" data-widget_type=\"text-editor.default\">\n\t\t\t\t<div class=\"elementor-widget-container\">\n\t\t\t\t\t\t\t\t\t<p>El teu comprom\u00eds mes a mes ens permet consolidar la nostra tasca d\u2019ajuda i vocaci\u00f3 de servei a la ciutadania. Gr\u00e0cies per formar part dels amics i amigues d&#8217;Esperan\u00e7a en l\u00ednia.\u00a0<\/p>\t\t\t\t\t\t\t\t<\/div>\n\t\t\t\t<\/div>\n\t\t\t\t<div class=\"elementor-element elementor-element-bba5b1c e-n-tabs-none elementor-widget elementor-widget-n-tabs\" data-id=\"bba5b1c\" data-element_type=\"widget\" data-e-type=\"widget\" data-settings=\"{&quot;horizontal_scroll&quot;:&quot;disable&quot;}\" data-widget_type=\"nested-tabs.default\">\n\t\t\t\t<div class=\"elementor-widget-container\">\n\t\t\t\t\t\t\t<div class=\"e-n-tabs\" data-widget-number=\"196762396\" aria-label=\"Tabs. Open items with Return or Space, close with Esc, and navigate with the arrow keys.\">\n\t\t\t<div class=\"e-n-tabs-heading\" role=\"tablist\">\n\t\t\t\t\t<button id=\"e-n-tab-title-1967623961\" data-tab-title-id=\"e-n-tab-title-1967623961\" class=\"e-n-tab-title\" aria-selected=\"true\" data-tab-index=\"1\" role=\"tab\" tabindex=\"0\" aria-controls=\"e-n-tab-content-1967623961\" style=\"--n-tabs-title-order: 1;\">\n\t\t\t\t\t\t<span class=\"e-n-tab-title-text\">\n\t\t\t\tTargeta banc\u00e0ria \/ Paypal\t\t\t<\/span>\n\t\t<\/button>\n\t\t\t\t\t<\/div>\n\t\t\t<div class=\"e-n-tabs-content\">\n\t\t\t\t<div id=\"e-n-tab-content-1967623961\" role=\"tabpanel\" aria-labelledby=\"e-n-tab-title-1967623961\" data-tab-index=\"1\" style=\"--n-tabs-title-order: 1;\" class=\"e-active elementor-element elementor-element-5c04a4c e-con-full e-flex e-con e-child\" data-id=\"5c04a4c\" data-element_type=\"container\" data-e-type=\"container\">\n\t\t\t\t<div class=\"elementor-element elementor-element-3545752 elementor-widget elementor-widget-text-editor\" data-id=\"3545752\" data-element_type=\"widget\" data-e-type=\"widget\" data-widget_type=\"text-editor.default\">\n\t\t\t\t<div class=\"elementor-widget-container\">\n\t\t\t\t\t\t\t\t\t<p>Tria la quantitat que vols donar de manera recurrent. Completa les teves dades en el seg\u00fcent pas i podr\u00e0s fer la teva donaci\u00f3 mitjan\u00e7ant la teva targeta o amb Paypal.\u00a0<\/p>\t\t\t\t\t\t\t\t<\/div>\n\t\t\t\t<\/div>\n\t\t\t\t<\/div>\n\t\t\t\t\t<\/div>\n\t\t<\/div>\n\t\t\t\t\t\t<\/div>\n\t\t\t\t<\/div>\n\t\t\t\t\t<\/div>\n\t\t\t\t<\/div>\n\t\t\t\t<\/div>","protected":false},"excerpt":{"rendered":"<p>Fes una donaci\u00f3 mensual El teu comprom\u00eds mes a mes ens permet consolidar la nostra tasca d\u2019ajuda i vocaci\u00f3 de servei a la ciutadania. Gr\u00e0cies per formar part dels amics i amigues d&#8217;Esperan\u00e7a en l\u00ednia.\u00a0 Targeta banc\u00e0ria \/ Paypal Tria la quantitat que vols donar de manera recurrent. Completa les teves dades en el seg\u00fcent&hellip;&nbsp;<a href=\"https:\/\/esperancaenlinia.org\/en\/product\/dona-esperanca-donacio-recurrent-mensual\/\" rel=\"bookmark\"><span class=\"screen-reader-text\">Give Hope: Recurring donation (monthly)<\/span><\/a><\/p>","protected":false},"featured_media":938,"comment_status":"closed","ping_status":"closed","template":"","meta":{"neve_meta_sidebar":"","neve_meta_container":"","neve_meta_enable_content_width":"off","neve_meta_content_width":100,"neve_meta_title_alignment":"","neve_meta_author_avatar":"","neve_post_elements_order":"","neve_meta_disable_header":"","neve_meta_disable_footer":"","neve_meta_disable_title":""},"product_brand":[],"product_cat":[31],"product_tag":[],"class_list":{"0":"post-3471","1":"product","2":"type-product","3":"status-publish","4":"has-post-thumbnail","6":"product_cat-donacions","8":"first","9":"instock","10":"virtual","11":"sold-individually","12":"purchasable","13":"product-type-simple"},"yoast_head":"<!-- This site is optimized with the Yoast SEO plugin v27.1.1 - https:\/\/yoast.com\/product\/yoast-seo-wordpress\/ -->\n<title>Dona esperan\u00e7a: Donaci\u00f3 recurrent (mensual) - Fundaci\u00f3n Ajuda i Esperan\u00e7a<\/title>\n<meta name=\"robots\" content=\"index, follow, max-snippet:-1, max-image-preview:large, max-video-preview:-1\" \/>\n<link rel=\"canonical\" href=\"https:\/\/esperancaenlinia.org\/en\/product\/dona-esperanca-donacio-recurrent-mensual\/\" \/>\n<meta property=\"og:locale\" content=\"en_GB\" \/>\n<meta property=\"og:type\" content=\"article\" \/>\n<meta property=\"og:title\" content=\"Dona esperan\u00e7a: Donaci\u00f3 recurrent (mensual) - Fundaci\u00f3n Ajuda i Esperan\u00e7a\" \/>\n<meta property=\"og:description\" content=\"Fes una donaci\u00f3 mensual El teu comprom\u00eds mes a mes ens permet consolidar la nostra tasca d\u2019ajuda i vocaci\u00f3 de servei a la ciutadania. Gr\u00e0cies per formar part dels amics i amigues d&#8217;Esperan\u00e7a en l\u00ednia.\u00a0 Targeta banc\u00e0ria \/ Paypal Tria la quantitat que vols donar de manera recurrent. Completa les teves dades en el seg\u00fcent&hellip;&nbsp;Dona esperan\u00e7a: Donaci\u00f3 recurrent (mensual)\" \/>\n<meta property=\"og:url\" content=\"https:\/\/esperancaenlinia.org\/en\/product\/dona-esperanca-donacio-recurrent-mensual\/\" \/>\n<meta property=\"og:site_name\" content=\"Fundaci\u00f3n Ajuda i Esperan\u00e7a\" \/>\n<meta property=\"article:modified_time\" content=\"2026-03-05T09:02:40+00:00\" \/>\n<meta property=\"og:image\" content=\"https:\/\/esperancaenlinia.org\/wp-content\/uploads\/2024\/04\/01-3-1-1.png\" \/>\n\t<meta property=\"og:image:width\" content=\"113\" \/>\n\t<meta property=\"og:image:height\" content=\"113\" \/>\n\t<meta property=\"og:image:type\" content=\"image\/png\" \/>\n<meta name=\"twitter:card\" content=\"summary_large_image\" \/>\n<script type=\"application\/ld+json\" class=\"yoast-schema-graph\">{\"@context\":\"https:\/\/schema.org\",\"@graph\":[{\"@type\":\"WebPage\",\"@id\":\"https:\/\/esperancaenlinia.org\/producte\/dona-esperanca-donacio-recurrent-mensual\/\",\"url\":\"https:\/\/esperancaenlinia.org\/producte\/dona-esperanca-donacio-recurrent-mensual\/\",\"name\":\"Dona esperan\u00e7a: Donaci\u00f3 recurrent (mensual) - Fundaci\u00f3n Ajuda i Esperan\u00e7a\",\"isPartOf\":{\"@id\":\"https:\/\/esperancaenlinia.org\/#website\"},\"primaryImageOfPage\":{\"@id\":\"https:\/\/esperancaenlinia.org\/producte\/dona-esperanca-donacio-recurrent-mensual\/#primaryimage\"},\"image\":{\"@id\":\"https:\/\/esperancaenlinia.org\/producte\/dona-esperanca-donacio-recurrent-mensual\/#primaryimage\"},\"thumbnailUrl\":\"https:\/\/esperancaenlinia.org\/wp-content\/uploads\/2024\/04\/01-3-1-1.png\",\"datePublished\":\"2025-03-11T08:24:54+00:00\",\"dateModified\":\"2026-03-05T09:02:40+00:00\",\"breadcrumb\":{\"@id\":\"https:\/\/esperancaenlinia.org\/producte\/dona-esperanca-donacio-recurrent-mensual\/#breadcrumb\"},\"inLanguage\":\"en-GB\",\"potentialAction\":[{\"@type\":\"ReadAction\",\"target\":[\"https:\/\/esperancaenlinia.org\/producte\/dona-esperanca-donacio-recurrent-mensual\/\"]}]},{\"@type\":\"ImageObject\",\"inLanguage\":\"en-GB\",\"@id\":\"https:\/\/esperancaenlinia.org\/producte\/dona-esperanca-donacio-recurrent-mensual\/#primaryimage\",\"url\":\"https:\/\/esperancaenlinia.org\/wp-content\/uploads\/2024\/04\/01-3-1-1.png\",\"contentUrl\":\"https:\/\/esperancaenlinia.org\/wp-content\/uploads\/2024\/04\/01-3-1-1.png\",\"width\":113,\"height\":113},{\"@type\":\"BreadcrumbList\",\"@id\":\"https:\/\/esperancaenlinia.org\/producte\/dona-esperanca-donacio-recurrent-mensual\/#breadcrumb\",\"itemListElement\":[{\"@type\":\"ListItem\",\"position\":1,\"name\":\"Portada\",\"item\":\"https:\/\/esperancaenlinia.org\/\"},{\"@type\":\"ListItem\",\"position\":2,\"name\":\"Tienda\",\"item\":\"https:\/\/esperancaenlinia.org\/tienda\/\"},{\"@type\":\"ListItem\",\"position\":3,\"name\":\"Dona esperan\u00e7a: Donaci\u00f3 recurrent (mensual)\"}]},{\"@type\":\"WebSite\",\"@id\":\"https:\/\/esperancaenlinia.org\/#website\",\"url\":\"https:\/\/esperancaenlinia.org\/\",\"name\":\"Fundaci\u00f3n Ajuda i Esperan\u00e7a\",\"description\":\"\",\"publisher\":{\"@id\":\"https:\/\/esperancaenlinia.org\/#organization\"},\"potentialAction\":[{\"@type\":\"SearchAction\",\"target\":{\"@type\":\"EntryPoint\",\"urlTemplate\":\"https:\/\/esperancaenlinia.org\/?s={search_term_string}\"},\"query-input\":{\"@type\":\"PropertyValueSpecification\",\"valueRequired\":true,\"valueName\":\"search_term_string\"}}],\"inLanguage\":\"en-GB\"},{\"@type\":\"Organization\",\"@id\":\"https:\/\/esperancaenlinia.org\/#organization\",\"name\":\"Fundaci\u00f3n Ajuda i Esperan\u00e7a\",\"url\":\"https:\/\/esperancaenlinia.org\/\",\"logo\":{\"@type\":\"ImageObject\",\"inLanguage\":\"en-GB\",\"@id\":\"https:\/\/esperancaenlinia.org\/#\/schema\/logo\/image\/\",\"url\":\"https:\/\/esperancaenlinia.org\/wp-content\/uploads\/2024\/04\/logo-1.png\",\"contentUrl\":\"https:\/\/esperancaenlinia.org\/wp-content\/uploads\/2024\/04\/logo-1.png\",\"width\":662,\"height\":200,\"caption\":\"Fundaci\u00f3n Ajuda i Esperan\u00e7a\"},\"image\":{\"@id\":\"https:\/\/esperancaenlinia.org\/#\/schema\/logo\/image\/\"}}]}<\/script>\n<!-- \/ Yoast SEO plugin. -->","yoast_head_json":{"title":"Dona esperan\u00e7a: Donaci\u00f3 recurrent (mensual) - Fundaci\u00f3n Ajuda i Esperan\u00e7a","robots":{"index":"index","follow":"follow","max-snippet":"max-snippet:-1","max-image-preview":"max-image-preview:large","max-video-preview":"max-video-preview:-1"},"canonical":"https:\/\/esperancaenlinia.org\/en\/product\/dona-esperanca-donacio-recurrent-mensual\/","og_locale":"en_GB","og_type":"article","og_title":"Dona esperan\u00e7a: Donaci\u00f3 recurrent (mensual) - Fundaci\u00f3n Ajuda i Esperan\u00e7a","og_description":"Fes una donaci\u00f3 mensual El teu comprom\u00eds mes a mes ens permet consolidar la nostra tasca d\u2019ajuda i vocaci\u00f3 de servei a la ciutadania. Gr\u00e0cies per formar part dels amics i amigues d&#8217;Esperan\u00e7a en l\u00ednia.\u00a0 Targeta banc\u00e0ria \/ Paypal Tria la quantitat que vols donar de manera recurrent. Completa les teves dades en el seg\u00fcent&hellip;&nbsp;Dona esperan\u00e7a: Donaci\u00f3 recurrent (mensual)","og_url":"https:\/\/esperancaenlinia.org\/en\/product\/dona-esperanca-donacio-recurrent-mensual\/","og_site_name":"Fundaci\u00f3n Ajuda i Esperan\u00e7a","article_modified_time":"2026-03-05T09:02:40+00:00","og_image":[{"width":113,"height":113,"url":"https:\/\/esperancaenlinia.org\/wp-content\/uploads\/2024\/04\/01-3-1-1.png","type":"image\/png"}],"twitter_card":"summary_large_image","schema":{"@context":"https:\/\/schema.org","@graph":[{"@type":"WebPage","@id":"https:\/\/esperancaenlinia.org\/producte\/dona-esperanca-donacio-recurrent-mensual\/","url":"https:\/\/esperancaenlinia.org\/producte\/dona-esperanca-donacio-recurrent-mensual\/","name":"Dona esperan\u00e7a: Donaci\u00f3 recurrent (mensual) - Fundaci\u00f3n Ajuda i Esperan\u00e7a","isPartOf":{"@id":"https:\/\/esperancaenlinia.org\/#website"},"primaryImageOfPage":{"@id":"https:\/\/esperancaenlinia.org\/producte\/dona-esperanca-donacio-recurrent-mensual\/#primaryimage"},"image":{"@id":"https:\/\/esperancaenlinia.org\/producte\/dona-esperanca-donacio-recurrent-mensual\/#primaryimage"},"thumbnailUrl":"https:\/\/esperancaenlinia.org\/wp-content\/uploads\/2024\/04\/01-3-1-1.png","datePublished":"2025-03-11T08:24:54+00:00","dateModified":"2026-03-05T09:02:40+00:00","breadcrumb":{"@id":"https:\/\/esperancaenlinia.org\/producte\/dona-esperanca-donacio-recurrent-mensual\/#breadcrumb"},"inLanguage":"en-GB","potentialAction":[{"@type":"ReadAction","target":["https:\/\/esperancaenlinia.org\/producte\/dona-esperanca-donacio-recurrent-mensual\/"]}]},{"@type":"ImageObject","inLanguage":"en-GB","@id":"https:\/\/esperancaenlinia.org\/producte\/dona-esperanca-donacio-recurrent-mensual\/#primaryimage","url":"https:\/\/esperancaenlinia.org\/wp-content\/uploads\/2024\/04\/01-3-1-1.png","contentUrl":"https:\/\/esperancaenlinia.org\/wp-content\/uploads\/2024\/04\/01-3-1-1.png","width":113,"height":113},{"@type":"BreadcrumbList","@id":"https:\/\/esperancaenlinia.org\/producte\/dona-esperanca-donacio-recurrent-mensual\/#breadcrumb","itemListElement":[{"@type":"ListItem","position":1,"name":"Portada","item":"https:\/\/esperancaenlinia.org\/"},{"@type":"ListItem","position":2,"name":"Tienda","item":"https:\/\/esperancaenlinia.org\/tienda\/"},{"@type":"ListItem","position":3,"name":"Dona esperan\u00e7a: Donaci\u00f3 recurrent (mensual)"}]},{"@type":"WebSite","@id":"https:\/\/esperancaenlinia.org\/#website","url":"https:\/\/esperancaenlinia.org\/","name":"Fundaci\u00f3n Ajuda i Esperan\u00e7a","description":"","publisher":{"@id":"https:\/\/esperancaenlinia.org\/#organization"},"potentialAction":[{"@type":"SearchAction","target":{"@type":"EntryPoint","urlTemplate":"https:\/\/esperancaenlinia.org\/?s={search_term_string}"},"query-input":{"@type":"PropertyValueSpecification","valueRequired":true,"valueName":"search_term_string"}}],"inLanguage":"en-GB"},{"@type":"Organization","@id":"https:\/\/esperancaenlinia.org\/#organization","name":"Fundaci\u00f3n Ajuda i Esperan\u00e7a","url":"https:\/\/esperancaenlinia.org\/","logo":{"@type":"ImageObject","inLanguage":"en-GB","@id":"https:\/\/esperancaenlinia.org\/#\/schema\/logo\/image\/","url":"https:\/\/esperancaenlinia.org\/wp-content\/uploads\/2024\/04\/logo-1.png","contentUrl":"https:\/\/esperancaenlinia.org\/wp-content\/uploads\/2024\/04\/logo-1.png","width":662,"height":200,"caption":"Fundaci\u00f3n Ajuda i Esperan\u00e7a"},"image":{"@id":"https:\/\/esperancaenlinia.org\/#\/schema\/logo\/image\/"}}]}},"_links":{"self":[{"href":"https:\/\/esperancaenlinia.org\/en\/wp-json\/wp\/v2\/product\/3471","targetHints":{"allow":["GET"]}}],"collection":[{"href":"https:\/\/esperancaenlinia.org\/en\/wp-json\/wp\/v2\/product"}],"about":[{"href":"https:\/\/esperancaenlinia.org\/en\/wp-json\/wp\/v2\/types\/product"}],"replies":[{"embeddable":true,"href":"https:\/\/esperancaenlinia.org\/en\/wp-json\/wp\/v2\/comments?post=3471"}],"version-history":[{"count":7,"href":"https:\/\/esperancaenlinia.org\/en\/wp-json\/wp\/v2\/product\/3471\/revisions"}],"predecessor-version":[{"id":7799,"href":"https:\/\/esperancaenlinia.org\/en\/wp-json\/wp\/v2\/product\/3471\/revisions\/7799"}],"wp:featuredmedia":[{"embeddable":true,"href":"https:\/\/esperancaenlinia.org\/en\/wp-json\/wp\/v2\/media\/938"}],"wp:attachment":[{"href":"https:\/\/esperancaenlinia.org\/en\/wp-json\/wp\/v2\/media?parent=3471"}],"wp:term":[{"taxonomy":"product_brand","embeddable":true,"href":"https:\/\/esperancaenlinia.org\/en\/wp-json\/wp\/v2\/product_brand?post=3471"},{"taxonomy":"product_cat","embeddable":true,"href":"https:\/\/esperancaenlinia.org\/en\/wp-json\/wp\/v2\/product_cat?post=3471"},{"taxonomy":"product_tag","embeddable":true,"href":"https:\/\/esperancaenlinia.org\/en\/wp-json\/wp\/v2\/product_tag?post=3471"}],"curies":[{"name":"wp","href":"https:\/\/api.w.org\/{rel}","templated":true}]}}