{"id":4648,"date":"2025-05-27T17:45:20","date_gmt":"2025-05-27T15:45:20","guid":{"rendered":"https:\/\/esperancaenlinia.org\/?post_type=product&#038;p=4648"},"modified":"2025-05-27T17:47:30","modified_gmt":"2025-05-27T15:47:30","slug":"dona-esperanca-donacio-recurrent-trimestral","status":"publish","type":"product","link":"https:\/\/esperancaenlinia.org\/en\/product\/dona-esperanca-donacio-recurrent-trimestral\/","title":{"rendered":"Give Hope: Recurring donation (quarterly)"},"content":{"rendered":"<p>Give hope: Recurring donation<\/p>","protected":false},"excerpt":{"rendered":"<p>Give hope: Recurring donation<\/p>","protected":false},"featured_media":938,"comment_status":"closed","ping_status":"closed","template":"","meta":{"neve_meta_sidebar":"","neve_meta_container":"","neve_meta_enable_content_width":"off","neve_meta_content_width":100,"neve_meta_title_alignment":"","neve_meta_author_avatar":"","neve_post_elements_order":"","neve_meta_disable_header":"","neve_meta_disable_footer":"","neve_meta_disable_title":""},"product_brand":[],"product_cat":[31],"product_tag":[],"class_list":{"0":"post-4648","1":"product","2":"type-product","3":"status-publish","4":"has-post-thumbnail","6":"product_cat-donacions","8":"first","9":"instock","10":"virtual","11":"sold-individually","12":"purchasable","13":"product-type-simple"},"yoast_head":"<!-- This site is optimized with the Yoast SEO plugin v27.1.1 - https:\/\/yoast.com\/product\/yoast-seo-wordpress\/ -->\n<title>Dona esperan\u00e7a: Donaci\u00f3 recurrent (trimestral) - Fundaci\u00f3n Ajuda i Esperan\u00e7a<\/title>\n<meta name=\"robots\" content=\"index, follow, max-snippet:-1, max-image-preview:large, max-video-preview:-1\" \/>\n<link rel=\"canonical\" href=\"https:\/\/esperancaenlinia.org\/en\/product\/dona-esperanca-donacio-recurrent-trimestral\/\" \/>\n<meta property=\"og:locale\" content=\"en_GB\" \/>\n<meta property=\"og:type\" content=\"article\" \/>\n<meta property=\"og:title\" content=\"Dona esperan\u00e7a: Donaci\u00f3 recurrent (trimestral) - Fundaci\u00f3n Ajuda i Esperan\u00e7a\" \/>\n<meta property=\"og:description\" content=\"Dona esperan\u00e7a: Donaci\u00f3 recurrent\" \/>\n<meta property=\"og:url\" content=\"https:\/\/esperancaenlinia.org\/en\/product\/dona-esperanca-donacio-recurrent-trimestral\/\" \/>\n<meta property=\"og:site_name\" content=\"Fundaci\u00f3n Ajuda i Esperan\u00e7a\" \/>\n<meta property=\"article:modified_time\" content=\"2025-05-27T15:47:30+00:00\" \/>\n<meta property=\"og:image\" content=\"https:\/\/esperancaenlinia.org\/wp-content\/uploads\/2024\/04\/01-3-1-1.png\" \/>\n\t<meta property=\"og:image:width\" content=\"113\" \/>\n\t<meta property=\"og:image:height\" content=\"113\" \/>\n\t<meta property=\"og:image:type\" content=\"image\/png\" \/>\n<meta name=\"twitter:card\" content=\"summary_large_image\" \/>\n<meta name=\"twitter:label1\" content=\"Estimated reading time\" \/>\n\t<meta name=\"twitter:data1\" content=\"1 minute\" \/>\n<script type=\"application\/ld+json\" class=\"yoast-schema-graph\">{\"@context\":\"https:\/\/schema.org\",\"@graph\":[{\"@type\":\"WebPage\",\"@id\":\"https:\/\/esperancaenlinia.org\/producte\/dona-esperanca-donacio-recurrent-trimestral\/\",\"url\":\"https:\/\/esperancaenlinia.org\/producte\/dona-esperanca-donacio-recurrent-trimestral\/\",\"name\":\"Dona esperan\u00e7a: Donaci\u00f3 recurrent (trimestral) - Fundaci\u00f3n Ajuda i Esperan\u00e7a\",\"isPartOf\":{\"@id\":\"https:\/\/esperancaenlinia.org\/#website\"},\"primaryImageOfPage\":{\"@id\":\"https:\/\/esperancaenlinia.org\/producte\/dona-esperanca-donacio-recurrent-trimestral\/#primaryimage\"},\"image\":{\"@id\":\"https:\/\/esperancaenlinia.org\/producte\/dona-esperanca-donacio-recurrent-trimestral\/#primaryimage\"},\"thumbnailUrl\":\"https:\/\/esperancaenlinia.org\/wp-content\/uploads\/2024\/04\/01-3-1-1.png\",\"datePublished\":\"2025-05-27T15:45:20+00:00\",\"dateModified\":\"2025-05-27T15:47:30+00:00\",\"breadcrumb\":{\"@id\":\"https:\/\/esperancaenlinia.org\/producte\/dona-esperanca-donacio-recurrent-trimestral\/#breadcrumb\"},\"inLanguage\":\"en-GB\",\"potentialAction\":[{\"@type\":\"ReadAction\",\"target\":[\"https:\/\/esperancaenlinia.org\/producte\/dona-esperanca-donacio-recurrent-trimestral\/\"]}]},{\"@type\":\"ImageObject\",\"inLanguage\":\"en-GB\",\"@id\":\"https:\/\/esperancaenlinia.org\/producte\/dona-esperanca-donacio-recurrent-trimestral\/#primaryimage\",\"url\":\"https:\/\/esperancaenlinia.org\/wp-content\/uploads\/2024\/04\/01-3-1-1.png\",\"contentUrl\":\"https:\/\/esperancaenlinia.org\/wp-content\/uploads\/2024\/04\/01-3-1-1.png\",\"width\":113,\"height\":113},{\"@type\":\"BreadcrumbList\",\"@id\":\"https:\/\/esperancaenlinia.org\/producte\/dona-esperanca-donacio-recurrent-trimestral\/#breadcrumb\",\"itemListElement\":[{\"@type\":\"ListItem\",\"position\":1,\"name\":\"Portada\",\"item\":\"https:\/\/esperancaenlinia.org\/\"},{\"@type\":\"ListItem\",\"position\":2,\"name\":\"Tienda\",\"item\":\"https:\/\/esperancaenlinia.org\/tienda\/\"},{\"@type\":\"ListItem\",\"position\":3,\"name\":\"Dona esperan\u00e7a: Donaci\u00f3 recurrent (trimestral)\"}]},{\"@type\":\"WebSite\",\"@id\":\"https:\/\/esperancaenlinia.org\/#website\",\"url\":\"https:\/\/esperancaenlinia.org\/\",\"name\":\"Fundaci\u00f3n Ajuda i Esperan\u00e7a\",\"description\":\"\",\"publisher\":{\"@id\":\"https:\/\/esperancaenlinia.org\/#organization\"},\"potentialAction\":[{\"@type\":\"SearchAction\",\"target\":{\"@type\":\"EntryPoint\",\"urlTemplate\":\"https:\/\/esperancaenlinia.org\/?s={search_term_string}\"},\"query-input\":{\"@type\":\"PropertyValueSpecification\",\"valueRequired\":true,\"valueName\":\"search_term_string\"}}],\"inLanguage\":\"en-GB\"},{\"@type\":\"Organization\",\"@id\":\"https:\/\/esperancaenlinia.org\/#organization\",\"name\":\"Fundaci\u00f3n Ajuda i Esperan\u00e7a\",\"url\":\"https:\/\/esperancaenlinia.org\/\",\"logo\":{\"@type\":\"ImageObject\",\"inLanguage\":\"en-GB\",\"@id\":\"https:\/\/esperancaenlinia.org\/#\/schema\/logo\/image\/\",\"url\":\"https:\/\/esperancaenlinia.org\/wp-content\/uploads\/2024\/04\/logo-1.png\",\"contentUrl\":\"https:\/\/esperancaenlinia.org\/wp-content\/uploads\/2024\/04\/logo-1.png\",\"width\":662,\"height\":200,\"caption\":\"Fundaci\u00f3n Ajuda i Esperan\u00e7a\"},\"image\":{\"@id\":\"https:\/\/esperancaenlinia.org\/#\/schema\/logo\/image\/\"}}]}<\/script>\n<!-- \/ Yoast SEO plugin. -->","yoast_head_json":{"title":"Dona esperan\u00e7a: Donaci\u00f3 recurrent (trimestral) - Fundaci\u00f3n Ajuda i Esperan\u00e7a","robots":{"index":"index","follow":"follow","max-snippet":"max-snippet:-1","max-image-preview":"max-image-preview:large","max-video-preview":"max-video-preview:-1"},"canonical":"https:\/\/esperancaenlinia.org\/en\/product\/dona-esperanca-donacio-recurrent-trimestral\/","og_locale":"en_GB","og_type":"article","og_title":"Dona esperan\u00e7a: Donaci\u00f3 recurrent (trimestral) - Fundaci\u00f3n Ajuda i Esperan\u00e7a","og_description":"Dona esperan\u00e7a: Donaci\u00f3 recurrent","og_url":"https:\/\/esperancaenlinia.org\/en\/product\/dona-esperanca-donacio-recurrent-trimestral\/","og_site_name":"Fundaci\u00f3n Ajuda i Esperan\u00e7a","article_modified_time":"2025-05-27T15:47:30+00:00","og_image":[{"width":113,"height":113,"url":"https:\/\/esperancaenlinia.org\/wp-content\/uploads\/2024\/04\/01-3-1-1.png","type":"image\/png"}],"twitter_card":"summary_large_image","twitter_misc":{"Estimated reading time":"1 minute"},"schema":{"@context":"https:\/\/schema.org","@graph":[{"@type":"WebPage","@id":"https:\/\/esperancaenlinia.org\/producte\/dona-esperanca-donacio-recurrent-trimestral\/","url":"https:\/\/esperancaenlinia.org\/producte\/dona-esperanca-donacio-recurrent-trimestral\/","name":"Dona esperan\u00e7a: Donaci\u00f3 recurrent (trimestral) - Fundaci\u00f3n Ajuda i Esperan\u00e7a","isPartOf":{"@id":"https:\/\/esperancaenlinia.org\/#website"},"primaryImageOfPage":{"@id":"https:\/\/esperancaenlinia.org\/producte\/dona-esperanca-donacio-recurrent-trimestral\/#primaryimage"},"image":{"@id":"https:\/\/esperancaenlinia.org\/producte\/dona-esperanca-donacio-recurrent-trimestral\/#primaryimage"},"thumbnailUrl":"https:\/\/esperancaenlinia.org\/wp-content\/uploads\/2024\/04\/01-3-1-1.png","datePublished":"2025-05-27T15:45:20+00:00","dateModified":"2025-05-27T15:47:30+00:00","breadcrumb":{"@id":"https:\/\/esperancaenlinia.org\/producte\/dona-esperanca-donacio-recurrent-trimestral\/#breadcrumb"},"inLanguage":"en-GB","potentialAction":[{"@type":"ReadAction","target":["https:\/\/esperancaenlinia.org\/producte\/dona-esperanca-donacio-recurrent-trimestral\/"]}]},{"@type":"ImageObject","inLanguage":"en-GB","@id":"https:\/\/esperancaenlinia.org\/producte\/dona-esperanca-donacio-recurrent-trimestral\/#primaryimage","url":"https:\/\/esperancaenlinia.org\/wp-content\/uploads\/2024\/04\/01-3-1-1.png","contentUrl":"https:\/\/esperancaenlinia.org\/wp-content\/uploads\/2024\/04\/01-3-1-1.png","width":113,"height":113},{"@type":"BreadcrumbList","@id":"https:\/\/esperancaenlinia.org\/producte\/dona-esperanca-donacio-recurrent-trimestral\/#breadcrumb","itemListElement":[{"@type":"ListItem","position":1,"name":"Portada","item":"https:\/\/esperancaenlinia.org\/"},{"@type":"ListItem","position":2,"name":"Tienda","item":"https:\/\/esperancaenlinia.org\/tienda\/"},{"@type":"ListItem","position":3,"name":"Dona esperan\u00e7a: Donaci\u00f3 recurrent (trimestral)"}]},{"@type":"WebSite","@id":"https:\/\/esperancaenlinia.org\/#website","url":"https:\/\/esperancaenlinia.org\/","name":"Fundaci\u00f3n Ajuda i Esperan\u00e7a","description":"","publisher":{"@id":"https:\/\/esperancaenlinia.org\/#organization"},"potentialAction":[{"@type":"SearchAction","target":{"@type":"EntryPoint","urlTemplate":"https:\/\/esperancaenlinia.org\/?s={search_term_string}"},"query-input":{"@type":"PropertyValueSpecification","valueRequired":true,"valueName":"search_term_string"}}],"inLanguage":"en-GB"},{"@type":"Organization","@id":"https:\/\/esperancaenlinia.org\/#organization","name":"Fundaci\u00f3n Ajuda i Esperan\u00e7a","url":"https:\/\/esperancaenlinia.org\/","logo":{"@type":"ImageObject","inLanguage":"en-GB","@id":"https:\/\/esperancaenlinia.org\/#\/schema\/logo\/image\/","url":"https:\/\/esperancaenlinia.org\/wp-content\/uploads\/2024\/04\/logo-1.png","contentUrl":"https:\/\/esperancaenlinia.org\/wp-content\/uploads\/2024\/04\/logo-1.png","width":662,"height":200,"caption":"Fundaci\u00f3n Ajuda i Esperan\u00e7a"},"image":{"@id":"https:\/\/esperancaenlinia.org\/#\/schema\/logo\/image\/"}}]}},"_links":{"self":[{"href":"https:\/\/esperancaenlinia.org\/en\/wp-json\/wp\/v2\/product\/4648","targetHints":{"allow":["GET"]}}],"collection":[{"href":"https:\/\/esperancaenlinia.org\/en\/wp-json\/wp\/v2\/product"}],"about":[{"href":"https:\/\/esperancaenlinia.org\/en\/wp-json\/wp\/v2\/types\/product"}],"replies":[{"embeddable":true,"href":"https:\/\/esperancaenlinia.org\/en\/wp-json\/wp\/v2\/comments?post=4648"}],"version-history":[{"count":1,"href":"https:\/\/esperancaenlinia.org\/en\/wp-json\/wp\/v2\/product\/4648\/revisions"}],"predecessor-version":[{"id":4650,"href":"https:\/\/esperancaenlinia.org\/en\/wp-json\/wp\/v2\/product\/4648\/revisions\/4650"}],"wp:featuredmedia":[{"embeddable":true,"href":"https:\/\/esperancaenlinia.org\/en\/wp-json\/wp\/v2\/media\/938"}],"wp:attachment":[{"href":"https:\/\/esperancaenlinia.org\/en\/wp-json\/wp\/v2\/media?parent=4648"}],"wp:term":[{"taxonomy":"product_brand","embeddable":true,"href":"https:\/\/esperancaenlinia.org\/en\/wp-json\/wp\/v2\/product_brand?post=4648"},{"taxonomy":"product_cat","embeddable":true,"href":"https:\/\/esperancaenlinia.org\/en\/wp-json\/wp\/v2\/product_cat?post=4648"},{"taxonomy":"product_tag","embeddable":true,"href":"https:\/\/esperancaenlinia.org\/en\/wp-json\/wp\/v2\/product_tag?post=4648"}],"curies":[{"name":"wp","href":"https:\/\/api.w.org\/{rel}","templated":true}]}}