{"id":1001,"date":"2024-05-06T21:52:59","date_gmt":"2024-05-06T19:52:59","guid":{"rendered":"https:\/\/esperancaenlinia.org\/?page_id=1001"},"modified":"2026-02-11T10:56:37","modified_gmt":"2026-02-11T09:56:37","slug":"adolescents-i-joves","status":"publish","type":"page","link":"https:\/\/esperancaenlinia.org\/es\/adolescents-i-joves\/","title":{"rendered":"Adolescentes y j\u00f3venes"},"content":{"rendered":"<div data-elementor-type=\"wp-page\" data-elementor-id=\"1001\" class=\"elementor elementor-1001\" data-elementor-post-type=\"page\">\n\t\t\t\t<div class=\"elementor-element elementor-element-580e832b e-flex e-con-boxed e-con e-parent\" data-id=\"580e832b\" data-element_type=\"container\" data-e-type=\"container\" data-settings=\"{&quot;background_background&quot;:&quot;classic&quot;}\">\n\t\t\t\t\t<div class=\"e-con-inner\">\n\t\t\t\t<div class=\"elementor-element elementor-element-48784432 elementor-widget elementor-widget-heading\" data-id=\"48784432\" data-element_type=\"widget\" data-e-type=\"widget\" data-widget_type=\"heading.default\">\n\t\t\t\t<div class=\"elementor-widget-container\">\n\t\t\t\t\t<p class=\"elementor-heading-title elementor-size-default\">Inicio | Adolescentes y j\u00f3venes<\/p>\t\t\t\t<\/div>\n\t\t\t\t<\/div>\n\t\t\t\t<div class=\"elementor-element elementor-element-5e66ec2f elementor-widget__width-inherit elementor-widget elementor-widget-heading\" data-id=\"5e66ec2f\" data-element_type=\"widget\" data-e-type=\"widget\" data-widget_type=\"heading.default\">\n\t\t\t\t<div class=\"elementor-widget-container\">\n\t\t\t\t\t<h2 class=\"elementor-heading-title elementor-size-default\">Adolescentes y j\u00f3venes<\/h2>\t\t\t\t<\/div>\n\t\t\t\t<\/div>\n\t\t\t\t\t<\/div>\n\t\t\t\t<\/div>\n\t\t<div class=\"elementor-element elementor-element-3cd0521 e-flex e-con-boxed e-con e-parent\" data-id=\"3cd0521\" data-element_type=\"container\" data-e-type=\"container\" data-settings=\"{&quot;background_background&quot;:&quot;classic&quot;}\">\n\t\t\t\t\t<div class=\"e-con-inner\">\n\t\t<div class=\"elementor-element elementor-element-5c10caf5 e-con-full e-flex e-con e-child\" data-id=\"5c10caf5\" data-element_type=\"container\" data-e-type=\"container\">\n\t\t<div class=\"elementor-element elementor-element-2bbe489a e-flex e-con-boxed e-con e-child\" data-id=\"2bbe489a\" data-element_type=\"container\" data-e-type=\"container\">\n\t\t\t\t\t<div class=\"e-con-inner\">\n\t\t\t\t<div class=\"elementor-element elementor-element-41c06f3 elementor-widget__width-initial elementor-widget elementor-widget-heading\" data-id=\"41c06f3\" data-element_type=\"widget\" data-e-type=\"widget\" data-widget_type=\"heading.default\">\n\t\t\t\t<div class=\"elementor-widget-container\">\n\t\t\t\t\t<h2 class=\"elementor-heading-title elementor-size-default\">Suport emocional per a joves<\/h2>\t\t\t\t<\/div>\n\t\t\t\t<\/div>\n\t\t\t\t\t<\/div>\n\t\t\t\t<\/div>\n\t\t\t\t<div class=\"elementor-element elementor-element-6e4a299 elementor-widget__width-initial elementor-widget elementor-widget-text-editor\" data-id=\"6e4a299\" data-element_type=\"widget\" data-e-type=\"widget\" data-widget_type=\"text-editor.default\">\n\t\t\t\t<div class=\"elementor-widget-container\">\n\t\t\t\t\t\t\t\t\t<p>La adolescencia y la juventud son etapas de transformaci\u00f3n para todas las personas, cargadas de retos e incertidumbres. A este proceso natural, que puede acarrear momentos de malestar emocional, se han a\u00f1adido otros condicionantes sociales: el uso o abuso de pantallas y redes sociales, la precariedad laboral, la discriminaci\u00f3n por diferentes motivos o la dificultad para acceder a la primera vivienda, por poner algunos ejemplos, que han disparado todas las alarmas sobre el estado de salud emocional de nuestra juventud.<\/p><p>As\u00ed, en los \u00faltimos cinco a\u00f1os, han aumentado en un 9% el n\u00famero de menores y j\u00f3venes atendidos por los servicios de salud mental especializados. Cabe destacar que se ha dado un incremento de los diagn\u00f3sticos de estados depresivos, conductas suicidas y de autolesi\u00f3n y los trastornos de la conducta alimentaria.<\/p><p style=\"text-align: left;\">Las cifras pues confirman que es necesario estar alerta \u2013 evitando el p\u00e1nico, eso s\u00ed \u2013 <strong>ofreciendo herramientas a la juventud para que desarrollen habilidades propias para afrontar los problemas<\/strong>s. Es necesario <strong>acercarse a adolescentes y j\u00f3venes en sus espacios <\/strong>y ayudarles<strong> a convertirse en impulsores de su resiliencia y sus capacidades.<\/strong><\/p>\t\t\t\t\t\t\t\t<\/div>\n\t\t\t\t<\/div>\n\t\t\t\t<\/div>\n\t\t\t\t\t<\/div>\n\t\t\t\t<\/div>\n\t\t<div class=\"elementor-element elementor-element-cb7e807 e-flex e-con-boxed e-con e-parent\" data-id=\"cb7e807\" data-element_type=\"container\" data-e-type=\"container\" data-settings=\"{&quot;background_background&quot;:&quot;classic&quot;}\">\n\t\t\t\t\t<div class=\"e-con-inner\">\n\t\t\t\t<div class=\"elementor-element elementor-element-e264c16 elementor-widget elementor-widget-spacer\" data-id=\"e264c16\" data-element_type=\"widget\" data-e-type=\"widget\" data-widget_type=\"spacer.default\">\n\t\t\t\t<div class=\"elementor-widget-container\">\n\t\t\t\t\t\t\t<div class=\"elementor-spacer\">\n\t\t\t<div class=\"elementor-spacer-inner\"><\/div>\n\t\t<\/div>\n\t\t\t\t\t\t<\/div>\n\t\t\t\t<\/div>\n\t\t\t\t<div class=\"elementor-element elementor-element-13e7753 elementor-widget elementor-widget-image\" data-id=\"13e7753\" data-element_type=\"widget\" data-e-type=\"widget\" data-widget_type=\"image.default\">\n\t\t\t\t<div class=\"elementor-widget-container\">\n\t\t\t\t\t\t\t\t\t\t\t\t\t\t\t<img fetchpriority=\"high\" decoding=\"async\" width=\"1024\" height=\"541\" src=\"https:\/\/esperancaenlinia.org\/wp-content\/uploads\/2025\/02\/adolescents-i-joves-projectes-1024x541.png\" class=\"attachment-large size-large wp-image-3326\" alt=\"\" srcset=\"https:\/\/esperancaenlinia.org\/wp-content\/uploads\/2025\/02\/adolescents-i-joves-projectes-1024x541.png 1024w, https:\/\/esperancaenlinia.org\/wp-content\/uploads\/2025\/02\/adolescents-i-joves-projectes-600x317.png 600w, https:\/\/esperancaenlinia.org\/wp-content\/uploads\/2025\/02\/adolescents-i-joves-projectes-300x159.png 300w, https:\/\/esperancaenlinia.org\/wp-content\/uploads\/2025\/02\/adolescents-i-joves-projectes-768x406.png 768w, https:\/\/esperancaenlinia.org\/wp-content\/uploads\/2025\/02\/adolescents-i-joves-projectes-18x10.png 18w, https:\/\/esperancaenlinia.org\/wp-content\/uploads\/2025\/02\/adolescents-i-joves-projectes.png 1200w\" sizes=\"(max-width: 1024px) 100vw, 1024px\" \/>\t\t\t\t\t\t\t\t\t\t\t\t\t\t\t<\/div>\n\t\t\t\t<\/div>\n\t\t\t\t<div class=\"elementor-element elementor-element-2a567f69 elementor-widget elementor-widget-heading\" data-id=\"2a567f69\" data-element_type=\"widget\" data-e-type=\"widget\" data-widget_type=\"heading.default\">\n\t\t\t\t<div class=\"elementor-widget-container\">\n\t\t\t\t\t<h4 class=\"elementor-heading-title elementor-size-default\"><a href=\"https:\/\/esperancaenlinia.org\/es\/telefon-de-lesperanca\/\">Chat de Apoyo Emocional para J\u00f3venes<\/a><\/h4>\t\t\t\t<\/div>\n\t\t\t\t<\/div>\n\t\t\t\t<div class=\"elementor-element elementor-element-1ee6c8c1 elementor-align-center elementor-icon-list--layout-traditional elementor-list-item-link-full_width elementor-widget elementor-widget-icon-list\" data-id=\"1ee6c8c1\" data-element_type=\"widget\" data-e-type=\"widget\" data-widget_type=\"icon-list.default\">\n\t\t\t\t<div class=\"elementor-widget-container\">\n\t\t\t\t\t\t\t<ul class=\"elementor-icon-list-items\">\n\t\t\t\t\t\t\t<li class=\"elementor-icon-list-item\">\n\t\t\t\t\t\t\t\t\t\t\t<a href=\"https:\/\/esperancaenlinia.org\/es\/xat-de-suport-emocional-per-a-joves\/\">\n\n\t\t\t\t\t\t\t\t\t\t\t\t<span class=\"elementor-icon-list-icon\">\n\t\t\t\t\t\t\t<svg aria-hidden=\"true\" class=\"e-font-icon-svg e-fas-comment-alt\" viewbox=\"0 0 512 512\" xmlns=\"http:\/\/www.w3.org\/2000\/svg\"><path d=\"M448 0H64C28.7 0 0 28.7 0 64v288c0 35.3 28.7 64 64 64h96v84c0 9.8 11.2 15.5 19.1 9.7L304 416h144c35.3 0 64-28.7 64-64V64c0-35.3-28.7-64-64-64z\"><\/path><\/svg>\t\t\t\t\t\t<\/span>\n\t\t\t\t\t\t\t\t\t\t<span class=\"elementor-icon-list-text\">679 333 363<\/span>\n\t\t\t\t\t\t\t\t\t\t\t<\/a>\n\t\t\t\t\t\t\t\t\t<\/li>\n\t\t\t\t\t\t<\/ul>\n\t\t\t\t\t\t<\/div>\n\t\t\t\t<\/div>\n\t\t\t\t<div class=\"elementor-element elementor-element-057943b elementor-widget elementor-widget-heading\" data-id=\"057943b\" data-element_type=\"widget\" data-e-type=\"widget\" data-widget_type=\"heading.default\">\n\t\t\t\t<div class=\"elementor-widget-container\">\n\t\t\t\t\t<h4 class=\"elementor-heading-title elementor-size-default\"><a href=\"https:\/\/esperancaenlinia.org\/es\/telefon-de-lesperanca\/\">Abro Feel<\/a><\/h4>\t\t\t\t<\/div>\n\t\t\t\t<\/div>\n\t\t\t\t<div class=\"elementor-element elementor-element-0b8b34a elementor-align-center elementor-icon-list--layout-traditional elementor-list-item-link-full_width elementor-widget elementor-widget-icon-list\" data-id=\"0b8b34a\" data-element_type=\"widget\" data-e-type=\"widget\" data-widget_type=\"icon-list.default\">\n\t\t\t\t<div class=\"elementor-widget-container\">\n\t\t\t\t\t\t\t<ul class=\"elementor-icon-list-items\">\n\t\t\t\t\t\t\t<li class=\"elementor-icon-list-item\">\n\t\t\t\t\t\t\t\t\t\t\t<a href=\"https:\/\/esperancaenlinia.org\/es\/xat-obro-feel\/\">\n\n\t\t\t\t\t\t\t\t\t\t\t\t<span class=\"elementor-icon-list-icon\">\n\t\t\t\t\t\t\t<svg aria-hidden=\"true\" class=\"e-font-icon-svg e-fas-comment-alt\" viewbox=\"0 0 512 512\" xmlns=\"http:\/\/www.w3.org\/2000\/svg\"><path d=\"M448 0H64C28.7 0 0 28.7 0 64v288c0 35.3 28.7 64 64 64h96v84c0 9.8 11.2 15.5 19.1 9.7L304 416h144c35.3 0 64-28.7 64-64V64c0-35.3-28.7-64-64-64z\"><\/path><\/svg>\t\t\t\t\t\t<\/span>\n\t\t\t\t\t\t\t\t\t\t<span class=\"elementor-icon-list-text\">680 354 155<\/span>\n\t\t\t\t\t\t\t\t\t\t\t<\/a>\n\t\t\t\t\t\t\t\t\t<\/li>\n\t\t\t\t\t\t<\/ul>\n\t\t\t\t\t\t<\/div>\n\t\t\t\t<\/div>\n\t\t\t\t<div class=\"elementor-element elementor-element-2a5376e elementor-widget elementor-widget-spacer\" data-id=\"2a5376e\" data-element_type=\"widget\" data-e-type=\"widget\" data-widget_type=\"spacer.default\">\n\t\t\t\t<div class=\"elementor-widget-container\">\n\t\t\t\t\t\t\t<div class=\"elementor-spacer\">\n\t\t\t<div class=\"elementor-spacer-inner\"><\/div>\n\t\t<\/div>\n\t\t\t\t\t\t<\/div>\n\t\t\t\t<\/div>\n\t\t\t\t<div class=\"elementor-element elementor-element-4ce71c6 elementor-widget elementor-widget-heading\" data-id=\"4ce71c6\" data-element_type=\"widget\" data-e-type=\"widget\" data-widget_type=\"heading.default\">\n\t\t\t\t<div class=\"elementor-widget-container\">\n\t\t\t\t\t<h4 class=\"elementor-heading-title elementor-size-default\"><a href=\"https:\/\/esperancaenlinia.org\/es\/telefon-de-lesperanca\/\">\u00bftodo bien? Chat de Apoyo Emocional para J\u00f3venes<\/a><\/h4>\t\t\t\t<\/div>\n\t\t\t\t<\/div>\n\t\t\t\t<div class=\"elementor-element elementor-element-2464203 elementor-align-center elementor-icon-list--layout-traditional elementor-list-item-link-full_width elementor-widget elementor-widget-icon-list\" data-id=\"2464203\" data-element_type=\"widget\" data-e-type=\"widget\" data-widget_type=\"icon-list.default\">\n\t\t\t\t<div class=\"elementor-widget-container\">\n\t\t\t\t\t\t\t<ul class=\"elementor-icon-list-items\">\n\t\t\t\t\t\t\t<li class=\"elementor-icon-list-item\">\n\t\t\t\t\t\t\t\t\t\t\t<a href=\"https:\/\/esperancaenlinia.org\/es\/totbe-xat-de-suport-emocional-per-a-joves\/\">\n\n\t\t\t\t\t\t\t\t\t\t\t\t<span class=\"elementor-icon-list-icon\">\n\t\t\t\t\t\t\t<svg aria-hidden=\"true\" class=\"e-font-icon-svg e-fas-comment-alt\" viewbox=\"0 0 512 512\" xmlns=\"http:\/\/www.w3.org\/2000\/svg\"><path d=\"M448 0H64C28.7 0 0 28.7 0 64v288c0 35.3 28.7 64 64 64h96v84c0 9.8 11.2 15.5 19.1 9.7L304 416h144c35.3 0 64-28.7 64-64V64c0-35.3-28.7-64-64-64z\"><\/path><\/svg>\t\t\t\t\t\t<\/span>\n\t\t\t\t\t\t\t\t\t\t<span class=\"elementor-icon-list-text\">651 651<\/span>\n\t\t\t\t\t\t\t\t\t\t\t<\/a>\n\t\t\t\t\t\t\t\t\t<\/li>\n\t\t\t\t\t\t<\/ul>\n\t\t\t\t\t\t<\/div>\n\t\t\t\t<\/div>\n\t\t\t\t<div class=\"elementor-element elementor-element-a207339 elementor-widget elementor-widget-spacer\" data-id=\"a207339\" data-element_type=\"widget\" data-e-type=\"widget\" data-widget_type=\"spacer.default\">\n\t\t\t\t<div class=\"elementor-widget-container\">\n\t\t\t\t\t\t\t<div class=\"elementor-spacer\">\n\t\t\t<div class=\"elementor-spacer-inner\"><\/div>\n\t\t<\/div>\n\t\t\t\t\t\t<\/div>\n\t\t\t\t<\/div>\n\t\t\t\t<div class=\"elementor-element elementor-element-62e21f6 elementor-widget elementor-widget-spacer\" data-id=\"62e21f6\" data-element_type=\"widget\" data-e-type=\"widget\" data-widget_type=\"spacer.default\">\n\t\t\t\t<div class=\"elementor-widget-container\">\n\t\t\t\t\t\t\t<div class=\"elementor-spacer\">\n\t\t\t<div class=\"elementor-spacer-inner\"><\/div>\n\t\t<\/div>\n\t\t\t\t\t\t<\/div>\n\t\t\t\t<\/div>\n\t\t\t\t\t<\/div>\n\t\t\t\t<\/div>\n\t\t<div class=\"elementor-element elementor-element-d169d7d e-flex e-con-boxed e-con e-parent\" data-id=\"d169d7d\" data-element_type=\"container\" data-e-type=\"container\" data-settings=\"{&quot;background_background&quot;:&quot;classic&quot;}\">\n\t\t\t\t\t<div class=\"e-con-inner\">\n\t\t<div class=\"elementor-element elementor-element-51d3d22 e-con-full e-flex e-con e-child\" data-id=\"51d3d22\" data-element_type=\"container\" data-e-type=\"container\" data-settings=\"{&quot;background_background&quot;:&quot;classic&quot;}\">\n\t\t<div class=\"elementor-element elementor-element-eb0fe13 e-con-full e-flex e-con e-child\" data-id=\"eb0fe13\" data-element_type=\"container\" data-e-type=\"container\" data-settings=\"{&quot;background_background&quot;:&quot;classic&quot;}\">\n\t\t\t\t<div class=\"elementor-element elementor-element-6dc6c2a elementor-widget__width-inherit elementor-widget-mobile__width-inherit elementor-widget elementor-widget-heading\" data-id=\"6dc6c2a\" data-element_type=\"widget\" data-e-type=\"widget\" data-widget_type=\"heading.default\">\n\t\t\t\t<div class=\"elementor-widget-container\">\n\t\t\t\t\t<h2 class=\"elementor-heading-title elementor-size-default\">\u00danete a nuestro voluntariado<\/h2>\t\t\t\t<\/div>\n\t\t\t\t<\/div>\n\t\t\t\t<div class=\"elementor-element elementor-element-cc8bd47 elementor-widget__width-initial elementor-widget-mobile__width-inherit elementor-widget elementor-widget-text-editor\" data-id=\"cc8bd47\" data-element_type=\"widget\" data-e-type=\"widget\" data-widget_type=\"text-editor.default\">\n\t\t\t\t<div class=\"elementor-widget-container\">\n\t\t\t\t\t\t\t\t\t<p>Acompanya i ajuda a persones de totes les edats i situacions que pateixen angoixa i malestar emocional.<\/p><p>Recibir\u00e1s toda la formaci\u00f3n y soporte que necesitas para apoyar a las personas que llaman o env\u00edan mensajes a nuestros servicios. Podr\u00e1s realizar tu tarea en el horario que m\u00e1s te convenga, desde tu casa.\u00a0<\/p>\t\t\t\t\t\t\t\t<\/div>\n\t\t\t\t<\/div>\n\t\t\t\t<div class=\"elementor-element elementor-element-97c68be elementor-mobile-align-justify btn-expand-arrow elementor-widget elementor-widget-button\" data-id=\"97c68be\" data-element_type=\"widget\" data-e-type=\"widget\" data-widget_type=\"button.default\">\n\t\t\t\t<div class=\"elementor-widget-container\">\n\t\t\t\t\t\t\t\t\t<div class=\"elementor-button-wrapper\">\n\t\t\t\t\t<a class=\"elementor-button elementor-button-link elementor-size-sm elementor-animation-grow\" href=\"https:\/\/esperancaenlinia.org\/es\/formulari-dinscripcio\/\">\n\t\t\t\t\t\t<span class=\"elementor-button-content-wrapper\">\n\t\t\t\t\t\t\t\t\t<span class=\"elementor-button-text\">Inscr\u00edbete<\/span>\n\t\t\t\t\t<\/span>\n\t\t\t\t\t<\/a>\n\t\t\t\t<\/div>\n\t\t\t\t\t\t\t\t<\/div>\n\t\t\t\t<\/div>\n\t\t\t\t<\/div>\n\t\t\t\t<\/div>\n\t\t\t\t\t<\/div>\n\t\t\t\t<\/div>\n\t\t\t\t<\/div>","protected":false},"excerpt":{"rendered":"<p>Inici | Adolescents i joves Adolescents i joves Suport emocional per a joves L\u2019adolesc\u00e8ncia i la joventut s\u00f3n etapes de transformaci\u00f3 per a totes les persones, carregades de reptes i incerteses. A aquest proc\u00e9s natural, que pot comportar moments de malestar emocional, s\u2019han afegit altres condicionants socials: l\u2019\u00fas o ab\u00fas de pantalles i xarxes socials,&hellip;&nbsp;<a href=\"https:\/\/esperancaenlinia.org\/es\/adolescents-i-joves\/\" rel=\"bookmark\"><span class=\"screen-reader-text\">Adolescentes y j\u00f3venes<\/span><\/a><\/p>","protected":false},"author":1,"featured_media":0,"parent":0,"menu_order":0,"comment_status":"closed","ping_status":"closed","template":"elementor_header_footer","meta":{"neve_meta_sidebar":"","neve_meta_container":"","neve_meta_enable_content_width":"off","neve_meta_content_width":100,"neve_meta_title_alignment":"","neve_meta_author_avatar":"","neve_post_elements_order":"","neve_meta_disable_header":"","neve_meta_disable_footer":"","neve_meta_disable_title":"","footnotes":""},"class_list":["post-1001","page","type-page","status-publish","hentry"],"yoast_head":"<!-- This site is optimized with the Yoast SEO plugin v27.1.1 - https:\/\/yoast.com\/product\/yoast-seo-wordpress\/ -->\n<title>Adolescents i joves - Fundaci\u00f3n Ajuda i Esperan\u00e7a<\/title>\n<meta name=\"robots\" content=\"index, follow, max-snippet:-1, max-image-preview:large, max-video-preview:-1\" \/>\n<link rel=\"canonical\" href=\"https:\/\/esperancaenlinia.org\/es\/adolescents-i-joves\/\" \/>\n<meta property=\"og:locale\" content=\"es_ES\" \/>\n<meta property=\"og:type\" content=\"article\" \/>\n<meta property=\"og:title\" content=\"Adolescents i joves - Fundaci\u00f3n Ajuda i Esperan\u00e7a\" \/>\n<meta property=\"og:description\" content=\"Inici | Adolescents i joves Adolescents i joves Suport emocional per a joves L\u2019adolesc\u00e8ncia i la joventut s\u00f3n etapes de transformaci\u00f3 per a totes les persones, carregades de reptes i incerteses. A aquest proc\u00e9s natural, que pot comportar moments de malestar emocional, s\u2019han afegit altres condicionants socials: l\u2019\u00fas o ab\u00fas de pantalles i xarxes socials,&hellip;&nbsp;Adolescents i joves\" \/>\n<meta property=\"og:url\" content=\"https:\/\/esperancaenlinia.org\/es\/adolescents-i-joves\/\" \/>\n<meta property=\"og:site_name\" content=\"Fundaci\u00f3n Ajuda i Esperan\u00e7a\" \/>\n<meta property=\"article:modified_time\" content=\"2026-02-11T09:56:37+00:00\" \/>\n<meta property=\"og:image\" content=\"https:\/\/esperancaenlinia.org\/wp-content\/uploads\/2025\/02\/adolescents-i-joves-projectes.png\" \/>\n\t<meta property=\"og:image:width\" content=\"1200\" \/>\n\t<meta property=\"og:image:height\" content=\"634\" \/>\n\t<meta property=\"og:image:type\" content=\"image\/png\" \/>\n<meta name=\"twitter:card\" content=\"summary_large_image\" \/>\n<meta name=\"twitter:label1\" content=\"Tiempo de lectura\" \/>\n\t<meta name=\"twitter:data1\" content=\"2 minutos\" \/>\n<script type=\"application\/ld+json\" class=\"yoast-schema-graph\">{\"@context\":\"https:\/\/schema.org\",\"@graph\":[{\"@type\":\"WebPage\",\"@id\":\"https:\/\/esperancaenlinia.org\/adolescents-i-joves\/\",\"url\":\"https:\/\/esperancaenlinia.org\/adolescents-i-joves\/\",\"name\":\"Adolescents i joves - Fundaci\u00f3n Ajuda i Esperan\u00e7a\",\"isPartOf\":{\"@id\":\"https:\/\/esperancaenlinia.org\/#website\"},\"primaryImageOfPage\":{\"@id\":\"https:\/\/esperancaenlinia.org\/adolescents-i-joves\/#primaryimage\"},\"image\":{\"@id\":\"https:\/\/esperancaenlinia.org\/adolescents-i-joves\/#primaryimage\"},\"thumbnailUrl\":\"https:\/\/esperancaenlinia.org\/wp-content\/uploads\/2025\/02\/adolescents-i-joves-projectes-1024x541.png\",\"datePublished\":\"2024-05-06T19:52:59+00:00\",\"dateModified\":\"2026-02-11T09:56:37+00:00\",\"breadcrumb\":{\"@id\":\"https:\/\/esperancaenlinia.org\/adolescents-i-joves\/#breadcrumb\"},\"inLanguage\":\"es\",\"potentialAction\":[{\"@type\":\"ReadAction\",\"target\":[\"https:\/\/esperancaenlinia.org\/adolescents-i-joves\/\"]}]},{\"@type\":\"ImageObject\",\"inLanguage\":\"es\",\"@id\":\"https:\/\/esperancaenlinia.org\/adolescents-i-joves\/#primaryimage\",\"url\":\"https:\/\/esperancaenlinia.org\/wp-content\/uploads\/2025\/02\/adolescents-i-joves-projectes-1024x541.png\",\"contentUrl\":\"https:\/\/esperancaenlinia.org\/wp-content\/uploads\/2025\/02\/adolescents-i-joves-projectes-1024x541.png\"},{\"@type\":\"BreadcrumbList\",\"@id\":\"https:\/\/esperancaenlinia.org\/adolescents-i-joves\/#breadcrumb\",\"itemListElement\":[{\"@type\":\"ListItem\",\"position\":1,\"name\":\"Portada\",\"item\":\"https:\/\/esperancaenlinia.org\/\"},{\"@type\":\"ListItem\",\"position\":2,\"name\":\"Adolescents i joves\"}]},{\"@type\":\"WebSite\",\"@id\":\"https:\/\/esperancaenlinia.org\/#website\",\"url\":\"https:\/\/esperancaenlinia.org\/\",\"name\":\"Fundaci\u00f3n Ajuda i Esperan\u00e7a\",\"description\":\"\",\"publisher\":{\"@id\":\"https:\/\/esperancaenlinia.org\/#organization\"},\"potentialAction\":[{\"@type\":\"SearchAction\",\"target\":{\"@type\":\"EntryPoint\",\"urlTemplate\":\"https:\/\/esperancaenlinia.org\/?s={search_term_string}\"},\"query-input\":{\"@type\":\"PropertyValueSpecification\",\"valueRequired\":true,\"valueName\":\"search_term_string\"}}],\"inLanguage\":\"es\"},{\"@type\":\"Organization\",\"@id\":\"https:\/\/esperancaenlinia.org\/#organization\",\"name\":\"Fundaci\u00f3n Ajuda i Esperan\u00e7a\",\"url\":\"https:\/\/esperancaenlinia.org\/\",\"logo\":{\"@type\":\"ImageObject\",\"inLanguage\":\"es\",\"@id\":\"https:\/\/esperancaenlinia.org\/#\/schema\/logo\/image\/\",\"url\":\"https:\/\/esperancaenlinia.org\/wp-content\/uploads\/2024\/04\/logo-1.png\",\"contentUrl\":\"https:\/\/esperancaenlinia.org\/wp-content\/uploads\/2024\/04\/logo-1.png\",\"width\":662,\"height\":200,\"caption\":\"Fundaci\u00f3n Ajuda i Esperan\u00e7a\"},\"image\":{\"@id\":\"https:\/\/esperancaenlinia.org\/#\/schema\/logo\/image\/\"}}]}<\/script>\n<!-- \/ Yoast SEO plugin. -->","yoast_head_json":{"title":"Adolescents i joves - Fundaci\u00f3n Ajuda i Esperan\u00e7a","robots":{"index":"index","follow":"follow","max-snippet":"max-snippet:-1","max-image-preview":"max-image-preview:large","max-video-preview":"max-video-preview:-1"},"canonical":"https:\/\/esperancaenlinia.org\/es\/adolescents-i-joves\/","og_locale":"es_ES","og_type":"article","og_title":"Adolescents i joves - Fundaci\u00f3n Ajuda i Esperan\u00e7a","og_description":"Inici | Adolescents i joves Adolescents i joves Suport emocional per a joves L\u2019adolesc\u00e8ncia i la joventut s\u00f3n etapes de transformaci\u00f3 per a totes les persones, carregades de reptes i incerteses. A aquest proc\u00e9s natural, que pot comportar moments de malestar emocional, s\u2019han afegit altres condicionants socials: l\u2019\u00fas o ab\u00fas de pantalles i xarxes socials,&hellip;&nbsp;Adolescents i joves","og_url":"https:\/\/esperancaenlinia.org\/es\/adolescents-i-joves\/","og_site_name":"Fundaci\u00f3n Ajuda i Esperan\u00e7a","article_modified_time":"2026-02-11T09:56:37+00:00","og_image":[{"width":1200,"height":634,"url":"https:\/\/esperancaenlinia.org\/wp-content\/uploads\/2025\/02\/adolescents-i-joves-projectes.png","type":"image\/png"}],"twitter_card":"summary_large_image","twitter_misc":{"Tiempo de lectura":"2 minutos"},"schema":{"@context":"https:\/\/schema.org","@graph":[{"@type":"WebPage","@id":"https:\/\/esperancaenlinia.org\/adolescents-i-joves\/","url":"https:\/\/esperancaenlinia.org\/adolescents-i-joves\/","name":"Adolescents i joves - Fundaci\u00f3n Ajuda i Esperan\u00e7a","isPartOf":{"@id":"https:\/\/esperancaenlinia.org\/#website"},"primaryImageOfPage":{"@id":"https:\/\/esperancaenlinia.org\/adolescents-i-joves\/#primaryimage"},"image":{"@id":"https:\/\/esperancaenlinia.org\/adolescents-i-joves\/#primaryimage"},"thumbnailUrl":"https:\/\/esperancaenlinia.org\/wp-content\/uploads\/2025\/02\/adolescents-i-joves-projectes-1024x541.png","datePublished":"2024-05-06T19:52:59+00:00","dateModified":"2026-02-11T09:56:37+00:00","breadcrumb":{"@id":"https:\/\/esperancaenlinia.org\/adolescents-i-joves\/#breadcrumb"},"inLanguage":"es","potentialAction":[{"@type":"ReadAction","target":["https:\/\/esperancaenlinia.org\/adolescents-i-joves\/"]}]},{"@type":"ImageObject","inLanguage":"es","@id":"https:\/\/esperancaenlinia.org\/adolescents-i-joves\/#primaryimage","url":"https:\/\/esperancaenlinia.org\/wp-content\/uploads\/2025\/02\/adolescents-i-joves-projectes-1024x541.png","contentUrl":"https:\/\/esperancaenlinia.org\/wp-content\/uploads\/2025\/02\/adolescents-i-joves-projectes-1024x541.png"},{"@type":"BreadcrumbList","@id":"https:\/\/esperancaenlinia.org\/adolescents-i-joves\/#breadcrumb","itemListElement":[{"@type":"ListItem","position":1,"name":"Portada","item":"https:\/\/esperancaenlinia.org\/"},{"@type":"ListItem","position":2,"name":"Adolescents i joves"}]},{"@type":"WebSite","@id":"https:\/\/esperancaenlinia.org\/#website","url":"https:\/\/esperancaenlinia.org\/","name":"Fundaci\u00f3n Ayuda y Esperanza","description":"","publisher":{"@id":"https:\/\/esperancaenlinia.org\/#organization"},"potentialAction":[{"@type":"SearchAction","target":{"@type":"EntryPoint","urlTemplate":"https:\/\/esperancaenlinia.org\/?s={search_term_string}"},"query-input":{"@type":"PropertyValueSpecification","valueRequired":true,"valueName":"search_term_string"}}],"inLanguage":"es"},{"@type":"Organization","@id":"https:\/\/esperancaenlinia.org\/#organization","name":"Fundaci\u00f3n Ayuda y Esperanza","url":"https:\/\/esperancaenlinia.org\/","logo":{"@type":"ImageObject","inLanguage":"es","@id":"https:\/\/esperancaenlinia.org\/#\/schema\/logo\/image\/","url":"https:\/\/esperancaenlinia.org\/wp-content\/uploads\/2024\/04\/logo-1.png","contentUrl":"https:\/\/esperancaenlinia.org\/wp-content\/uploads\/2024\/04\/logo-1.png","width":662,"height":200,"caption":"Fundaci\u00f3n Ajuda i Esperan\u00e7a"},"image":{"@id":"https:\/\/esperancaenlinia.org\/#\/schema\/logo\/image\/"}}]}},"_links":{"self":[{"href":"https:\/\/esperancaenlinia.org\/es\/wp-json\/wp\/v2\/pages\/1001","targetHints":{"allow":["GET"]}}],"collection":[{"href":"https:\/\/esperancaenlinia.org\/es\/wp-json\/wp\/v2\/pages"}],"about":[{"href":"https:\/\/esperancaenlinia.org\/es\/wp-json\/wp\/v2\/types\/page"}],"author":[{"embeddable":true,"href":"https:\/\/esperancaenlinia.org\/es\/wp-json\/wp\/v2\/users\/1"}],"replies":[{"embeddable":true,"href":"https:\/\/esperancaenlinia.org\/es\/wp-json\/wp\/v2\/comments?post=1001"}],"version-history":[{"count":67,"href":"https:\/\/esperancaenlinia.org\/es\/wp-json\/wp\/v2\/pages\/1001\/revisions"}],"predecessor-version":[{"id":7526,"href":"https:\/\/esperancaenlinia.org\/es\/wp-json\/wp\/v2\/pages\/1001\/revisions\/7526"}],"wp:attachment":[{"href":"https:\/\/esperancaenlinia.org\/es\/wp-json\/wp\/v2\/media?parent=1001"}],"curies":[{"name":"wp","href":"https:\/\/api.w.org\/{rel}","templated":true}]}}