{"id":1044,"date":"2024-05-06T22:29:42","date_gmt":"2024-05-06T20:29:42","guid":{"rendered":"https:\/\/esperancaenlinia.org\/?page_id=1044"},"modified":"2026-02-11T10:38:26","modified_gmt":"2026-02-11T09:38:26","slug":"xat-de-suport-emocional-per-a-joves","status":"publish","type":"page","link":"https:\/\/esperancaenlinia.org\/es\/xat-de-suport-emocional-per-a-joves\/","title":{"rendered":"Chat de apoyo emocional para j\u00f3venes"},"content":{"rendered":"<div data-elementor-type=\"wp-page\" data-elementor-id=\"1044\" class=\"elementor elementor-1044\" data-elementor-post-type=\"page\">\n\t\t\t\t<div class=\"elementor-element elementor-element-62b07c3c e-flex e-con-boxed e-con e-parent\" data-id=\"62b07c3c\" data-element_type=\"container\" data-e-type=\"container\" data-settings=\"{&quot;background_background&quot;:&quot;classic&quot;}\">\n\t\t\t\t\t<div class=\"e-con-inner\">\n\t\t\t\t<div class=\"elementor-element elementor-element-13e11bd0 elementor-widget elementor-widget-heading\" data-id=\"13e11bd0\" data-element_type=\"widget\" data-e-type=\"widget\" data-widget_type=\"heading.default\">\n\t\t\t\t<div class=\"elementor-widget-container\">\n\t\t\t\t\t<p class=\"elementor-heading-title elementor-size-default\">Inicio | Chat de Apoyo Emocional para Adolescentes y J\u00f3venes<\/p>\t\t\t\t<\/div>\n\t\t\t\t<\/div>\n\t\t\t\t<div class=\"elementor-element elementor-element-1108561b elementor-widget__width-inherit elementor-widget elementor-widget-heading\" data-id=\"1108561b\" data-element_type=\"widget\" data-e-type=\"widget\" data-widget_type=\"heading.default\">\n\t\t\t\t<div class=\"elementor-widget-container\">\n\t\t\t\t\t<h2 class=\"elementor-heading-title elementor-size-default\">Chat de Apoyo Emocional para Adolescentes y J\u00f3venes<\/h2>\t\t\t\t<\/div>\n\t\t\t\t<\/div>\n\t\t\t\t\t<\/div>\n\t\t\t\t<\/div>\n\t\t<div class=\"elementor-element elementor-element-250b33f9 e-flex e-con-boxed e-con e-parent\" data-id=\"250b33f9\" data-element_type=\"container\" data-e-type=\"container\">\n\t\t\t\t\t<div class=\"e-con-inner\">\n\t\t<div class=\"elementor-element elementor-element-6f1a87cf e-con-full e-flex e-con e-child\" data-id=\"6f1a87cf\" data-element_type=\"container\" data-e-type=\"container\">\n\t\t\t\t<div class=\"elementor-element elementor-element-9fca8d2 elementor-widget__width-initial elementor-widget elementor-widget-video\" data-id=\"9fca8d2\" data-element_type=\"widget\" data-e-type=\"widget\" data-settings=\"{&quot;video_type&quot;:&quot;hosted&quot;,&quot;controls&quot;:&quot;yes&quot;}\" data-widget_type=\"video.default\">\n\t\t\t\t<div class=\"elementor-widget-container\">\n\t\t\t\t\t\t\t<div class=\"e-hosted-video elementor-wrapper elementor-open-inline\">\n\t\t\t\t\t<video class=\"elementor-video\" src=\"https:\/\/esperancaenlinia.org\/wp-content\/uploads\/2025\/01\/Esperanca_Video-3_Dona_CAT_FINAL.mp4\" controls=\"\" preload=\"metadata\" controlslist=\"nodownload\"><\/video>\n\t\t\t\t<\/div>\n\t\t\t\t\t\t<\/div>\n\t\t\t\t<\/div>\n\t\t\t\t<\/div>\n\t\t<div class=\"elementor-element elementor-element-7f5d8b27 e-con-full e-flex e-con e-child\" data-id=\"7f5d8b27\" data-element_type=\"container\" data-e-type=\"container\">\n\t\t\t\t<div class=\"elementor-element elementor-element-447a918a elementor-widget__width-initial elementor-widget elementor-widget-heading\" data-id=\"447a918a\" data-element_type=\"widget\" data-e-type=\"widget\" data-widget_type=\"heading.default\">\n\t\t\t\t<div class=\"elementor-widget-container\">\n\t\t\t\t\t<h2 class=\"elementor-heading-title elementor-size-default\">Chat de Apoyo Emocional para Adolescentes y J\u00f3venes <\/h2>\t\t\t\t<\/div>\n\t\t\t\t<\/div>\n\t\t\t\t<div class=\"elementor-element elementor-element-2f4d4d8 elementor-widget__width-initial elementor-widget elementor-widget-heading\" data-id=\"2f4d4d8\" data-element_type=\"widget\" data-e-type=\"widget\" data-widget_type=\"heading.default\">\n\t\t\t\t<div class=\"elementor-widget-container\">\n\t\t\t\t\t<h2 class=\"elementor-heading-title elementor-size-default\">679 333 363<\/h2>\t\t\t\t<\/div>\n\t\t\t\t<\/div>\n\t\t\t\t<div class=\"elementor-element elementor-element-4e146b7 elementor-mobile-align-justify elementor-align-left elementor-widget elementor-widget-button\" data-id=\"4e146b7\" data-element_type=\"widget\" data-e-type=\"widget\" data-widget_type=\"button.default\">\n\t\t\t\t<div class=\"elementor-widget-container\">\n\t\t\t\t\t\t\t\t\t<div class=\"elementor-button-wrapper\">\n\t\t\t\t\t<a class=\"elementor-button elementor-button-link elementor-size-sm\" href=\"https:\/\/wa.me\/34679333363\/?text=Hola!\">\n\t\t\t\t\t\t<span class=\"elementor-button-content-wrapper\">\n\t\t\t\t\t\t<span class=\"elementor-button-icon\">\n\t\t\t\t<svg xmlns=\"http:\/\/www.w3.org\/2000\/svg\" width=\"21\" height=\"21\" viewbox=\"0 0 21 21\" fill=\"none\"><path d=\"M6.59581 18.2903L0.75 19.7497L2.20977 15.3646V2.21617C2.20977 1.82609 2.36449 1.45618 2.6403 1.18044C2.91611 0.904688 3.28609 0.75 3.67626 0.75H18.2874C18.6776 0.75 19.0476 0.904688 19.3234 1.18044C19.5992 1.45618 19.7539 1.82609 19.7539 2.21617V16.8241C19.7539 17.2142 19.5992 17.5841 19.3234 17.8598C19.0476 18.1356 18.6776 18.2903 18.2874 18.2903H6.59581Z\" stroke=\"#E0E3A0\" stroke-width=\"1.5\" stroke-linecap=\"round\" stroke-linejoin=\"round\"><\/path><path d=\"M6.5957 7.33435H15.361\" stroke=\"#E0E3A0\" stroke-width=\"1.5\" stroke-linecap=\"round\" stroke-linejoin=\"round\"><\/path><path d=\"M6.5957 11.7194H12.4415\" stroke=\"#E0E3A0\" stroke-width=\"1.5\" stroke-linecap=\"round\" stroke-linejoin=\"round\"><\/path><\/svg>\t\t\t<\/span>\n\t\t\t\t\t\t\t\t\t<span class=\"elementor-button-text\">Env\u00edanos un WhatsApp<\/span>\n\t\t\t\t\t<\/span>\n\t\t\t\t\t<\/a>\n\t\t\t\t<\/div>\n\t\t\t\t\t\t\t\t<\/div>\n\t\t\t\t<\/div>\n\t\t\t\t<div class=\"elementor-element elementor-element-1f27bc6 elementor-widget__width-initial elementor-widget elementor-widget-heading\" data-id=\"1f27bc6\" data-element_type=\"widget\" data-e-type=\"widget\" data-widget_type=\"heading.default\">\n\t\t\t\t<div class=\"elementor-widget-container\">\n\t\t\t\t\t<p class=\"elementor-heading-title elementor-size-default\">El Chat de Apoyo Emocional para J\u00f3venes es un servicio de mensajer\u00eda instant\u00e1nea que ofrece <strong>acompa\u00f1amiento a adolescentes y j\u00f3venes<\/strong> \nmediante WhatsApp. No es necesario registrarse en una web o descargar una nueva aplicaci\u00f3n.<\/p>\t\t\t\t<\/div>\n\t\t\t\t<\/div>\n\t\t\t\t<div class=\"elementor-element elementor-element-7abcdcf elementor-widget__width-initial elementor-widget elementor-widget-heading\" data-id=\"7abcdcf\" data-element_type=\"widget\" data-e-type=\"widget\" data-widget_type=\"heading.default\">\n\t\t\t\t<div class=\"elementor-widget-container\">\n\t\t\t\t\t<p class=\"elementor-heading-title elementor-size-default\">Como el resto de dispositivos de atenci\u00f3n de Esperanza en L\u00ednea, este chat de apoyo emocional funciona <strong>24 horas del d\u00eda y los 365 d\u00edas del a\u00f1o<\/strong> asegurando la <strong>total confidencialidad<\/strong> de las conversaciones.<\/p>\t\t\t\t<\/div>\n\t\t\t\t<\/div>\n\t\t\t\t<div class=\"elementor-element elementor-element-3ed4455 elementor-widget__width-initial elementor-widget elementor-widget-heading\" data-id=\"3ed4455\" data-element_type=\"widget\" data-e-type=\"widget\" data-widget_type=\"heading.default\">\n\t\t\t\t<div class=\"elementor-widget-container\">\n\t\t\t\t\t<p class=\"elementor-heading-title elementor-size-default\">El servicio pretende pone el foco en la <strong>promoci\u00f3n de la salud emocional y la prevenci\u00f3n de los problemas de salud mental<\/strong> de las personas j\u00f3venes. Se ofrece acompa\u00f1amiento, soporte y contenci\u00f3n emocional creando un espacio de comprensi\u00f3n y no juicio donde poder expresar las preocupaciones y el malestar que sienten.<\/p>\t\t\t\t<\/div>\n\t\t\t\t<\/div>\n\t\t\t\t<div class=\"elementor-element elementor-element-11fe5fc elementor-widget__width-initial elementor-widget elementor-widget-heading\" data-id=\"11fe5fc\" data-element_type=\"widget\" data-e-type=\"widget\" data-widget_type=\"heading.default\">\n\t\t\t\t<div class=\"elementor-widget-container\">\n\t\t\t\t\t<p class=\"elementor-heading-title elementor-size-default\">\nDependiendo de la problem\u00e1tica expresada, el voluntario o voluntaria orienta a la persona usuaria hacia diferentes servicios de la red de servicios p\u00fablicos y recursos comunitarios de la ciudad.<\/p>\t\t\t\t<\/div>\n\t\t\t\t<\/div>\n\t\t\t\t<\/div>\n\t\t\t\t\t<\/div>\n\t\t\t\t<\/div>\n\t\t<div class=\"elementor-element elementor-element-a89db82 e-flex e-con-boxed e-con e-parent\" data-id=\"a89db82\" data-element_type=\"container\" data-e-type=\"container\" data-settings=\"{&quot;background_background&quot;:&quot;classic&quot;}\">\n\t\t\t\t\t<div class=\"e-con-inner\">\n\t\t\t\t<div class=\"elementor-element elementor-element-a57e961 elementor-widget elementor-widget-spacer\" data-id=\"a57e961\" data-element_type=\"widget\" data-e-type=\"widget\" data-widget_type=\"spacer.default\">\n\t\t\t\t<div class=\"elementor-widget-container\">\n\t\t\t\t\t\t\t<div class=\"elementor-spacer\">\n\t\t\t<div class=\"elementor-spacer-inner\"><\/div>\n\t\t<\/div>\n\t\t\t\t\t\t<\/div>\n\t\t\t\t<\/div>\n\t\t\t\t<div class=\"elementor-element elementor-element-e0a489d elementor-widget elementor-widget-text-editor\" data-id=\"e0a489d\" data-element_type=\"widget\" data-e-type=\"widget\" data-widget_type=\"text-editor.default\">\n\t\t\t\t<div class=\"elementor-widget-container\">\n\t\t\t\t\t\t\t\t\t<h5>El Chat de Apoyo Emocional para Adolescentes y J\u00f3venes se puso en marcha el verano de 2022 en colaboraci\u00f3n con el<strong>Ayuntamiento de Barcelona<\/strong>.<\/h5><h5>Se trata del primer servicio de<strong>atenci\u00f3n especializada<\/strong> a personas de entre <strong>14 y 25 a\u00f1os<\/strong> mediante la aplicaci\u00f3n WhatsApp.<\/h5><div><h5 style=\"font-family: Manrope, sans-serif; letter-spacing: normal; text-transform: none;\">El Chat de Apoyo Emocional para Adolescentes y J\u00f3venes recibi\u00f3 el Premio a la innovaci\u00f3n de la federaci\u00f3n <a href=\"https:\/\/www.salutmental.org\/\">Salud Mental Catalu\u00f1a<\/a> \u2013 2024\u00a0<\/h5><div>\u00a0<\/div><\/div>\t\t\t\t\t\t\t\t<\/div>\n\t\t\t\t<\/div>\n\t\t\t\t\t<\/div>\n\t\t\t\t<\/div>\n\t\t<div class=\"elementor-element elementor-element-e58a684 e-flex e-con-boxed e-con e-parent\" data-id=\"e58a684\" data-element_type=\"container\" data-e-type=\"container\" data-settings=\"{&quot;background_background&quot;:&quot;classic&quot;}\">\n\t\t\t\t\t<div class=\"e-con-inner\">\n\t\t<div class=\"elementor-element elementor-element-f233448 e-con-full e-flex e-con e-child\" data-id=\"f233448\" data-element_type=\"container\" data-e-type=\"container\">\n\t\t\t\t<div class=\"elementor-element elementor-element-731b72c elementor-widget elementor-widget-video\" data-id=\"731b72c\" data-element_type=\"widget\" data-e-type=\"widget\" data-settings=\"{&quot;youtube_url&quot;:&quot;https:\\\/\\\/www.youtube.com\\\/watch?v=dccwIfXaT9Y&quot;,&quot;video_type&quot;:&quot;youtube&quot;,&quot;controls&quot;:&quot;yes&quot;}\" data-widget_type=\"video.default\">\n\t\t\t\t<div class=\"elementor-widget-container\">\n\t\t\t\t\t\t\t<div class=\"elementor-wrapper elementor-open-inline\">\n\t\t\t<div class=\"elementor-video\"><\/div>\t\t<\/div>\n\t\t\t\t\t\t<\/div>\n\t\t\t\t<\/div>\n\t\t\t\t<\/div>\n\t\t\t\t\t<\/div>\n\t\t\t\t<\/div>\n\t\t<div class=\"elementor-element elementor-element-260e83b e-flex e-con-boxed e-con e-parent\" data-id=\"260e83b\" data-element_type=\"container\" data-e-type=\"container\">\n\t\t\t\t\t<div class=\"e-con-inner\">\n\t\t\t\t\t<\/div>\n\t\t\t\t<\/div>\n\t\t\t\t<\/div>","protected":false},"excerpt":{"rendered":"<p>Inici | Xat de Suport Emocional per a Adolescents i Joves Xat de Suport Emocional per a Adolescents i Joves https:\/\/esperancaenlinia.org\/wp-content\/uploads\/2025\/01\/Esperanca_Video-3_Dona_CAT_FINAL.mp4 Xat de Suport Emocional per a Adolescents i Joves 679 333 363 Envia\u2019ns un WhatsApp El Xat de Suport Emocional per a Joves \u00e9s un servei de missatgeria instant\u00e0nia que ofereix acompanyament a adolescents&hellip;&nbsp;<a href=\"https:\/\/esperancaenlinia.org\/es\/xat-de-suport-emocional-per-a-joves\/\" rel=\"bookmark\"><span class=\"screen-reader-text\">Chat de apoyo emocional para j\u00f3venes<\/span><\/a><\/p>","protected":false},"author":1,"featured_media":0,"parent":0,"menu_order":0,"comment_status":"closed","ping_status":"closed","template":"elementor_header_footer","meta":{"neve_meta_sidebar":"","neve_meta_container":"","neve_meta_enable_content_width":"off","neve_meta_content_width":100,"neve_meta_title_alignment":"","neve_meta_author_avatar":"","neve_post_elements_order":"","neve_meta_disable_header":"","neve_meta_disable_footer":"","neve_meta_disable_title":"","footnotes":""},"class_list":["post-1044","page","type-page","status-publish","hentry"],"yoast_head":"<!-- This site is optimized with the Yoast SEO plugin v27.1.1 - https:\/\/yoast.com\/product\/yoast-seo-wordpress\/ -->\n<title>Xat de suport emocional per a joves - Fundaci\u00f3n Ajuda i Esperan\u00e7a<\/title>\n<meta name=\"robots\" content=\"index, follow, max-snippet:-1, max-image-preview:large, max-video-preview:-1\" \/>\n<link rel=\"canonical\" href=\"https:\/\/esperancaenlinia.org\/es\/xat-de-suport-emocional-per-a-joves\/\" \/>\n<meta property=\"og:locale\" content=\"es_ES\" \/>\n<meta property=\"og:type\" content=\"article\" \/>\n<meta property=\"og:title\" content=\"Xat de suport emocional per a joves - Fundaci\u00f3n Ajuda i Esperan\u00e7a\" \/>\n<meta property=\"og:description\" content=\"Inici | Xat de Suport Emocional per a Adolescents i Joves Xat de Suport Emocional per a Adolescents i Joves https:\/\/esperancaenlinia.org\/wp-content\/uploads\/2025\/01\/Esperanca_Video-3_Dona_CAT_FINAL.mp4 Xat de Suport Emocional per a Adolescents i Joves 679 333 363 Envia\u2019ns un WhatsApp El Xat de Suport Emocional per a Joves \u00e9s un servei de missatgeria instant\u00e0nia que ofereix acompanyament a adolescents&hellip;&nbsp;Xat de suport emocional per a joves\" \/>\n<meta property=\"og:url\" content=\"https:\/\/esperancaenlinia.org\/es\/xat-de-suport-emocional-per-a-joves\/\" \/>\n<meta property=\"og:site_name\" content=\"Fundaci\u00f3n Ajuda i Esperan\u00e7a\" \/>\n<meta property=\"article:modified_time\" content=\"2026-02-11T09:38:26+00:00\" \/>\n<meta name=\"twitter:card\" content=\"summary_large_image\" \/>\n<meta name=\"twitter:label1\" content=\"Tiempo de lectura\" \/>\n\t<meta name=\"twitter:data1\" content=\"2 minutos\" \/>\n<script type=\"application\/ld+json\" class=\"yoast-schema-graph\">{\"@context\":\"https:\/\/schema.org\",\"@graph\":[{\"@type\":\"WebPage\",\"@id\":\"https:\/\/esperancaenlinia.org\/xat-de-suport-emocional-per-a-joves\/\",\"url\":\"https:\/\/esperancaenlinia.org\/xat-de-suport-emocional-per-a-joves\/\",\"name\":\"Xat de suport emocional per a joves - Fundaci\u00f3n Ajuda i Esperan\u00e7a\",\"isPartOf\":{\"@id\":\"https:\/\/esperancaenlinia.org\/#website\"},\"datePublished\":\"2024-05-06T20:29:42+00:00\",\"dateModified\":\"2026-02-11T09:38:26+00:00\",\"breadcrumb\":{\"@id\":\"https:\/\/esperancaenlinia.org\/xat-de-suport-emocional-per-a-joves\/#breadcrumb\"},\"inLanguage\":\"es\",\"potentialAction\":[{\"@type\":\"ReadAction\",\"target\":[\"https:\/\/esperancaenlinia.org\/xat-de-suport-emocional-per-a-joves\/\"]}]},{\"@type\":\"BreadcrumbList\",\"@id\":\"https:\/\/esperancaenlinia.org\/xat-de-suport-emocional-per-a-joves\/#breadcrumb\",\"itemListElement\":[{\"@type\":\"ListItem\",\"position\":1,\"name\":\"Portada\",\"item\":\"https:\/\/esperancaenlinia.org\/\"},{\"@type\":\"ListItem\",\"position\":2,\"name\":\"Xat de suport emocional per a joves\"}]},{\"@type\":\"WebSite\",\"@id\":\"https:\/\/esperancaenlinia.org\/#website\",\"url\":\"https:\/\/esperancaenlinia.org\/\",\"name\":\"Fundaci\u00f3n Ajuda i Esperan\u00e7a\",\"description\":\"\",\"publisher\":{\"@id\":\"https:\/\/esperancaenlinia.org\/#organization\"},\"potentialAction\":[{\"@type\":\"SearchAction\",\"target\":{\"@type\":\"EntryPoint\",\"urlTemplate\":\"https:\/\/esperancaenlinia.org\/?s={search_term_string}\"},\"query-input\":{\"@type\":\"PropertyValueSpecification\",\"valueRequired\":true,\"valueName\":\"search_term_string\"}}],\"inLanguage\":\"es\"},{\"@type\":\"Organization\",\"@id\":\"https:\/\/esperancaenlinia.org\/#organization\",\"name\":\"Fundaci\u00f3n Ajuda i Esperan\u00e7a\",\"url\":\"https:\/\/esperancaenlinia.org\/\",\"logo\":{\"@type\":\"ImageObject\",\"inLanguage\":\"es\",\"@id\":\"https:\/\/esperancaenlinia.org\/#\/schema\/logo\/image\/\",\"url\":\"https:\/\/esperancaenlinia.org\/wp-content\/uploads\/2024\/04\/logo-1.png\",\"contentUrl\":\"https:\/\/esperancaenlinia.org\/wp-content\/uploads\/2024\/04\/logo-1.png\",\"width\":662,\"height\":200,\"caption\":\"Fundaci\u00f3n Ajuda i Esperan\u00e7a\"},\"image\":{\"@id\":\"https:\/\/esperancaenlinia.org\/#\/schema\/logo\/image\/\"}}]}<\/script>\n<!-- \/ Yoast SEO plugin. -->","yoast_head_json":{"title":"Xat de suport emocional per a joves - Fundaci\u00f3n Ajuda i Esperan\u00e7a","robots":{"index":"index","follow":"follow","max-snippet":"max-snippet:-1","max-image-preview":"max-image-preview:large","max-video-preview":"max-video-preview:-1"},"canonical":"https:\/\/esperancaenlinia.org\/es\/xat-de-suport-emocional-per-a-joves\/","og_locale":"es_ES","og_type":"article","og_title":"Xat de suport emocional per a joves - Fundaci\u00f3n Ajuda i Esperan\u00e7a","og_description":"Inici | Xat de Suport Emocional per a Adolescents i Joves Xat de Suport Emocional per a Adolescents i Joves https:\/\/esperancaenlinia.org\/wp-content\/uploads\/2025\/01\/Esperanca_Video-3_Dona_CAT_FINAL.mp4 Xat de Suport Emocional per a Adolescents i Joves 679 333 363 Envia\u2019ns un WhatsApp El Xat de Suport Emocional per a Joves \u00e9s un servei de missatgeria instant\u00e0nia que ofereix acompanyament a adolescents&hellip;&nbsp;Xat de suport emocional per a joves","og_url":"https:\/\/esperancaenlinia.org\/es\/xat-de-suport-emocional-per-a-joves\/","og_site_name":"Fundaci\u00f3n Ajuda i Esperan\u00e7a","article_modified_time":"2026-02-11T09:38:26+00:00","twitter_card":"summary_large_image","twitter_misc":{"Tiempo de lectura":"2 minutos"},"schema":{"@context":"https:\/\/schema.org","@graph":[{"@type":"WebPage","@id":"https:\/\/esperancaenlinia.org\/xat-de-suport-emocional-per-a-joves\/","url":"https:\/\/esperancaenlinia.org\/xat-de-suport-emocional-per-a-joves\/","name":"Xat de suport emocional per a joves - Fundaci\u00f3n Ajuda i Esperan\u00e7a","isPartOf":{"@id":"https:\/\/esperancaenlinia.org\/#website"},"datePublished":"2024-05-06T20:29:42+00:00","dateModified":"2026-02-11T09:38:26+00:00","breadcrumb":{"@id":"https:\/\/esperancaenlinia.org\/xat-de-suport-emocional-per-a-joves\/#breadcrumb"},"inLanguage":"es","potentialAction":[{"@type":"ReadAction","target":["https:\/\/esperancaenlinia.org\/xat-de-suport-emocional-per-a-joves\/"]}]},{"@type":"BreadcrumbList","@id":"https:\/\/esperancaenlinia.org\/xat-de-suport-emocional-per-a-joves\/#breadcrumb","itemListElement":[{"@type":"ListItem","position":1,"name":"Portada","item":"https:\/\/esperancaenlinia.org\/"},{"@type":"ListItem","position":2,"name":"Xat de suport emocional per a joves"}]},{"@type":"WebSite","@id":"https:\/\/esperancaenlinia.org\/#website","url":"https:\/\/esperancaenlinia.org\/","name":"Fundaci\u00f3n Ayuda y Esperanza","description":"","publisher":{"@id":"https:\/\/esperancaenlinia.org\/#organization"},"potentialAction":[{"@type":"SearchAction","target":{"@type":"EntryPoint","urlTemplate":"https:\/\/esperancaenlinia.org\/?s={search_term_string}"},"query-input":{"@type":"PropertyValueSpecification","valueRequired":true,"valueName":"search_term_string"}}],"inLanguage":"es"},{"@type":"Organization","@id":"https:\/\/esperancaenlinia.org\/#organization","name":"Fundaci\u00f3n Ayuda y Esperanza","url":"https:\/\/esperancaenlinia.org\/","logo":{"@type":"ImageObject","inLanguage":"es","@id":"https:\/\/esperancaenlinia.org\/#\/schema\/logo\/image\/","url":"https:\/\/esperancaenlinia.org\/wp-content\/uploads\/2024\/04\/logo-1.png","contentUrl":"https:\/\/esperancaenlinia.org\/wp-content\/uploads\/2024\/04\/logo-1.png","width":662,"height":200,"caption":"Fundaci\u00f3n Ajuda i Esperan\u00e7a"},"image":{"@id":"https:\/\/esperancaenlinia.org\/#\/schema\/logo\/image\/"}}]}},"_links":{"self":[{"href":"https:\/\/esperancaenlinia.org\/es\/wp-json\/wp\/v2\/pages\/1044","targetHints":{"allow":["GET"]}}],"collection":[{"href":"https:\/\/esperancaenlinia.org\/es\/wp-json\/wp\/v2\/pages"}],"about":[{"href":"https:\/\/esperancaenlinia.org\/es\/wp-json\/wp\/v2\/types\/page"}],"author":[{"embeddable":true,"href":"https:\/\/esperancaenlinia.org\/es\/wp-json\/wp\/v2\/users\/1"}],"replies":[{"embeddable":true,"href":"https:\/\/esperancaenlinia.org\/es\/wp-json\/wp\/v2\/comments?post=1044"}],"version-history":[{"count":157,"href":"https:\/\/esperancaenlinia.org\/es\/wp-json\/wp\/v2\/pages\/1044\/revisions"}],"predecessor-version":[{"id":7480,"href":"https:\/\/esperancaenlinia.org\/es\/wp-json\/wp\/v2\/pages\/1044\/revisions\/7480"}],"wp:attachment":[{"href":"https:\/\/esperancaenlinia.org\/es\/wp-json\/wp\/v2\/media?parent=1044"}],"curies":[{"name":"wp","href":"https:\/\/api.w.org\/{rel}","templated":true}]}}