{"id":2128,"date":"2025-01-17T11:34:17","date_gmt":"2025-01-17T10:34:17","guid":{"rendered":"https:\/\/esperancaenlinia.org\/?page_id=2128"},"modified":"2026-02-11T10:36:20","modified_gmt":"2026-02-11T09:36:20","slug":"totbe-xat-de-suport-emocional-per-a-joves","status":"publish","type":"page","link":"https:\/\/esperancaenlinia.org\/es\/totbe-xat-de-suport-emocional-per-a-joves\/","title":{"rendered":"\u00bfTodo bien? Chat de apoyo emocional para j\u00f3venes"},"content":{"rendered":"<div data-elementor-type=\"wp-page\" data-elementor-id=\"2128\" class=\"elementor elementor-2128\" data-elementor-post-type=\"page\">\n\t\t\t\t<div class=\"elementor-element elementor-element-5e5aad77 e-flex e-con-boxed e-con e-parent\" data-id=\"5e5aad77\" data-element_type=\"container\" data-e-type=\"container\" data-settings=\"{&quot;background_background&quot;:&quot;classic&quot;}\">\n\t\t\t\t\t<div class=\"e-con-inner\">\n\t\t\t\t<div class=\"elementor-element elementor-element-3c1dfc19 elementor-widget elementor-widget-heading\" data-id=\"3c1dfc19\" data-element_type=\"widget\" data-e-type=\"widget\" data-widget_type=\"heading.default\">\n\t\t\t\t<div class=\"elementor-widget-container\">\n\t\t\t\t\t<p class=\"elementor-heading-title elementor-size-default\">Inicio | \u00bftodo bien? Chat de apoyo emocional para j\u00f3venes<\/p>\t\t\t\t<\/div>\n\t\t\t\t<\/div>\n\t\t\t\t<div class=\"elementor-element elementor-element-3d19827d elementor-widget__width-inherit elementor-widget elementor-widget-heading\" data-id=\"3d19827d\" data-element_type=\"widget\" data-e-type=\"widget\" data-widget_type=\"heading.default\">\n\t\t\t\t<div class=\"elementor-widget-container\">\n\t\t\t\t\t<h2 class=\"elementor-heading-title elementor-size-default\">\u00bftodo bien? Chat de apoyo emocional para j\u00f3venes<\/h2>\t\t\t\t<\/div>\n\t\t\t\t<\/div>\n\t\t\t\t\t<\/div>\n\t\t\t\t<\/div>\n\t\t<div class=\"elementor-element elementor-element-466dcec e-flex e-con-boxed e-con e-parent\" data-id=\"466dcec\" data-element_type=\"container\" data-e-type=\"container\">\n\t\t\t\t\t<div class=\"e-con-inner\">\n\t\t<div class=\"elementor-element elementor-element-51ef0558 e-con-full e-flex e-con e-child\" data-id=\"51ef0558\" data-element_type=\"container\" data-e-type=\"container\">\n\t\t\t\t<div class=\"elementor-element elementor-element-ab7546c elementor-widget elementor-widget-video\" data-id=\"ab7546c\" data-element_type=\"widget\" data-e-type=\"widget\" data-settings=\"{&quot;video_type&quot;:&quot;hosted&quot;,&quot;controls&quot;:&quot;yes&quot;}\" data-widget_type=\"video.default\">\n\t\t\t\t<div class=\"elementor-widget-container\">\n\t\t\t\t\t\t\t<div class=\"e-hosted-video elementor-wrapper elementor-open-inline\">\n\t\t\t\t\t<video class=\"elementor-video\" src=\"https:\/\/esperancaenlinia.org\/wp-content\/uploads\/2025\/01\/Totbe_videoXS.mp4\" controls=\"\" preload=\"metadata\" controlslist=\"nodownload\"><\/video>\n\t\t\t\t<\/div>\n\t\t\t\t\t\t<\/div>\n\t\t\t\t<\/div>\n\t\t\t\t<\/div>\n\t\t<div class=\"elementor-element elementor-element-248a5ae9 e-con-full e-flex e-con e-child\" data-id=\"248a5ae9\" data-element_type=\"container\" data-e-type=\"container\">\n\t\t\t\t<div class=\"elementor-element elementor-element-7c575808 elementor-widget__width-initial elementor-widget elementor-widget-heading\" data-id=\"7c575808\" data-element_type=\"widget\" data-e-type=\"widget\" data-widget_type=\"heading.default\">\n\t\t\t\t<div class=\"elementor-widget-container\">\n\t\t\t\t\t<h2 class=\"elementor-heading-title elementor-size-default\">\u00bfTodo bien? Chat de apoyo emocional para j\u00f3venes<\/h2>\t\t\t\t<\/div>\n\t\t\t\t<\/div>\n\t\t\t\t<div class=\"elementor-element elementor-element-9c1fb24 elementor-widget__width-initial elementor-widget elementor-widget-heading\" data-id=\"9c1fb24\" data-element_type=\"widget\" data-e-type=\"widget\" data-widget_type=\"heading.default\">\n\t\t\t\t<div class=\"elementor-widget-container\">\n\t\t\t\t\t<h2 class=\"elementor-heading-title elementor-size-default\">651 651<\/h2>\t\t\t\t<\/div>\n\t\t\t\t<\/div>\n\t\t\t\t<div class=\"elementor-element elementor-element-3a0a442d elementor-widget__width-initial elementor-widget elementor-widget-heading\" data-id=\"3a0a442d\" data-element_type=\"widget\" data-e-type=\"widget\" data-widget_type=\"heading.default\">\n\t\t\t\t<div class=\"elementor-widget-container\">\n\t\t\t\t\t<p class=\"elementor-heading-title elementor-size-default\">Chat de soporte v\u00eda Whatsapp para adolescentes y j\u00f3venes. Impulsado por el gobierno de Andorra. <\/p>\t\t\t\t<\/div>\n\t\t\t\t<\/div>\n\t\t\t\t<div class=\"elementor-element elementor-element-2b05cdc elementor-mobile-align-justify elementor-align-center elementor-widget elementor-widget-button\" data-id=\"2b05cdc\" data-element_type=\"widget\" data-e-type=\"widget\" data-widget_type=\"button.default\">\n\t\t\t\t<div class=\"elementor-widget-container\">\n\t\t\t\t\t\t\t\t\t<div class=\"elementor-button-wrapper\">\n\t\t\t\t\t<a class=\"elementor-button elementor-button-link elementor-size-sm\" href=\"https:\/\/wa.me\/376651651\/?text=Hola!\">\n\t\t\t\t\t\t<span class=\"elementor-button-content-wrapper\">\n\t\t\t\t\t\t<span class=\"elementor-button-icon\">\n\t\t\t\t<svg xmlns=\"http:\/\/www.w3.org\/2000\/svg\" width=\"21\" height=\"21\" viewbox=\"0 0 21 21\" fill=\"none\"><path d=\"M6.59581 18.2903L0.75 19.7497L2.20977 15.3646V2.21617C2.20977 1.82609 2.36449 1.45618 2.6403 1.18044C2.91611 0.904688 3.28609 0.75 3.67626 0.75H18.2874C18.6776 0.75 19.0476 0.904688 19.3234 1.18044C19.5992 1.45618 19.7539 1.82609 19.7539 2.21617V16.8241C19.7539 17.2142 19.5992 17.5841 19.3234 17.8598C19.0476 18.1356 18.6776 18.2903 18.2874 18.2903H6.59581Z\" stroke=\"#E0E3A0\" stroke-width=\"1.5\" stroke-linecap=\"round\" stroke-linejoin=\"round\"><\/path><path d=\"M6.5957 7.33435H15.361\" stroke=\"#E0E3A0\" stroke-width=\"1.5\" stroke-linecap=\"round\" stroke-linejoin=\"round\"><\/path><path d=\"M6.5957 11.7194H12.4415\" stroke=\"#E0E3A0\" stroke-width=\"1.5\" stroke-linecap=\"round\" stroke-linejoin=\"round\"><\/path><\/svg>\t\t\t<\/span>\n\t\t\t\t\t\t\t\t\t<span class=\"elementor-button-text\">Env\u00edanos un WhatsApp<\/span>\n\t\t\t\t\t<\/span>\n\t\t\t\t\t<\/a>\n\t\t\t\t<\/div>\n\t\t\t\t\t\t\t\t<\/div>\n\t\t\t\t<\/div>\n\t\t\t\t<div class=\"elementor-element elementor-element-d91c970 elementor-widget__width-initial elementor-widget elementor-widget-heading\" data-id=\"d91c970\" data-element_type=\"widget\" data-e-type=\"widget\" data-widget_type=\"heading.default\">\n\t\t\t\t<div class=\"elementor-widget-container\">\n\t\t\t\t\t<p class=\"elementor-heading-title elementor-size-default\">\u00c9ste es un <strong>chat de apoyo emocional para j\u00f3venes<\/strong>, esta vez impulsado por <strong>Ministerio de Salud de Andorra<\/strong>. \u00bfBajo la marca Totb\u00e9?, opera un servicio de acompa\u00f1amiento para j\u00f3venes v\u00eda WhatsApp que atiende 24 horas al d\u00eda, los 365 d\u00edas del a\u00f1o, mediante nuestro equipo de voluntariado. Este dispositivo va dirigido a <strong>adolescentes y j\u00f3venes de 14 a 35 a\u00f1os<\/strong>, pero tambi\u00e9n en <strong>familiares, amistades o docentes<\/strong> que detecten malestar emocional o riesgo de conductas suicidas o de autolesi\u00f3n entre las personas de este grupo de edad de su entorno.&nbsp;<\/p>\t\t\t\t<\/div>\n\t\t\t\t<\/div>\n\t\t\t\t<div class=\"elementor-element elementor-element-f07aa8f elementor-widget__width-initial elementor-widget elementor-widget-heading\" data-id=\"f07aa8f\" data-element_type=\"widget\" data-e-type=\"widget\" data-widget_type=\"heading.default\">\n\t\t\t\t<div class=\"elementor-widget-container\">\n\t\t\t\t\t<p class=\"elementor-heading-title elementor-size-default\">El proyecto va orientado a la prevenci\u00f3n, ya que aspira a detectar y enderezar posibles problemas de salud mental y adicciones de forma temprana, de acuerdo al gobierno andorrano. Como en el resto de servicios, el equipo voluntario que atiende el chat dispone de un directorio de <strong>servicios p\u00fablicos y recursos comunitarios<\/strong> d\u00f3nde dirigir a la persona usuaria de acuerdo con la problem\u00e1tica expresada.&nbsp;<\/p>\t\t\t\t<\/div>\n\t\t\t\t<\/div>\n\t\t\t\t<div class=\"elementor-element elementor-element-b1da19d elementor-widget__width-initial elementor-widget elementor-widget-heading\" data-id=\"b1da19d\" data-element_type=\"widget\" data-e-type=\"widget\" data-widget_type=\"heading.default\">\n\t\t\t\t<div class=\"elementor-widget-container\">\n\t\t\t\t\t<p class=\"elementor-heading-title elementor-size-default\">El servicio es fruto de una colaboraci\u00f3n entre el <a>Gobierno de Andorra<\/a>, el'<a>Asociaci\u00f3n por la Defensa del Juventud en Riesgo de Andorra<\/a> y la operadora <a>Andorra Telecom<\/a>.<\/p>\t\t\t\t<\/div>\n\t\t\t\t<\/div>\n\t\t\t\t<\/div>\n\t\t\t\t\t<\/div>\n\t\t\t\t<\/div>\n\t\t<div class=\"elementor-element elementor-element-108e081 e-flex e-con-boxed e-con e-parent\" data-id=\"108e081\" data-element_type=\"container\" data-e-type=\"container\" data-settings=\"{&quot;background_background&quot;:&quot;classic&quot;}\">\n\t\t\t\t\t<div class=\"e-con-inner\">\n\t\t\t\t<div class=\"elementor-element elementor-element-e43b086 elementor-widget elementor-widget-spacer\" data-id=\"e43b086\" data-element_type=\"widget\" data-e-type=\"widget\" data-widget_type=\"spacer.default\">\n\t\t\t\t<div class=\"elementor-widget-container\">\n\t\t\t\t\t\t\t<div class=\"elementor-spacer\">\n\t\t\t<div class=\"elementor-spacer-inner\"><\/div>\n\t\t<\/div>\n\t\t\t\t\t\t<\/div>\n\t\t\t\t<\/div>\n\t\t\t\t<div class=\"elementor-element elementor-element-5490c8c elementor-widget elementor-widget-text-editor\" data-id=\"5490c8c\" data-element_type=\"widget\" data-e-type=\"widget\" data-widget_type=\"text-editor.default\">\n\t\t\t\t<div class=\"elementor-widget-container\">\n\t\t\t\t\t\t\t\t\t<h5>\u00bfTodo bien? Chat de apoyo emocional para j\u00f3venes se puso en marcha el 24 de octubre de 2024, el mes en el que se celebra el D\u00eda Mundial de la Salud Mental. Es un proyecto impulsado y financiado por <a href=\"https:\/\/www.govern.ad\/ca\/inici\">Gobierno de Andorra<\/a> y forma parte del <a href=\"https:\/\/www.govern.ad\/ca\/tematiques\/salut\/temes-de-salut\/pla-integral-de-salut-mental-i-addiccions-pisma\">Plan Integral de Salud Mental y Adicciones<\/a> del <a href=\"https:\/\/www.govern.ad\/ca\/tematiques\/salut\">Ministerio de Salud de Andorra<\/a><\/h5><p>El servicio operado por Esperanza en L\u00ednea y con colaboraci\u00f3n y soporte t\u00e9cnico de<a style=\"margin: 0px; padding: 0px;\" role=\"link\" href=\"https:\/\/www.andorratelecom.ad\/\">Andorra Telecom<\/a>.<\/p>\t\t\t\t\t\t\t\t<\/div>\n\t\t\t\t<\/div>\n\t\t\t\t<div class=\"elementor-element elementor-element-8b88a5e elementor-widget elementor-widget-spacer\" data-id=\"8b88a5e\" data-element_type=\"widget\" data-e-type=\"widget\" data-widget_type=\"spacer.default\">\n\t\t\t\t<div class=\"elementor-widget-container\">\n\t\t\t\t\t\t\t<div class=\"elementor-spacer\">\n\t\t\t<div class=\"elementor-spacer-inner\"><\/div>\n\t\t<\/div>\n\t\t\t\t\t\t<\/div>\n\t\t\t\t<\/div>\n\t\t\t\t\t<\/div>\n\t\t\t\t<\/div>\n\t\t<div class=\"elementor-element elementor-element-e81b939 e-flex e-con-boxed e-con e-parent\" data-id=\"e81b939\" data-element_type=\"container\" data-e-type=\"container\" data-settings=\"{&quot;background_background&quot;:&quot;classic&quot;}\">\n\t\t\t\t\t<div class=\"e-con-inner\">\n\t\t\t\t<div class=\"elementor-element elementor-element-df06e10 elementor-widget elementor-widget-image\" data-id=\"df06e10\" data-element_type=\"widget\" data-e-type=\"widget\" data-widget_type=\"image.default\">\n\t\t\t\t<div class=\"elementor-widget-container\">\n\t\t\t\t\t\t\t\t\t\t\t\t\t\t\t<img fetchpriority=\"high\" decoding=\"async\" width=\"768\" height=\"768\" src=\"https:\/\/esperancaenlinia.org\/wp-content\/uploads\/2025\/01\/xxss_Instagram-post-1-copia-768x768.png\" class=\"attachment-medium_large size-medium_large wp-image-2506\" alt=\"totb\u00e9? xat de suport emocional per a joves\" srcset=\"https:\/\/esperancaenlinia.org\/wp-content\/uploads\/2025\/01\/xxss_Instagram-post-1-copia-768x768.png 768w, https:\/\/esperancaenlinia.org\/wp-content\/uploads\/2025\/01\/xxss_Instagram-post-1-copia-300x300.png 300w, https:\/\/esperancaenlinia.org\/wp-content\/uploads\/2025\/01\/xxss_Instagram-post-1-copia-100x100.png 100w, https:\/\/esperancaenlinia.org\/wp-content\/uploads\/2025\/01\/xxss_Instagram-post-1-copia-600x600.png 600w, https:\/\/esperancaenlinia.org\/wp-content\/uploads\/2025\/01\/xxss_Instagram-post-1-copia-1024x1024.png 1024w, https:\/\/esperancaenlinia.org\/wp-content\/uploads\/2025\/01\/xxss_Instagram-post-1-copia-150x150.png 150w, https:\/\/esperancaenlinia.org\/wp-content\/uploads\/2025\/01\/xxss_Instagram-post-1-copia-1536x1536.png 1536w, https:\/\/esperancaenlinia.org\/wp-content\/uploads\/2025\/01\/xxss_Instagram-post-1-copia-2048x2048.png 2048w, https:\/\/esperancaenlinia.org\/wp-content\/uploads\/2025\/01\/xxss_Instagram-post-1-copia-12x12.png 12w\" sizes=\"(max-width: 768px) 100vw, 768px\" \/>\t\t\t\t\t\t\t\t\t\t\t\t\t\t\t<\/div>\n\t\t\t\t<\/div>\n\t\t\t\t\t<\/div>\n\t\t\t\t<\/div>\n\t\t\t\t<\/div>","protected":false},"excerpt":{"rendered":"<p>Inici | totb\u00e9? Xat de suport emocional per a joves totb\u00e9? Xat de suport emocional per a joves https:\/\/esperancaenlinia.org\/wp-content\/uploads\/2025\/01\/Totbe_videoXS.mp4 Totb\u00e9? Xat de suport emocional per a joves 651 651 Xat de suport via Whatsapp per a adolescents i joves. Impulsat pel govern d&#8217;Andorra. Envia\u2019ns un WhatsApp Aquest \u00e9s un xat de suport emocional per a&hellip;&nbsp;<a href=\"https:\/\/esperancaenlinia.org\/es\/totbe-xat-de-suport-emocional-per-a-joves\/\" rel=\"bookmark\"><span class=\"screen-reader-text\">\u00bfTodo bien? Chat de apoyo emocional para j\u00f3venes<\/span><\/a><\/p>","protected":false},"author":3,"featured_media":0,"parent":0,"menu_order":0,"comment_status":"closed","ping_status":"closed","template":"elementor_header_footer","meta":{"neve_meta_sidebar":"","neve_meta_container":"","neve_meta_enable_content_width":"off","neve_meta_content_width":100,"neve_meta_title_alignment":"","neve_meta_author_avatar":"","neve_post_elements_order":"","neve_meta_disable_header":"","neve_meta_disable_footer":"","neve_meta_disable_title":"","footnotes":""},"class_list":["post-2128","page","type-page","status-publish","hentry"],"yoast_head":"<!-- This site is optimized with the Yoast SEO plugin v27.1.1 - https:\/\/yoast.com\/product\/yoast-seo-wordpress\/ -->\n<title>Totb\u00e9? Xat de suport emocional per a joves - Fundaci\u00f3n Ajuda i Esperan\u00e7a<\/title>\n<meta name=\"robots\" content=\"index, follow, max-snippet:-1, max-image-preview:large, max-video-preview:-1\" \/>\n<link rel=\"canonical\" href=\"https:\/\/esperancaenlinia.org\/es\/totbe-xat-de-suport-emocional-per-a-joves\/\" \/>\n<meta property=\"og:locale\" content=\"es_ES\" \/>\n<meta property=\"og:type\" content=\"article\" \/>\n<meta property=\"og:title\" content=\"Totb\u00e9? Xat de suport emocional per a joves - Fundaci\u00f3n Ajuda i Esperan\u00e7a\" \/>\n<meta property=\"og:description\" content=\"Inici | totb\u00e9? Xat de suport emocional per a joves totb\u00e9? Xat de suport emocional per a joves https:\/\/esperancaenlinia.org\/wp-content\/uploads\/2025\/01\/Totbe_videoXS.mp4 Totb\u00e9? Xat de suport emocional per a joves 651 651 Xat de suport via Whatsapp per a adolescents i joves. Impulsat pel govern d&#8217;Andorra. Envia\u2019ns un WhatsApp Aquest \u00e9s un xat de suport emocional per a&hellip;&nbsp;Totb\u00e9? Xat de suport emocional per a joves\" \/>\n<meta property=\"og:url\" content=\"https:\/\/esperancaenlinia.org\/es\/totbe-xat-de-suport-emocional-per-a-joves\/\" \/>\n<meta property=\"og:site_name\" content=\"Fundaci\u00f3n Ajuda i Esperan\u00e7a\" \/>\n<meta property=\"article:modified_time\" content=\"2026-02-11T09:36:20+00:00\" \/>\n<meta property=\"og:image\" content=\"https:\/\/esperancaenlinia.org\/wp-content\/uploads\/2025\/01\/xxss_Instagram-post-1-copia.png\" \/>\n\t<meta property=\"og:image:width\" content=\"2250\" \/>\n\t<meta property=\"og:image:height\" content=\"2250\" \/>\n\t<meta property=\"og:image:type\" content=\"image\/png\" \/>\n<meta name=\"twitter:card\" content=\"summary_large_image\" \/>\n<meta name=\"twitter:label1\" content=\"Tiempo de lectura\" \/>\n\t<meta name=\"twitter:data1\" content=\"2 minutos\" \/>\n<script type=\"application\/ld+json\" class=\"yoast-schema-graph\">{\"@context\":\"https:\/\/schema.org\",\"@graph\":[{\"@type\":\"WebPage\",\"@id\":\"https:\/\/esperancaenlinia.org\/totbe-xat-de-suport-emocional-per-a-joves\/\",\"url\":\"https:\/\/esperancaenlinia.org\/totbe-xat-de-suport-emocional-per-a-joves\/\",\"name\":\"Totb\u00e9? Xat de suport emocional per a joves - Fundaci\u00f3n Ajuda i Esperan\u00e7a\",\"isPartOf\":{\"@id\":\"https:\/\/esperancaenlinia.org\/#website\"},\"primaryImageOfPage\":{\"@id\":\"https:\/\/esperancaenlinia.org\/totbe-xat-de-suport-emocional-per-a-joves\/#primaryimage\"},\"image\":{\"@id\":\"https:\/\/esperancaenlinia.org\/totbe-xat-de-suport-emocional-per-a-joves\/#primaryimage\"},\"thumbnailUrl\":\"https:\/\/esperancaenlinia.org\/wp-content\/uploads\/2025\/01\/xxss_Instagram-post-1-copia-768x768.png\",\"datePublished\":\"2025-01-17T10:34:17+00:00\",\"dateModified\":\"2026-02-11T09:36:20+00:00\",\"breadcrumb\":{\"@id\":\"https:\/\/esperancaenlinia.org\/totbe-xat-de-suport-emocional-per-a-joves\/#breadcrumb\"},\"inLanguage\":\"es\",\"potentialAction\":[{\"@type\":\"ReadAction\",\"target\":[\"https:\/\/esperancaenlinia.org\/totbe-xat-de-suport-emocional-per-a-joves\/\"]}]},{\"@type\":\"ImageObject\",\"inLanguage\":\"es\",\"@id\":\"https:\/\/esperancaenlinia.org\/totbe-xat-de-suport-emocional-per-a-joves\/#primaryimage\",\"url\":\"https:\/\/esperancaenlinia.org\/wp-content\/uploads\/2025\/01\/xxss_Instagram-post-1-copia-768x768.png\",\"contentUrl\":\"https:\/\/esperancaenlinia.org\/wp-content\/uploads\/2025\/01\/xxss_Instagram-post-1-copia-768x768.png\"},{\"@type\":\"BreadcrumbList\",\"@id\":\"https:\/\/esperancaenlinia.org\/totbe-xat-de-suport-emocional-per-a-joves\/#breadcrumb\",\"itemListElement\":[{\"@type\":\"ListItem\",\"position\":1,\"name\":\"Portada\",\"item\":\"https:\/\/esperancaenlinia.org\/\"},{\"@type\":\"ListItem\",\"position\":2,\"name\":\"Totb\u00e9? Xat de suport emocional per a joves\"}]},{\"@type\":\"WebSite\",\"@id\":\"https:\/\/esperancaenlinia.org\/#website\",\"url\":\"https:\/\/esperancaenlinia.org\/\",\"name\":\"Fundaci\u00f3n Ajuda i Esperan\u00e7a\",\"description\":\"\",\"publisher\":{\"@id\":\"https:\/\/esperancaenlinia.org\/#organization\"},\"potentialAction\":[{\"@type\":\"SearchAction\",\"target\":{\"@type\":\"EntryPoint\",\"urlTemplate\":\"https:\/\/esperancaenlinia.org\/?s={search_term_string}\"},\"query-input\":{\"@type\":\"PropertyValueSpecification\",\"valueRequired\":true,\"valueName\":\"search_term_string\"}}],\"inLanguage\":\"es\"},{\"@type\":\"Organization\",\"@id\":\"https:\/\/esperancaenlinia.org\/#organization\",\"name\":\"Fundaci\u00f3n Ajuda i Esperan\u00e7a\",\"url\":\"https:\/\/esperancaenlinia.org\/\",\"logo\":{\"@type\":\"ImageObject\",\"inLanguage\":\"es\",\"@id\":\"https:\/\/esperancaenlinia.org\/#\/schema\/logo\/image\/\",\"url\":\"https:\/\/esperancaenlinia.org\/wp-content\/uploads\/2024\/04\/logo-1.png\",\"contentUrl\":\"https:\/\/esperancaenlinia.org\/wp-content\/uploads\/2024\/04\/logo-1.png\",\"width\":662,\"height\":200,\"caption\":\"Fundaci\u00f3n Ajuda i Esperan\u00e7a\"},\"image\":{\"@id\":\"https:\/\/esperancaenlinia.org\/#\/schema\/logo\/image\/\"}}]}<\/script>\n<!-- \/ Yoast SEO plugin. -->","yoast_head_json":{"title":"\u00bfTodo bien? Chat de apoyo emocional para j\u00f3venes - Fundaci\u00f3n Ayuda y Esperanza","robots":{"index":"index","follow":"follow","max-snippet":"max-snippet:-1","max-image-preview":"max-image-preview:large","max-video-preview":"max-video-preview:-1"},"canonical":"https:\/\/esperancaenlinia.org\/es\/totbe-xat-de-suport-emocional-per-a-joves\/","og_locale":"es_ES","og_type":"article","og_title":"Totb\u00e9? Xat de suport emocional per a joves - Fundaci\u00f3n Ajuda i Esperan\u00e7a","og_description":"Inici | totb\u00e9? Xat de suport emocional per a joves totb\u00e9? Xat de suport emocional per a joves https:\/\/esperancaenlinia.org\/wp-content\/uploads\/2025\/01\/Totbe_videoXS.mp4 Totb\u00e9? Xat de suport emocional per a joves 651 651 Xat de suport via Whatsapp per a adolescents i joves. Impulsat pel govern d&#8217;Andorra. Envia\u2019ns un WhatsApp Aquest \u00e9s un xat de suport emocional per a&hellip;&nbsp;Totb\u00e9? Xat de suport emocional per a joves","og_url":"https:\/\/esperancaenlinia.org\/es\/totbe-xat-de-suport-emocional-per-a-joves\/","og_site_name":"Fundaci\u00f3n Ajuda i Esperan\u00e7a","article_modified_time":"2026-02-11T09:36:20+00:00","og_image":[{"width":2250,"height":2250,"url":"https:\/\/esperancaenlinia.org\/wp-content\/uploads\/2025\/01\/xxss_Instagram-post-1-copia.png","type":"image\/png"}],"twitter_card":"summary_large_image","twitter_misc":{"Tiempo de lectura":"2 minutos"},"schema":{"@context":"https:\/\/schema.org","@graph":[{"@type":"WebPage","@id":"https:\/\/esperancaenlinia.org\/totbe-xat-de-suport-emocional-per-a-joves\/","url":"https:\/\/esperancaenlinia.org\/totbe-xat-de-suport-emocional-per-a-joves\/","name":"\u00bfTodo bien? Chat de apoyo emocional para j\u00f3venes - Fundaci\u00f3n Ayuda y Esperanza","isPartOf":{"@id":"https:\/\/esperancaenlinia.org\/#website"},"primaryImageOfPage":{"@id":"https:\/\/esperancaenlinia.org\/totbe-xat-de-suport-emocional-per-a-joves\/#primaryimage"},"image":{"@id":"https:\/\/esperancaenlinia.org\/totbe-xat-de-suport-emocional-per-a-joves\/#primaryimage"},"thumbnailUrl":"https:\/\/esperancaenlinia.org\/wp-content\/uploads\/2025\/01\/xxss_Instagram-post-1-copia-768x768.png","datePublished":"2025-01-17T10:34:17+00:00","dateModified":"2026-02-11T09:36:20+00:00","breadcrumb":{"@id":"https:\/\/esperancaenlinia.org\/totbe-xat-de-suport-emocional-per-a-joves\/#breadcrumb"},"inLanguage":"es","potentialAction":[{"@type":"ReadAction","target":["https:\/\/esperancaenlinia.org\/totbe-xat-de-suport-emocional-per-a-joves\/"]}]},{"@type":"ImageObject","inLanguage":"es","@id":"https:\/\/esperancaenlinia.org\/totbe-xat-de-suport-emocional-per-a-joves\/#primaryimage","url":"https:\/\/esperancaenlinia.org\/wp-content\/uploads\/2025\/01\/xxss_Instagram-post-1-copia-768x768.png","contentUrl":"https:\/\/esperancaenlinia.org\/wp-content\/uploads\/2025\/01\/xxss_Instagram-post-1-copia-768x768.png"},{"@type":"BreadcrumbList","@id":"https:\/\/esperancaenlinia.org\/totbe-xat-de-suport-emocional-per-a-joves\/#breadcrumb","itemListElement":[{"@type":"ListItem","position":1,"name":"Portada","item":"https:\/\/esperancaenlinia.org\/"},{"@type":"ListItem","position":2,"name":"Totb\u00e9? Xat de suport emocional per a joves"}]},{"@type":"WebSite","@id":"https:\/\/esperancaenlinia.org\/#website","url":"https:\/\/esperancaenlinia.org\/","name":"Fundaci\u00f3n Ayuda y Esperanza","description":"","publisher":{"@id":"https:\/\/esperancaenlinia.org\/#organization"},"potentialAction":[{"@type":"SearchAction","target":{"@type":"EntryPoint","urlTemplate":"https:\/\/esperancaenlinia.org\/?s={search_term_string}"},"query-input":{"@type":"PropertyValueSpecification","valueRequired":true,"valueName":"search_term_string"}}],"inLanguage":"es"},{"@type":"Organization","@id":"https:\/\/esperancaenlinia.org\/#organization","name":"Fundaci\u00f3n Ayuda y Esperanza","url":"https:\/\/esperancaenlinia.org\/","logo":{"@type":"ImageObject","inLanguage":"es","@id":"https:\/\/esperancaenlinia.org\/#\/schema\/logo\/image\/","url":"https:\/\/esperancaenlinia.org\/wp-content\/uploads\/2024\/04\/logo-1.png","contentUrl":"https:\/\/esperancaenlinia.org\/wp-content\/uploads\/2024\/04\/logo-1.png","width":662,"height":200,"caption":"Fundaci\u00f3n Ajuda i Esperan\u00e7a"},"image":{"@id":"https:\/\/esperancaenlinia.org\/#\/schema\/logo\/image\/"}}]}},"_links":{"self":[{"href":"https:\/\/esperancaenlinia.org\/es\/wp-json\/wp\/v2\/pages\/2128","targetHints":{"allow":["GET"]}}],"collection":[{"href":"https:\/\/esperancaenlinia.org\/es\/wp-json\/wp\/v2\/pages"}],"about":[{"href":"https:\/\/esperancaenlinia.org\/es\/wp-json\/wp\/v2\/types\/page"}],"author":[{"embeddable":true,"href":"https:\/\/esperancaenlinia.org\/es\/wp-json\/wp\/v2\/users\/3"}],"replies":[{"embeddable":true,"href":"https:\/\/esperancaenlinia.org\/es\/wp-json\/wp\/v2\/comments?post=2128"}],"version-history":[{"count":70,"href":"https:\/\/esperancaenlinia.org\/es\/wp-json\/wp\/v2\/pages\/2128\/revisions"}],"predecessor-version":[{"id":7465,"href":"https:\/\/esperancaenlinia.org\/es\/wp-json\/wp\/v2\/pages\/2128\/revisions\/7465"}],"wp:attachment":[{"href":"https:\/\/esperancaenlinia.org\/es\/wp-json\/wp\/v2\/media?parent=2128"}],"curies":[{"name":"wp","href":"https:\/\/api.w.org\/{rel}","templated":true}]}}