{"id":5368,"date":"2025-06-17T10:37:53","date_gmt":"2025-06-17T08:37:53","guid":{"rendered":"https:\/\/esperancaenlinia.org\/?page_id=5368"},"modified":"2025-11-20T10:44:57","modified_gmt":"2025-11-20T09:44:57","slug":"politica-de-privacitat-donacions","status":"publish","type":"page","link":"https:\/\/esperancaenlinia.org\/es\/politica-de-privacitat-donacions\/","title":{"rendered":"POL\u00cdTICA DE PRIVACIDAD DONACIONES"},"content":{"rendered":"<div data-elementor-type=\"wp-page\" data-elementor-id=\"5368\" class=\"elementor elementor-5368\" data-elementor-post-type=\"page\">\n\t\t\t\t<div class=\"elementor-element elementor-element-42b9f977 animated-slow e-con-full e-flex elementor-invisible e-con e-parent\" data-id=\"42b9f977\" data-element_type=\"container\" data-e-type=\"container\" data-settings=\"{&quot;background_background&quot;:&quot;classic&quot;,&quot;animation&quot;:&quot;fadeIn&quot;}\">\n\t\t\t\t<div class=\"elementor-element elementor-element-727b9d2 elementor-icon-list--layout-inline elementor-list-item-link-full_width elementor-widget elementor-widget-icon-list\" data-id=\"727b9d2\" data-element_type=\"widget\" data-e-type=\"widget\" data-widget_type=\"icon-list.default\">\n\t\t\t\t<div class=\"elementor-widget-container\">\n\t\t\t\t\t\t\t<ul class=\"elementor-icon-list-items elementor-inline-items\">\n\t\t\t\t\t\t\t<li class=\"elementor-icon-list-item elementor-inline-item\">\n\t\t\t\t\t\t\t\t\t\t\t<a href=\"https:\/\/esperancaenlinia.org\/es\/\">\n\n\t\t\t\t\t\t\t\t\t\t\t<span class=\"elementor-icon-list-text\">Inicio<\/span>\n\t\t\t\t\t\t\t\t\t\t\t<\/a>\n\t\t\t\t\t\t\t\t\t<\/li>\n\t\t\t\t\t\t\t\t<li class=\"elementor-icon-list-item elementor-inline-item\">\n\t\t\t\t\t\t\t\t\t\t<span class=\"elementor-icon-list-text\"><\/span>\n\t\t\t\t\t\t\t\t\t<\/li>\n\t\t\t\t\t\t<\/ul>\n\t\t\t\t\t\t<\/div>\n\t\t\t\t<\/div>\n\t\t\t\t<\/div>\n\t\t<div class=\"elementor-element elementor-element-196f4460 e-flex e-con-boxed e-con e-parent\" data-id=\"196f4460\" data-element_type=\"container\" data-e-type=\"container\" data-settings=\"{&quot;background_background&quot;:&quot;classic&quot;}\">\n\t\t\t\t\t<div class=\"e-con-inner\">\n\t\t\t\t<div class=\"elementor-element elementor-element-4694ef6d elementor-widget__width-initial elementor-widget elementor-widget-text-editor\" data-id=\"4694ef6d\" data-element_type=\"widget\" data-e-type=\"widget\" data-widget_type=\"text-editor.default\">\n\t\t\t\t<div class=\"elementor-widget-container\">\n\t\t\t\t\t\t\t\t\t<p><span style=\"font-weight: 400;\">Esperanza en L\u00ednea ofrece\u00a0<\/span><b>atenci\u00f3n y apoyo emocional<\/b><span style=\"font-weight: 400;\">\u00a0en un marco de total anonimato y\u00a0<\/span><b>confidencialidad<\/b><span style=\"font-weight: 400;\">\u00a0con el objetivo de mejorar la calidad de vida y el bienestar emocional de las personas que viven situaciones de soledad, incomunicaci\u00f3n o que generan un sufrimiento, contribuyendo as\u00ed a<\/span><b>\u00a0crear una sociedad m\u00e1s solidaria, acogedora y resiliente<\/b><span style=\"font-weight: 400;\">.\u00a0<\/span><\/p><p><span style=\"font-weight: 400;\">La\u00a0<\/span><b>Fundaci\u00f3n Ayuda y Esperanza<\/b><span style=\"font-weight: 400;\">\u00a0y <\/span><b>Esperanza online<\/b><span style=\"font-weight: 400;\">\u00a0informa a los usuarios\/arias del sitio web sobre su pol\u00edtica respecto al tratamiento y protecci\u00f3n de los datos de car\u00e1cter personal de los usuarios\/arias y clientes\/as que puedan ser obtenidos por la navegaci\u00f3n o contrataci\u00f3n de servicios a trav\u00e9s de su sitio web, as\u00ed como de los datos personales de que disponga la\u00a0<\/span><b>Fundaci\u00f3n Ayuda y Esperanza<\/b><span style=\"font-weight: 400;\">\u00a0y <\/span><b>Esperanza online<\/b><span style=\"font-weight: 400;\">\u00a0, obtenidas por cualquier otro medio o motivo.<\/span><\/p><p><span style=\"font-weight: 400;\">En este sentido, la\u00a0<\/span><b>Fundaci\u00f3n Ayuda y Esperanza<\/b><span style=\"font-weight: 400;\">\u00a0y <\/span><b>Esperanza online<\/b><span style=\"font-weight: 400;\">\u00a0 garantizan el cumplimiento de la normativa vigente en materia de protecci\u00f3n de datos personales, reflejada en el\u00a0<\/span><b>Reglamento General de Protecci\u00f3n de Datos (UE) 2016\/679<\/b><span style=\"font-weight: 400;\">\u00a0y la\u00a0<\/span><b>Ley Org\u00e1nica 3\/2018<\/b><span style=\"font-weight: 400;\">, de 5 de diciembre, de Protecci\u00f3n de Datos de Car\u00e1cter Personal.<\/span><\/p>\t\t\t\t\t\t\t\t<\/div>\n\t\t\t\t<\/div>\n\t\t<div class=\"elementor-element elementor-element-2305d12f e-con-full e-flex e-con e-child\" data-id=\"2305d12f\" data-element_type=\"container\" data-e-type=\"container\">\n\t\t\t\t<div class=\"elementor-element elementor-element-55bb1010 elementor-widget elementor-widget-heading\" data-id=\"55bb1010\" data-element_type=\"widget\" data-e-type=\"widget\" data-widget_type=\"heading.default\">\n\t\t\t\t<div class=\"elementor-widget-container\">\n\t\t\t\t\t<h2 class=\"elementor-heading-title elementor-size-default\">RESPONSABLE DEL TRATAMIENTO\n<\/h2>\t\t\t\t<\/div>\n\t\t\t\t<\/div>\n\t\t\t\t<div class=\"elementor-element elementor-element-c2f14bc elementor-widget elementor-widget-text-editor\" data-id=\"c2f14bc\" data-element_type=\"widget\" data-e-type=\"widget\" data-widget_type=\"text-editor.default\">\n\t\t\t\t<div class=\"elementor-widget-container\">\n\t\t\t\t\t\t\t\t\t<p>Responsable del tratamiento: FUNDACI\u00d3N AYUDA Y ESPERANZA<br \/>CIF: R-5800402-I<br \/>Direcci\u00f3n: C\/ Girona, 34 08010-Barcelona <br \/>Correo electr\u00f3nico: lopd@telefonesperanza.com<br \/>Datos de contacto del Delegado de Protecci\u00f3n de Datos: <br \/>anne.garcia@telefonoesperanza.com<\/p>\t\t\t\t\t\t\t\t<\/div>\n\t\t\t\t<\/div>\n\t\t\t\t<\/div>\n\t\t<div class=\"elementor-element elementor-element-23c25fd9 e-con-full e-flex e-con e-child\" data-id=\"23c25fd9\" data-element_type=\"container\" data-e-type=\"container\">\n\t\t\t\t<div class=\"elementor-element elementor-element-5096d1b3 elementor-widget elementor-widget-heading\" data-id=\"5096d1b3\" data-element_type=\"widget\" data-e-type=\"widget\" data-widget_type=\"heading.default\">\n\t\t\t\t<div class=\"elementor-widget-container\">\n\t\t\t\t\t<h2 class=\"elementor-heading-title elementor-size-default\">FINALIDADES DEL TRATAMIENTO DE DATOS\n<\/h2>\t\t\t\t<\/div>\n\t\t\t\t<\/div>\n\t\t\t\t<div class=\"elementor-element elementor-element-f142bd9 elementor-widget elementor-widget-text-editor\" data-id=\"f142bd9\" data-element_type=\"widget\" data-e-type=\"widget\" data-widget_type=\"text-editor.default\">\n\t\t\t\t<div class=\"elementor-widget-container\">\n\t\t\t\t\t\t\t\t\t<ul><li>Gestionar las donaciones realizadas a trav\u00e9s del sitio web.<\/li><li>Cumplir con las obligaciones legales, contables y fiscales derivadas de las donaciones.<\/li><li>Enviar comunicaciones relacionadas con la donaci\u00f3n (confirmaci\u00f3n, agradecimiento, etc.).<\/li><li>Enviar, en su caso y con consentimiento, informaci\u00f3n sobre futuras campa\u00f1as o actividades similares.<\/li><\/ul>\t\t\t\t\t\t\t\t<\/div>\n\t\t\t\t<\/div>\n\t\t\t\t<\/div>\n\t\t<div class=\"elementor-element elementor-element-378886f3 e-con-full e-flex e-con e-child\" data-id=\"378886f3\" data-element_type=\"container\" data-e-type=\"container\">\n\t\t\t\t<div class=\"elementor-element elementor-element-30be1669 elementor-widget elementor-widget-heading\" data-id=\"30be1669\" data-element_type=\"widget\" data-e-type=\"widget\" data-widget_type=\"heading.default\">\n\t\t\t\t<div class=\"elementor-widget-container\">\n\t\t\t\t\t<h2 class=\"elementor-heading-title elementor-size-default\">LEGITIMACI\u00d3N POR EL TRATAMIENTO DE DATOS \n<\/h2>\t\t\t\t<\/div>\n\t\t\t\t<\/div>\n\t\t\t\t<div class=\"elementor-element elementor-element-16d49664 elementor-widget elementor-widget-text-editor\" data-id=\"16d49664\" data-element_type=\"widget\" data-e-type=\"widget\" data-widget_type=\"text-editor.default\">\n\t\t\t\t<div class=\"elementor-widget-container\">\n\t\t\t\t\t\t\t\t\t<p>La base legal que nos permite el tratamiento de datos personales para las finalidades indicadas son: <br \/>1- Consentimiento <br \/>2- Ejecuci\u00f3n de una relaci\u00f3n contractual o medidas precontractuales. contrato (donaci\u00f3n voluntaria entre el donante y la entidad).<br \/>3- Inter\u00e9s leg\u00edtimo <br \/>4- Obligaci\u00f3n legal <\/p>\t\t\t\t\t\t\t\t<\/div>\n\t\t\t\t<\/div>\n\t\t\t\t<\/div>\n\t\t<div class=\"elementor-element elementor-element-523a5427 e-con-full e-flex e-con e-child\" data-id=\"523a5427\" data-element_type=\"container\" data-e-type=\"container\">\n\t\t\t\t<div class=\"elementor-element elementor-element-3027d271 elementor-widget elementor-widget-heading\" data-id=\"3027d271\" data-element_type=\"widget\" data-e-type=\"widget\" data-widget_type=\"heading.default\">\n\t\t\t\t<div class=\"elementor-widget-container\">\n\t\t\t\t\t<h2 class=\"elementor-heading-title elementor-size-default\">CONSERVACI\u00d3N DE LOS DATOS TRATADOS <\/h2>\t\t\t\t<\/div>\n\t\t\t\t<\/div>\n\t\t\t\t<div class=\"elementor-element elementor-element-11b02af9 elementor-widget elementor-widget-text-editor\" data-id=\"11b02af9\" data-element_type=\"widget\" data-e-type=\"widget\" data-widget_type=\"text-editor.default\">\n\t\t\t\t<div class=\"elementor-widget-container\">\n\t\t\t\t\t\t\t\t\t<p>Por todas las finalidades descritas, el per\u00edodo en el que los datos se conservar\u00e1n ser\u00e1 m\u00ednimo de doce meses al amparo de la Ley 25\/2007, de 18 de octubre, de conservaci\u00f3n de los datos relativos a las comunicaciones electr\u00f3nicas ya las redes p\u00fablicas de comunicaciones; y durante el plazo previsto en la normativa vigente en cada momento para hacer frente al ejercicio y defensa de reclamaciones.<\/p>\t\t\t\t\t\t\t\t<\/div>\n\t\t\t\t<\/div>\n\t\t\t\t<\/div>\n\t\t<div class=\"elementor-element elementor-element-3cf120a4 e-con-full e-flex e-con e-child\" data-id=\"3cf120a4\" data-element_type=\"container\" data-e-type=\"container\">\n\t\t\t\t<div class=\"elementor-element elementor-element-51f09fc8 elementor-widget elementor-widget-heading\" data-id=\"51f09fc8\" data-element_type=\"widget\" data-e-type=\"widget\" data-widget_type=\"heading.default\">\n\t\t\t\t<div class=\"elementor-widget-container\">\n\t\t\t\t\t<h2 class=\"elementor-heading-title elementor-size-default\">DESTINATARIOS DE LA INFORMACI\u00d3N\n<\/h2>\t\t\t\t<\/div>\n\t\t\t\t<\/div>\n\t\t\t\t<div class=\"elementor-element elementor-element-64e59667 elementor-widget elementor-widget-text-editor\" data-id=\"64e59667\" data-element_type=\"widget\" data-e-type=\"widget\" data-widget_type=\"text-editor.default\">\n\t\t\t\t<div class=\"elementor-widget-container\">\n\t\t\t\t\t\t\t\t\t<p>Los datos personales podr\u00e1n ser comunicados a los siguientes destinatarios, siempre con la base jur\u00eddica correspondiente y con las garant\u00edas adecuadas:<\/p><ul><li>El principal destinatario de datos es la Fundaci\u00f3n Ayuda y Esperanza, quien se compromete a no vender, alquilar o ceder tus datos personales.<\/li><li>Administraciones p\u00fablicas y organismos oficiales, cuando as\u00ed lo exija la normativa aplicable (Hacienda, Registro de Fundaciones, etc.).<\/li><li>Entidades financieras, para la gesti\u00f3n de cobros relacionados con las donaciones.<\/li><li>Asesores fiscales y contables, para el cumplimiento de obligaciones legales de la entidad.<\/li><li>Proveedores de servicios tecnol\u00f3gicos (como plataformas de pago, hosting o servicios de mailing), siempre bajo contrato de tratamiento de datos y con acceso limitado a la informaci\u00f3n necesaria para la prestaci\u00f3n del servicio.<\/li><\/ul><p>Los datos no se comunicar\u00e1n a terceros por fines comerciales y no se realizar\u00e1n transferencias internacionales de datos fuera del Espacio Econ\u00f3mico Europeo, salvo obligaci\u00f3n legal o consentimiento expreso del interesado.<\/p>\t\t\t\t\t\t\t\t<\/div>\n\t\t\t\t<\/div>\n\t\t\t\t<\/div>\n\t\t<div class=\"elementor-element elementor-element-4fc94789 e-con-full e-flex e-con e-child\" data-id=\"4fc94789\" data-element_type=\"container\" data-e-type=\"container\">\n\t\t\t\t<div class=\"elementor-element elementor-element-1cab52bd elementor-widget elementor-widget-heading\" data-id=\"1cab52bd\" data-element_type=\"widget\" data-e-type=\"widget\" data-widget_type=\"heading.default\">\n\t\t\t\t<div class=\"elementor-widget-container\">\n\t\t\t\t\t<h2 class=\"elementor-heading-title elementor-size-default\">DERECHOS DEL AFECTADO\n<\/h2>\t\t\t\t<\/div>\n\t\t\t\t<\/div>\n\t\t\t\t<div class=\"elementor-element elementor-element-348c4784 elementor-widget elementor-widget-text-editor\" data-id=\"348c4784\" data-element_type=\"widget\" data-e-type=\"widget\" data-widget_type=\"text-editor.default\">\n\t\t\t\t<div class=\"elementor-widget-container\">\n\t\t\t\t\t\t\t\t\t<p>Puede ejercer sus derechos de acceso, rectificaci\u00f3n, supresi\u00f3n y portabilidad de sus datos, de limitaci\u00f3n y oposici\u00f3n a su tratamiento, as\u00ed como a no ser objeto de decisiones basadas \u00fanicamente en el tratamiento automatizado de sus datos, ya revocar su consentimiento en cualquier momento -sin que ello afecte a la licitud del tratamiento previa a la revocaci\u00f3n-, cuando procedan \u00c0ngel, 7 principal 2.A de Barcelona 08002 o bien a coordinacio@telefonoesperanza.com. Tiene derecho a presentar una reclamaci\u00f3n ante la autoridad de control competente y para obtener m\u00e1s informaci\u00f3n sobre su derecho a la protecci\u00f3n de datos puede acudir a la Agencia Espa\u00f1ola de Protecci\u00f3n de Datos.<\/p>\t\t\t\t\t\t\t\t<\/div>\n\t\t\t\t<\/div>\n\t\t\t\t<\/div>\n\t\t<div class=\"elementor-element elementor-element-47b1a041 e-con-full e-flex e-con e-child\" data-id=\"47b1a041\" data-element_type=\"container\" data-e-type=\"container\">\n\t\t\t\t<div class=\"elementor-element elementor-element-7d064d77 elementor-widget elementor-widget-heading\" data-id=\"7d064d77\" data-element_type=\"widget\" data-e-type=\"widget\" data-widget_type=\"heading.default\">\n\t\t\t\t<div class=\"elementor-widget-container\">\n\t\t\t\t\t<h2 class=\"elementor-heading-title elementor-size-default\">RESERVA DE DERECHOS\n<\/h2>\t\t\t\t<\/div>\n\t\t\t\t<\/div>\n\t\t\t\t<div class=\"elementor-element elementor-element-278d1340 elementor-widget elementor-widget-text-editor\" data-id=\"278d1340\" data-element_type=\"widget\" data-e-type=\"widget\" data-widget_type=\"text-editor.default\">\n\t\t\t\t<div class=\"elementor-widget-container\">\n\t\t\t\t\t\t\t\t\t<p>Fundaci\u00f3n Ayuda y Esperanza se reserva el derecho de modificar esta pol\u00edtica de privacidad de forma unilateral y sin preaviso. Por este motivo recomendamos a los usuarios que la consulten con regularidad.<br \/>Esta pol\u00edtica de privacidad se ha modificado por \u00faltima vez el d\u00eda: 20 de noviembre de 2025<\/p>\t\t\t\t\t\t\t\t<\/div>\n\t\t\t\t<\/div>\n\t\t\t\t<\/div>\n\t\t\t\t\t<\/div>\n\t\t\t\t<\/div>\n\t\t\t\t<\/div>","protected":false},"excerpt":{"rendered":"<p>Inici Esperan\u00e7a en L\u00ednia ofereix\u00a0atenci\u00f3 i suport emocional\u00a0en un marc de total anonimat i\u00a0confidencialitat\u00a0amb l\u2019objectiu de millorar la qualitat de vida i el benestar emocional de les persones que viuen situacions de solitud, incomunicaci\u00f3 o que generen un patiment, contribuint aix\u00ed a\u00a0crear una societat m\u00e9s solid\u00e0ria, acollidora i resilient.\u00a0 La\u00a0Fundaci\u00f3 Ajuda i Esperan\u00e7a\u00a0i Esperan\u00e7a en&hellip;&nbsp;<a href=\"https:\/\/esperancaenlinia.org\/es\/politica-de-privacitat-donacions\/\" rel=\"bookmark\"><span class=\"screen-reader-text\">POL\u00cdTICA DE PRIVACIDAD DONACIONES<\/span><\/a><\/p>","protected":false},"author":2,"featured_media":0,"parent":0,"menu_order":0,"comment_status":"closed","ping_status":"closed","template":"elementor_header_footer","meta":{"neve_meta_sidebar":"","neve_meta_container":"","neve_meta_enable_content_width":"off","neve_meta_content_width":100,"neve_meta_title_alignment":"","neve_meta_author_avatar":"","neve_post_elements_order":"","neve_meta_disable_header":"","neve_meta_disable_footer":"","neve_meta_disable_title":"","footnotes":""},"class_list":["post-5368","page","type-page","status-publish","hentry"],"yoast_head":"<!-- This site is optimized with the Yoast SEO plugin v27.1.1 - https:\/\/yoast.com\/product\/yoast-seo-wordpress\/ -->\n<title>POL\u00cdTICA DE PRIVACITAT DONACIONS - Fundaci\u00f3n Ajuda i Esperan\u00e7a<\/title>\n<meta name=\"robots\" content=\"index, follow, max-snippet:-1, max-image-preview:large, max-video-preview:-1\" \/>\n<link rel=\"canonical\" href=\"https:\/\/esperancaenlinia.org\/es\/politica-de-privacitat-donacions\/\" \/>\n<meta property=\"og:locale\" content=\"es_ES\" \/>\n<meta property=\"og:type\" content=\"article\" \/>\n<meta property=\"og:title\" content=\"POL\u00cdTICA DE PRIVACITAT DONACIONS - Fundaci\u00f3n Ajuda i Esperan\u00e7a\" \/>\n<meta property=\"og:description\" content=\"Inici Esperan\u00e7a en L\u00ednia ofereix\u00a0atenci\u00f3 i suport emocional\u00a0en un marc de total anonimat i\u00a0confidencialitat\u00a0amb l\u2019objectiu de millorar la qualitat de vida i el benestar emocional de les persones que viuen situacions de solitud, incomunicaci\u00f3 o que generen un patiment, contribuint aix\u00ed a\u00a0crear una societat m\u00e9s solid\u00e0ria, acollidora i resilient.\u00a0 La\u00a0Fundaci\u00f3 Ajuda i Esperan\u00e7a\u00a0i Esperan\u00e7a en&hellip;&nbsp;POL\u00cdTICA DE PRIVACITAT DONACIONS\" \/>\n<meta property=\"og:url\" content=\"https:\/\/esperancaenlinia.org\/es\/politica-de-privacitat-donacions\/\" \/>\n<meta property=\"og:site_name\" content=\"Fundaci\u00f3n Ajuda i Esperan\u00e7a\" \/>\n<meta property=\"article:modified_time\" content=\"2025-11-20T09:44:57+00:00\" \/>\n<meta name=\"twitter:card\" content=\"summary_large_image\" \/>\n<meta name=\"twitter:label1\" content=\"Tiempo de lectura\" \/>\n\t<meta name=\"twitter:data1\" content=\"4 minutos\" \/>\n<script type=\"application\/ld+json\" class=\"yoast-schema-graph\">{\"@context\":\"https:\/\/schema.org\",\"@graph\":[{\"@type\":\"WebPage\",\"@id\":\"https:\/\/esperancaenlinia.org\/politica-de-privacitat-donacions\/\",\"url\":\"https:\/\/esperancaenlinia.org\/politica-de-privacitat-donacions\/\",\"name\":\"POL\u00cdTICA DE PRIVACITAT DONACIONS - Fundaci\u00f3n Ajuda i Esperan\u00e7a\",\"isPartOf\":{\"@id\":\"https:\/\/esperancaenlinia.org\/#website\"},\"datePublished\":\"2025-06-17T08:37:53+00:00\",\"dateModified\":\"2025-11-20T09:44:57+00:00\",\"breadcrumb\":{\"@id\":\"https:\/\/esperancaenlinia.org\/politica-de-privacitat-donacions\/#breadcrumb\"},\"inLanguage\":\"es\",\"potentialAction\":[{\"@type\":\"ReadAction\",\"target\":[\"https:\/\/esperancaenlinia.org\/politica-de-privacitat-donacions\/\"]}]},{\"@type\":\"BreadcrumbList\",\"@id\":\"https:\/\/esperancaenlinia.org\/politica-de-privacitat-donacions\/#breadcrumb\",\"itemListElement\":[{\"@type\":\"ListItem\",\"position\":1,\"name\":\"Portada\",\"item\":\"https:\/\/esperancaenlinia.org\/\"},{\"@type\":\"ListItem\",\"position\":2,\"name\":\"POL\u00cdTICA DE PRIVACITAT DONACIONS\"}]},{\"@type\":\"WebSite\",\"@id\":\"https:\/\/esperancaenlinia.org\/#website\",\"url\":\"https:\/\/esperancaenlinia.org\/\",\"name\":\"Fundaci\u00f3n Ajuda i Esperan\u00e7a\",\"description\":\"\",\"publisher\":{\"@id\":\"https:\/\/esperancaenlinia.org\/#organization\"},\"potentialAction\":[{\"@type\":\"SearchAction\",\"target\":{\"@type\":\"EntryPoint\",\"urlTemplate\":\"https:\/\/esperancaenlinia.org\/?s={search_term_string}\"},\"query-input\":{\"@type\":\"PropertyValueSpecification\",\"valueRequired\":true,\"valueName\":\"search_term_string\"}}],\"inLanguage\":\"es\"},{\"@type\":\"Organization\",\"@id\":\"https:\/\/esperancaenlinia.org\/#organization\",\"name\":\"Fundaci\u00f3n Ajuda i Esperan\u00e7a\",\"url\":\"https:\/\/esperancaenlinia.org\/\",\"logo\":{\"@type\":\"ImageObject\",\"inLanguage\":\"es\",\"@id\":\"https:\/\/esperancaenlinia.org\/#\/schema\/logo\/image\/\",\"url\":\"https:\/\/esperancaenlinia.org\/wp-content\/uploads\/2024\/04\/logo-1.png\",\"contentUrl\":\"https:\/\/esperancaenlinia.org\/wp-content\/uploads\/2024\/04\/logo-1.png\",\"width\":662,\"height\":200,\"caption\":\"Fundaci\u00f3n Ajuda i Esperan\u00e7a\"},\"image\":{\"@id\":\"https:\/\/esperancaenlinia.org\/#\/schema\/logo\/image\/\"}}]}<\/script>\n<!-- \/ Yoast SEO plugin. -->","yoast_head_json":{"title":"POL\u00cdTICA DE PRIVACITAT DONACIONS - Fundaci\u00f3n Ajuda i Esperan\u00e7a","robots":{"index":"index","follow":"follow","max-snippet":"max-snippet:-1","max-image-preview":"max-image-preview:large","max-video-preview":"max-video-preview:-1"},"canonical":"https:\/\/esperancaenlinia.org\/es\/politica-de-privacitat-donacions\/","og_locale":"es_ES","og_type":"article","og_title":"POL\u00cdTICA DE PRIVACITAT DONACIONS - Fundaci\u00f3n Ajuda i Esperan\u00e7a","og_description":"Inici Esperan\u00e7a en L\u00ednia ofereix\u00a0atenci\u00f3 i suport emocional\u00a0en un marc de total anonimat i\u00a0confidencialitat\u00a0amb l\u2019objectiu de millorar la qualitat de vida i el benestar emocional de les persones que viuen situacions de solitud, incomunicaci\u00f3 o que generen un patiment, contribuint aix\u00ed a\u00a0crear una societat m\u00e9s solid\u00e0ria, acollidora i resilient.\u00a0 La\u00a0Fundaci\u00f3 Ajuda i Esperan\u00e7a\u00a0i Esperan\u00e7a en&hellip;&nbsp;POL\u00cdTICA DE PRIVACITAT DONACIONS","og_url":"https:\/\/esperancaenlinia.org\/es\/politica-de-privacitat-donacions\/","og_site_name":"Fundaci\u00f3n Ajuda i Esperan\u00e7a","article_modified_time":"2025-11-20T09:44:57+00:00","twitter_card":"summary_large_image","twitter_misc":{"Tiempo de lectura":"4 minutos"},"schema":{"@context":"https:\/\/schema.org","@graph":[{"@type":"WebPage","@id":"https:\/\/esperancaenlinia.org\/politica-de-privacitat-donacions\/","url":"https:\/\/esperancaenlinia.org\/politica-de-privacitat-donacions\/","name":"POL\u00cdTICA DE PRIVACITAT DONACIONS - Fundaci\u00f3n Ajuda i Esperan\u00e7a","isPartOf":{"@id":"https:\/\/esperancaenlinia.org\/#website"},"datePublished":"2025-06-17T08:37:53+00:00","dateModified":"2025-11-20T09:44:57+00:00","breadcrumb":{"@id":"https:\/\/esperancaenlinia.org\/politica-de-privacitat-donacions\/#breadcrumb"},"inLanguage":"es","potentialAction":[{"@type":"ReadAction","target":["https:\/\/esperancaenlinia.org\/politica-de-privacitat-donacions\/"]}]},{"@type":"BreadcrumbList","@id":"https:\/\/esperancaenlinia.org\/politica-de-privacitat-donacions\/#breadcrumb","itemListElement":[{"@type":"ListItem","position":1,"name":"Portada","item":"https:\/\/esperancaenlinia.org\/"},{"@type":"ListItem","position":2,"name":"POL\u00cdTICA DE PRIVACITAT DONACIONS"}]},{"@type":"WebSite","@id":"https:\/\/esperancaenlinia.org\/#website","url":"https:\/\/esperancaenlinia.org\/","name":"Fundaci\u00f3n Ayuda y Esperanza","description":"","publisher":{"@id":"https:\/\/esperancaenlinia.org\/#organization"},"potentialAction":[{"@type":"SearchAction","target":{"@type":"EntryPoint","urlTemplate":"https:\/\/esperancaenlinia.org\/?s={search_term_string}"},"query-input":{"@type":"PropertyValueSpecification","valueRequired":true,"valueName":"search_term_string"}}],"inLanguage":"es"},{"@type":"Organization","@id":"https:\/\/esperancaenlinia.org\/#organization","name":"Fundaci\u00f3n Ayuda y Esperanza","url":"https:\/\/esperancaenlinia.org\/","logo":{"@type":"ImageObject","inLanguage":"es","@id":"https:\/\/esperancaenlinia.org\/#\/schema\/logo\/image\/","url":"https:\/\/esperancaenlinia.org\/wp-content\/uploads\/2024\/04\/logo-1.png","contentUrl":"https:\/\/esperancaenlinia.org\/wp-content\/uploads\/2024\/04\/logo-1.png","width":662,"height":200,"caption":"Fundaci\u00f3n Ajuda i Esperan\u00e7a"},"image":{"@id":"https:\/\/esperancaenlinia.org\/#\/schema\/logo\/image\/"}}]}},"_links":{"self":[{"href":"https:\/\/esperancaenlinia.org\/es\/wp-json\/wp\/v2\/pages\/5368","targetHints":{"allow":["GET"]}}],"collection":[{"href":"https:\/\/esperancaenlinia.org\/es\/wp-json\/wp\/v2\/pages"}],"about":[{"href":"https:\/\/esperancaenlinia.org\/es\/wp-json\/wp\/v2\/types\/page"}],"author":[{"embeddable":true,"href":"https:\/\/esperancaenlinia.org\/es\/wp-json\/wp\/v2\/users\/2"}],"replies":[{"embeddable":true,"href":"https:\/\/esperancaenlinia.org\/es\/wp-json\/wp\/v2\/comments?post=5368"}],"version-history":[{"count":13,"href":"https:\/\/esperancaenlinia.org\/es\/wp-json\/wp\/v2\/pages\/5368\/revisions"}],"predecessor-version":[{"id":5384,"href":"https:\/\/esperancaenlinia.org\/es\/wp-json\/wp\/v2\/pages\/5368\/revisions\/5384"}],"wp:attachment":[{"href":"https:\/\/esperancaenlinia.org\/es\/wp-json\/wp\/v2\/media?parent=5368"}],"curies":[{"name":"wp","href":"https:\/\/api.w.org\/{rel}","templated":true}]}}