{"id":601,"date":"2024-04-14T20:44:03","date_gmt":"2024-04-14T18:44:03","guid":{"rendered":"https:\/\/esperancaenlinia.org\/?page_id=601"},"modified":"2026-04-01T12:30:47","modified_gmt":"2026-04-01T10:30:47","slug":"memories-dactivitat","status":"publish","type":"page","link":"https:\/\/esperancaenlinia.org\/es\/memories-dactivitat\/","title":{"rendered":"Memorias de actividad"},"content":{"rendered":"<div data-elementor-type=\"wp-page\" data-elementor-id=\"601\" class=\"elementor elementor-601\" data-elementor-post-type=\"page\">\n\t\t\t\t<div class=\"elementor-element elementor-element-5a3e2054 e-flex e-con-boxed e-con e-parent\" data-id=\"5a3e2054\" data-element_type=\"container\" data-e-type=\"container\" data-settings=\"{&quot;background_background&quot;:&quot;classic&quot;}\">\n\t\t\t\t\t<div class=\"e-con-inner\">\n\t\t\t\t<div class=\"elementor-element elementor-element-74f32a88 elementor-widget elementor-widget-heading\" data-id=\"74f32a88\" data-element_type=\"widget\" data-e-type=\"widget\" data-widget_type=\"heading.default\">\n\t\t\t\t<div class=\"elementor-widget-container\">\n\t\t\t\t\t<p class=\"elementor-heading-title elementor-size-default\">Inicio | Memorias de actividad<\/p>\t\t\t\t<\/div>\n\t\t\t\t<\/div>\n\t\t\t\t<div class=\"elementor-element elementor-element-26daa689 elementor-widget__width-inherit elementor-widget elementor-widget-heading\" data-id=\"26daa689\" data-element_type=\"widget\" data-e-type=\"widget\" data-widget_type=\"heading.default\">\n\t\t\t\t<div class=\"elementor-widget-container\">\n\t\t\t\t\t<h2 class=\"elementor-heading-title elementor-size-default\">Memorias de actividad<\/h2>\t\t\t\t<\/div>\n\t\t\t\t<\/div>\n\t\t\t\t\t<\/div>\n\t\t\t\t<\/div>\n\t\t<div class=\"elementor-element elementor-element-269e60cc e-flex e-con-boxed e-con e-parent\" data-id=\"269e60cc\" data-element_type=\"container\" data-e-type=\"container\">\n\t\t\t\t\t<div class=\"e-con-inner\">\n\t\t<div class=\"elementor-element elementor-element-4002fcd0 e-con-full e-flex e-con e-child\" data-id=\"4002fcd0\" data-element_type=\"container\" data-e-type=\"container\">\n\t\t\t\t<div class=\"elementor-element elementor-element-e4070c8 animated-slow elementor-invisible elementor-widget elementor-widget-image\" data-id=\"e4070c8\" data-element_type=\"widget\" data-e-type=\"widget\" data-settings=\"{&quot;_animation&quot;:&quot;fadeIn&quot;}\" data-widget_type=\"image.default\">\n\t\t\t\t<div class=\"elementor-widget-container\">\n\t\t\t\t\t\t\t\t\t\t\t\t\t\t\t<img fetchpriority=\"high\" decoding=\"async\" width=\"632\" height=\"1024\" src=\"https:\/\/esperancaenlinia.org\/wp-content\/uploads\/2025\/01\/esperancaenlinia_transparencia-632x1024.jpg\" class=\"attachment-large size-large wp-image-2785\" alt=\"\" srcset=\"https:\/\/esperancaenlinia.org\/wp-content\/uploads\/2025\/01\/esperancaenlinia_transparencia-632x1024.jpg 632w, https:\/\/esperancaenlinia.org\/wp-content\/uploads\/2025\/01\/esperancaenlinia_transparencia-600x972.jpg 600w, https:\/\/esperancaenlinia.org\/wp-content\/uploads\/2025\/01\/esperancaenlinia_transparencia-185x300.jpg 185w, https:\/\/esperancaenlinia.org\/wp-content\/uploads\/2025\/01\/esperancaenlinia_transparencia-7x12.jpg 7w, https:\/\/esperancaenlinia.org\/wp-content\/uploads\/2025\/01\/esperancaenlinia_transparencia.jpg 741w\" sizes=\"(max-width: 632px) 100vw, 632px\" \/>\t\t\t\t\t\t\t\t\t\t\t\t\t\t\t<\/div>\n\t\t\t\t<\/div>\n\t\t\t\t<\/div>\n\t\t<div class=\"elementor-element elementor-element-3bac5efc e-con-full e-flex e-con e-child\" data-id=\"3bac5efc\" data-element_type=\"container\" data-e-type=\"container\">\n\t\t\t\t<div class=\"elementor-element elementor-element-7e3ae4ba elementor-widget__width-initial elementor-widget elementor-widget-heading\" data-id=\"7e3ae4ba\" data-element_type=\"widget\" data-e-type=\"widget\" data-widget_type=\"heading.default\">\n\t\t\t\t<div class=\"elementor-widget-container\">\n\t\t\t\t\t<h2 class=\"elementor-heading-title elementor-size-default\">Transparencia<\/h2>\t\t\t\t<\/div>\n\t\t\t\t<\/div>\n\t\t\t\t<div class=\"elementor-element elementor-element-14963efc elementor-widget__width-initial elementor-widget elementor-widget-heading\" data-id=\"14963efc\" data-element_type=\"widget\" data-e-type=\"widget\" data-widget_type=\"heading.default\">\n\t\t\t\t<div class=\"elementor-widget-container\">\n\t\t\t\t\t<p class=\"elementor-heading-title elementor-size-default\">Entendemos la transparencia y el hecho de rendir cuentas como\u00a0<strong>un ejercicio de responsabilidad\u00a0<\/strong>y\u00a0<strong>exigencia \u00e9tica<\/strong>. Queremos ser una entidad responsable y eficiente con los ingresos econ\u00f3micos conseguidos, por lo que presentamos una memoria con nuestras cuentas auditadas, y toda la informaci\u00f3n sobre las tareas que hemos desarrollado.<\/p>\t\t\t\t<\/div>\n\t\t\t\t<\/div>\n\t\t\t\t<div class=\"elementor-element elementor-element-068c244 elementor-mobile-align-justify elementor-widget elementor-widget-button\" data-id=\"068c244\" data-element_type=\"widget\" data-e-type=\"widget\" data-widget_type=\"button.default\">\n\t\t\t\t<div class=\"elementor-widget-container\">\n\t\t\t\t\t\t\t\t\t<div class=\"elementor-button-wrapper\">\n\t\t\t\t\t<a class=\"elementor-button elementor-button-link elementor-size-sm\" href=\"https:\/\/esperancaenlinia.org\/es\/contacte\/\">\n\t\t\t\t\t\t<span class=\"elementor-button-content-wrapper\">\n\t\t\t\t\t\t\t\t\t<span class=\"elementor-button-text\">Cont\u00e1ctanos!<\/span>\n\t\t\t\t\t<\/span>\n\t\t\t\t\t<\/a>\n\t\t\t\t<\/div>\n\t\t\t\t\t\t\t\t<\/div>\n\t\t\t\t<\/div>\n\t\t\t\t<\/div>\n\t\t\t\t\t<\/div>\n\t\t\t\t<\/div>\n\t\t<div class=\"elementor-element elementor-element-692effe0 e-flex e-con-boxed e-con e-parent\" data-id=\"692effe0\" data-element_type=\"container\" data-e-type=\"container\" data-settings=\"{&quot;background_background&quot;:&quot;classic&quot;}\">\n\t\t\t\t\t<div class=\"e-con-inner\">\n\t\t<div class=\"elementor-element elementor-element-158d2a2c e-con-full e-flex e-con e-child\" data-id=\"158d2a2c\" data-element_type=\"container\" data-e-type=\"container\">\n\t\t\t\t<div class=\"elementor-element elementor-element-493945f8 elementor-widget elementor-widget-heading\" data-id=\"493945f8\" data-element_type=\"widget\" data-e-type=\"widget\" data-widget_type=\"heading.default\">\n\t\t\t\t<div class=\"elementor-widget-container\">\n\t\t\t\t\t<h3 class=\"elementor-heading-title elementor-size-default\">Memorias<\/h3>\t\t\t\t<\/div>\n\t\t\t\t<\/div>\n\t\t\t\t<div class=\"elementor-element elementor-element-37e0b4b elementor-tabs-view-vertical elementor-widget elementor-widget-tabs\" data-id=\"37e0b4b\" data-element_type=\"widget\" data-e-type=\"widget\" data-widget_type=\"tabs.default\">\n\t\t\t\t<div class=\"elementor-widget-container\">\n\t\t\t\t\t\t\t<div class=\"elementor-tabs\">\n\t\t\t<div class=\"elementor-tabs-wrapper\" role=\"tablist\" >\n\t\t\t\t\t\t\t\t\t<div id=\"elementor-tab-title-5851\" class=\"elementor-tab-title elementor-tab-desktop-title\" aria-selected=\"true\" data-tab=\"1\" role=\"tab\" tabindex=\"0\" aria-controls=\"elementor-tab-content-5851\" aria-expanded=\"false\">MEM\u00d2RIA 2025<\/div>\n\t\t\t\t\t\t\t\t\t<div id=\"elementor-tab-title-5852\" class=\"elementor-tab-title elementor-tab-desktop-title\" aria-selected=\"false\" data-tab=\"2\" role=\"tab\" tabindex=\"-1\" aria-controls=\"elementor-tab-content-5852\" aria-expanded=\"false\">MEMORIA 2024<\/div>\n\t\t\t\t\t\t\t\t\t<div id=\"elementor-tab-title-5853\" class=\"elementor-tab-title elementor-tab-desktop-title\" aria-selected=\"false\" data-tab=\"3\" role=\"tab\" tabindex=\"-1\" aria-controls=\"elementor-tab-content-5853\" aria-expanded=\"false\">MEMORIA 2023<\/div>\n\t\t\t\t\t\t\t\t\t<div id=\"elementor-tab-title-5854\" class=\"elementor-tab-title elementor-tab-desktop-title\" aria-selected=\"false\" data-tab=\"4\" role=\"tab\" tabindex=\"-1\" aria-controls=\"elementor-tab-content-5854\" aria-expanded=\"false\">MEMORIA 2022<\/div>\n\t\t\t\t\t\t\t\t\t<div id=\"elementor-tab-title-5855\" class=\"elementor-tab-title elementor-tab-desktop-title\" aria-selected=\"false\" data-tab=\"5\" role=\"tab\" tabindex=\"-1\" aria-controls=\"elementor-tab-content-5855\" aria-expanded=\"false\">MEMORIA 2021<\/div>\n\t\t\t\t\t\t\t<\/div>\n\t\t\t<div class=\"elementor-tabs-content-wrapper\" role=\"tablist\" aria-orientation=\"vertical\">\n\t\t\t\t\t\t\t\t\t<div class=\"elementor-tab-title elementor-tab-mobile-title\" aria-selected=\"true\" data-tab=\"1\" role=\"tab\" tabindex=\"0\" aria-controls=\"elementor-tab-content-5851\" aria-expanded=\"false\">MEM\u00d2RIA 2025<\/div>\n\t\t\t\t\t<div id=\"elementor-tab-content-5851\" class=\"elementor-tab-content elementor-clearfix\" data-tab=\"1\" role=\"tabpanel\" aria-labelledby=\"elementor-tab-title-5851\" tabindex=\"0\" hidden=\"false\"><p><a href=\"https:\/\/esperancaenlinia.org\/wp-content\/uploads\/2026\/04\/Esperancaenlinia2025_memoriaMOB_compressed.pdf\" class=\"pdfemb-viewer\" style=\"\" data-width=\"max\" data-height=\"max\" data-toolbar=\"bottom\" data-toolbar-fixed=\"off\">Mem\u00f2ria 2025<\/a><\/p><\/div>\n\t\t\t\t\t\t\t\t\t<div class=\"elementor-tab-title elementor-tab-mobile-title\" aria-selected=\"false\" data-tab=\"2\" role=\"tab\" tabindex=\"-1\" aria-controls=\"elementor-tab-content-5852\" aria-expanded=\"false\">MEMORIA 2024<\/div>\n\t\t\t\t\t<div id=\"elementor-tab-content-5852\" class=\"elementor-tab-content elementor-clearfix\" data-tab=\"2\" role=\"tabpanel\" aria-labelledby=\"elementor-tab-title-5852\" tabindex=\"0\" hidden=\"hidden\"><p><a href=\"https:\/\/esperancaenlinia.org\/wp-content\/uploads\/2025\/09\/Memoria-FUNDACIO-AJUDA-I-ESPERANCA_2024.pdf\" class=\"pdfemb-viewer\" style=\"\" data-width=\"max\" data-height=\"max\" data-toolbar=\"bottom\" data-toolbar-fixed=\"off\">Memoria-FUNDACIO-AYUDA-I-ESPERANCA_2024<\/a><\/p><\/div>\n\t\t\t\t\t\t\t\t\t<div class=\"elementor-tab-title elementor-tab-mobile-title\" aria-selected=\"false\" data-tab=\"3\" role=\"tab\" tabindex=\"-1\" aria-controls=\"elementor-tab-content-5853\" aria-expanded=\"false\">MEMORIA 2023<\/div>\n\t\t\t\t\t<div id=\"elementor-tab-content-5853\" class=\"elementor-tab-content elementor-clearfix\" data-tab=\"3\" role=\"tabpanel\" aria-labelledby=\"elementor-tab-title-5853\" tabindex=\"0\" hidden=\"hidden\"><p><a href=\"https:\/\/esperancaenlinia.org\/wp-content\/uploads\/2025\/01\/Memoria-FUNDACIO-AJUDA-I-ESPERANCA-2023.pdf\" class=\"pdfemb-viewer\" style=\"\" data-width=\"max\" data-height=\"max\" data-toolbar=\"bottom\" data-toolbar-fixed=\"off\">Memoria-FUNDACIO-AYUDA-E-ESPERANCA-2023<\/a><\/p><\/div>\n\t\t\t\t\t\t\t\t\t<div class=\"elementor-tab-title elementor-tab-mobile-title\" aria-selected=\"false\" data-tab=\"4\" role=\"tab\" tabindex=\"-1\" aria-controls=\"elementor-tab-content-5854\" aria-expanded=\"false\">MEMORIA 2022<\/div>\n\t\t\t\t\t<div id=\"elementor-tab-content-5854\" class=\"elementor-tab-content elementor-clearfix\" data-tab=\"4\" role=\"tabpanel\" aria-labelledby=\"elementor-tab-title-5854\" tabindex=\"0\" hidden=\"hidden\"><p><a href=\"https:\/\/esperancaenlinia.org\/wp-content\/uploads\/2024\/04\/Memoria-2022.pdf\" class=\"pdfemb-viewer\" style=\"\" data-width=\"max\" data-height=\"max\" data-toolbar=\"bottom\" data-toolbar-fixed=\"off\">Memoria 2022<\/a><\/p><\/div>\n\t\t\t\t\t\t\t\t\t<div class=\"elementor-tab-title elementor-tab-mobile-title\" aria-selected=\"false\" data-tab=\"5\" role=\"tab\" tabindex=\"-1\" aria-controls=\"elementor-tab-content-5855\" aria-expanded=\"false\">MEMORIA 2021<\/div>\n\t\t\t\t\t<div id=\"elementor-tab-content-5855\" class=\"elementor-tab-content elementor-clearfix\" data-tab=\"5\" role=\"tabpanel\" aria-labelledby=\"elementor-tab-title-5855\" tabindex=\"0\" hidden=\"hidden\"><p><a href=\"https:\/\/esperancaenlinia.org\/wp-content\/uploads\/2024\/04\/Memoria_2021_CAT.pdf\" class=\"pdfemb-viewer\" style=\"\" data-width=\"max\" data-height=\"max\" data-toolbar=\"bottom\" data-toolbar-fixed=\"off\">Memoria_2021_CAT<\/a><\/p><\/div>\n\t\t\t\t\t\t\t<\/div>\n\t\t<\/div>\n\t\t\t\t\t\t<\/div>\n\t\t\t\t<\/div>\n\t\t\t\t<\/div>\n\t\t\t\t\t<\/div>\n\t\t\t\t<\/div>\n\t\t<div class=\"elementor-element elementor-element-e24dbbd e-flex e-con-boxed e-con e-parent\" data-id=\"e24dbbd\" data-element_type=\"container\" data-e-type=\"container\" data-settings=\"{&quot;background_background&quot;:&quot;classic&quot;}\">\n\t\t\t\t\t<div class=\"e-con-inner\">\n\t\t<div class=\"elementor-element elementor-element-73a135c e-con-full e-flex e-con e-child\" data-id=\"73a135c\" data-element_type=\"container\" data-e-type=\"container\" data-settings=\"{&quot;background_background&quot;:&quot;classic&quot;}\">\n\t\t\t\t<div class=\"elementor-element elementor-element-baf75a7 elementor-hidden-desktop elementor-hidden-laptop elementor-hidden-tablet elementor-widget elementor-widget-image\" data-id=\"baf75a7\" data-element_type=\"widget\" data-e-type=\"widget\" data-widget_type=\"image.default\">\n\t\t\t\t<div class=\"elementor-widget-container\">\n\t\t\t\t\t\t\t\t\t\t\t\t\t\t\t<img decoding=\"async\" width=\"164\" height=\"98\" src=\"https:\/\/esperancaenlinia.org\/wp-content\/uploads\/2026\/01\/Rectangle-167.png\" class=\"attachment-large size-large wp-image-5749\" alt=\"\" srcset=\"https:\/\/esperancaenlinia.org\/wp-content\/uploads\/2026\/01\/Rectangle-167.png 164w, https:\/\/esperancaenlinia.org\/wp-content\/uploads\/2026\/01\/Rectangle-167-18x12.png 18w\" sizes=\"(max-width: 164px) 100vw, 164px\" \/>\t\t\t\t\t\t\t\t\t\t\t\t\t\t\t<\/div>\n\t\t\t\t<\/div>\n\t\t\t\t<div class=\"elementor-element elementor-element-0903816 elementor-widget__width-inherit elementor-widget-mobile__width-inherit elementor-widget elementor-widget-heading\" data-id=\"0903816\" data-element_type=\"widget\" data-e-type=\"widget\" data-widget_type=\"heading.default\">\n\t\t\t\t<div class=\"elementor-widget-container\">\n\t\t\t\t\t<h2 class=\"elementor-heading-title elementor-size-default\">Ajuda\u2019ns a acompanyar   a qui m\u00e9s ho necessita<\/h2>\t\t\t\t<\/div>\n\t\t\t\t<\/div>\n\t\t\t\t<div class=\"elementor-element elementor-element-bdbbbcd elementor-widget__width-initial elementor-widget-mobile__width-inherit elementor-widget-mobile_extra__width-initial elementor-widget elementor-widget-text-editor\" data-id=\"bdbbbcd\" data-element_type=\"widget\" data-e-type=\"widget\" data-widget_type=\"text-editor.default\">\n\t\t\t\t<div class=\"elementor-widget-container\">\n\t\t\t\t\t\t\t\t\t<p>Todas las personas viviremos alg\u00fan episodio de malestar emocional o soledad de nuestra vida. Hagamos que no lo pasen solas:<\/p>\t\t\t\t\t\t\t\t<\/div>\n\t\t\t\t<\/div>\n\t\t\t\t<div class=\"elementor-element elementor-element-362c40f elementor-mobile-align-justify btn-expand-arrow elementor-widget elementor-widget-button\" data-id=\"362c40f\" data-element_type=\"widget\" data-e-type=\"widget\" data-widget_type=\"button.default\">\n\t\t\t\t<div class=\"elementor-widget-container\">\n\t\t\t\t\t\t\t\t\t<div class=\"elementor-button-wrapper\">\n\t\t\t\t\t<a class=\"elementor-button elementor-button-link elementor-size-sm elementor-animation-grow\" href=\"https:\/\/esperancaenlinia.org\/es\/amics-fundacio\/\">\n\t\t\t\t\t\t<span class=\"elementor-button-content-wrapper\">\n\t\t\t\t\t\t\t\t\t<span class=\"elementor-button-text\">\u00a1Haz una donaci\u00f3n!<\/span>\n\t\t\t\t\t<\/span>\n\t\t\t\t\t<\/a>\n\t\t\t\t<\/div>\n\t\t\t\t\t\t\t\t<\/div>\n\t\t\t\t<\/div>\n\t\t\t\t<\/div>\n\t\t\t\t\t<\/div>\n\t\t\t\t<\/div>\n\t\t<div class=\"elementor-element elementor-element-7b5b7fe e-flex e-con-boxed e-con e-parent\" data-id=\"7b5b7fe\" data-element_type=\"container\" data-e-type=\"container\">\n\t\t\t\t\t<div class=\"e-con-inner\">\n\t\t\t\t<div class=\"elementor-element elementor-element-bb13533 elementor-widget elementor-widget-spacer\" data-id=\"bb13533\" data-element_type=\"widget\" data-e-type=\"widget\" data-widget_type=\"spacer.default\">\n\t\t\t\t<div class=\"elementor-widget-container\">\n\t\t\t\t\t\t\t<div class=\"elementor-spacer\">\n\t\t\t<div class=\"elementor-spacer-inner\"><\/div>\n\t\t<\/div>\n\t\t\t\t\t\t<\/div>\n\t\t\t\t<\/div>\n\t\t\t\t\t<\/div>\n\t\t\t\t<\/div>\n\t\t\t\t<\/div>","protected":false},"excerpt":{"rendered":"<p>Inici | Mem\u00f2ries d&#8217;activitat Mem\u00f2ries d&#8217;activitat Transpar\u00e8ncia Entenem la transpar\u00e8ncia i el fet de retre comptes com\u00a0un exercici de responsabilitat\u00a0i\u00a0exig\u00e8ncia \u00e8tica. Volem ser una entitat responsable i eficient amb els ingressos econ\u00f2mics aconseguits, i per aix\u00f2 presentem una mem\u00f2ria amb els nostres comptes auditats, i tota la informaci\u00f3 sobre les tasques que hem desenvolupat. Contacta&#8217;ns!&hellip;&nbsp;<a href=\"https:\/\/esperancaenlinia.org\/es\/memories-dactivitat\/\" rel=\"bookmark\"><span class=\"screen-reader-text\">Memorias de actividad<\/span><\/a><\/p>","protected":false},"author":1,"featured_media":6438,"parent":0,"menu_order":0,"comment_status":"closed","ping_status":"closed","template":"elementor_header_footer","meta":{"neve_meta_sidebar":"","neve_meta_container":"","neve_meta_enable_content_width":"off","neve_meta_content_width":100,"neve_meta_title_alignment":"","neve_meta_author_avatar":"","neve_post_elements_order":"","neve_meta_disable_header":"","neve_meta_disable_footer":"","neve_meta_disable_title":"","footnotes":""},"class_list":["post-601","page","type-page","status-publish","has-post-thumbnail","hentry"],"yoast_head":"<!-- This site is optimized with the Yoast SEO plugin v27.1.1 - https:\/\/yoast.com\/product\/yoast-seo-wordpress\/ -->\n<title>Mem\u00f2ries d\u2019activitat - Fundaci\u00f3n Ajuda i Esperan\u00e7a<\/title>\n<meta name=\"robots\" content=\"index, follow, max-snippet:-1, max-image-preview:large, max-video-preview:-1\" \/>\n<link rel=\"canonical\" href=\"https:\/\/esperancaenlinia.org\/es\/memories-dactivitat\/\" \/>\n<meta property=\"og:locale\" content=\"es_ES\" \/>\n<meta property=\"og:type\" content=\"article\" \/>\n<meta property=\"og:title\" content=\"Mem\u00f2ries d\u2019activitat - Fundaci\u00f3n Ajuda i Esperan\u00e7a\" \/>\n<meta property=\"og:description\" content=\"Inici | Mem\u00f2ries d&#8217;activitat Mem\u00f2ries d&#8217;activitat Transpar\u00e8ncia Entenem la transpar\u00e8ncia i el fet de retre comptes com\u00a0un exercici de responsabilitat\u00a0i\u00a0exig\u00e8ncia \u00e8tica. Volem ser una entitat responsable i eficient amb els ingressos econ\u00f2mics aconseguits, i per aix\u00f2 presentem una mem\u00f2ria amb els nostres comptes auditats, i tota la informaci\u00f3 sobre les tasques que hem desenvolupat. Contacta&#8217;ns!&hellip;&nbsp;Mem\u00f2ries d\u2019activitat\" \/>\n<meta property=\"og:url\" content=\"https:\/\/esperancaenlinia.org\/es\/memories-dactivitat\/\" \/>\n<meta property=\"og:site_name\" content=\"Fundaci\u00f3n Ajuda i Esperan\u00e7a\" \/>\n<meta property=\"article:modified_time\" content=\"2026-04-01T10:30:47+00:00\" \/>\n<meta property=\"og:image\" content=\"https:\/\/esperancaenlinia.org\/wp-content\/uploads\/2026\/02\/obe2.jpg\" \/>\n\t<meta property=\"og:image:width\" content=\"2370\" \/>\n\t<meta property=\"og:image:height\" content=\"955\" \/>\n\t<meta property=\"og:image:type\" content=\"image\/jpeg\" \/>\n<meta name=\"twitter:card\" content=\"summary_large_image\" \/>\n<meta name=\"twitter:label1\" content=\"Tiempo de lectura\" \/>\n\t<meta name=\"twitter:data1\" content=\"1 minuto\" \/>\n<script type=\"application\/ld+json\" class=\"yoast-schema-graph\">{\"@context\":\"https:\/\/schema.org\",\"@graph\":[{\"@type\":\"WebPage\",\"@id\":\"https:\/\/esperancaenlinia.org\/memories-dactivitat\/\",\"url\":\"https:\/\/esperancaenlinia.org\/memories-dactivitat\/\",\"name\":\"Mem\u00f2ries d\u2019activitat - Fundaci\u00f3n Ajuda i Esperan\u00e7a\",\"isPartOf\":{\"@id\":\"https:\/\/esperancaenlinia.org\/#website\"},\"primaryImageOfPage\":{\"@id\":\"https:\/\/esperancaenlinia.org\/memories-dactivitat\/#primaryimage\"},\"image\":{\"@id\":\"https:\/\/esperancaenlinia.org\/memories-dactivitat\/#primaryimage\"},\"thumbnailUrl\":\"https:\/\/esperancaenlinia.org\/wp-content\/uploads\/2026\/02\/obe2.jpg\",\"datePublished\":\"2024-04-14T18:44:03+00:00\",\"dateModified\":\"2026-04-01T10:30:47+00:00\",\"breadcrumb\":{\"@id\":\"https:\/\/esperancaenlinia.org\/memories-dactivitat\/#breadcrumb\"},\"inLanguage\":\"es\",\"potentialAction\":[{\"@type\":\"ReadAction\",\"target\":[\"https:\/\/esperancaenlinia.org\/memories-dactivitat\/\"]}]},{\"@type\":\"ImageObject\",\"inLanguage\":\"es\",\"@id\":\"https:\/\/esperancaenlinia.org\/memories-dactivitat\/#primaryimage\",\"url\":\"https:\/\/esperancaenlinia.org\/wp-content\/uploads\/2026\/02\/obe2.jpg\",\"contentUrl\":\"https:\/\/esperancaenlinia.org\/wp-content\/uploads\/2026\/02\/obe2.jpg\",\"width\":2370,\"height\":955},{\"@type\":\"BreadcrumbList\",\"@id\":\"https:\/\/esperancaenlinia.org\/memories-dactivitat\/#breadcrumb\",\"itemListElement\":[{\"@type\":\"ListItem\",\"position\":1,\"name\":\"Portada\",\"item\":\"https:\/\/esperancaenlinia.org\/\"},{\"@type\":\"ListItem\",\"position\":2,\"name\":\"Mem\u00f2ries d\u2019activitat\"}]},{\"@type\":\"WebSite\",\"@id\":\"https:\/\/esperancaenlinia.org\/#website\",\"url\":\"https:\/\/esperancaenlinia.org\/\",\"name\":\"Fundaci\u00f3n Ajuda i Esperan\u00e7a\",\"description\":\"\",\"publisher\":{\"@id\":\"https:\/\/esperancaenlinia.org\/#organization\"},\"potentialAction\":[{\"@type\":\"SearchAction\",\"target\":{\"@type\":\"EntryPoint\",\"urlTemplate\":\"https:\/\/esperancaenlinia.org\/?s={search_term_string}\"},\"query-input\":{\"@type\":\"PropertyValueSpecification\",\"valueRequired\":true,\"valueName\":\"search_term_string\"}}],\"inLanguage\":\"es\"},{\"@type\":\"Organization\",\"@id\":\"https:\/\/esperancaenlinia.org\/#organization\",\"name\":\"Fundaci\u00f3n Ajuda i Esperan\u00e7a\",\"url\":\"https:\/\/esperancaenlinia.org\/\",\"logo\":{\"@type\":\"ImageObject\",\"inLanguage\":\"es\",\"@id\":\"https:\/\/esperancaenlinia.org\/#\/schema\/logo\/image\/\",\"url\":\"https:\/\/esperancaenlinia.org\/wp-content\/uploads\/2024\/04\/logo-1.png\",\"contentUrl\":\"https:\/\/esperancaenlinia.org\/wp-content\/uploads\/2024\/04\/logo-1.png\",\"width\":662,\"height\":200,\"caption\":\"Fundaci\u00f3n Ajuda i Esperan\u00e7a\"},\"image\":{\"@id\":\"https:\/\/esperancaenlinia.org\/#\/schema\/logo\/image\/\"}}]}<\/script>\n<!-- \/ Yoast SEO plugin. -->","yoast_head_json":{"title":"Mem\u00f2ries d\u2019activitat - Fundaci\u00f3n Ajuda i Esperan\u00e7a","robots":{"index":"index","follow":"follow","max-snippet":"max-snippet:-1","max-image-preview":"max-image-preview:large","max-video-preview":"max-video-preview:-1"},"canonical":"https:\/\/esperancaenlinia.org\/es\/memories-dactivitat\/","og_locale":"es_ES","og_type":"article","og_title":"Mem\u00f2ries d\u2019activitat - Fundaci\u00f3n Ajuda i Esperan\u00e7a","og_description":"Inici | Mem\u00f2ries d&#8217;activitat Mem\u00f2ries d&#8217;activitat Transpar\u00e8ncia Entenem la transpar\u00e8ncia i el fet de retre comptes com\u00a0un exercici de responsabilitat\u00a0i\u00a0exig\u00e8ncia \u00e8tica. Volem ser una entitat responsable i eficient amb els ingressos econ\u00f2mics aconseguits, i per aix\u00f2 presentem una mem\u00f2ria amb els nostres comptes auditats, i tota la informaci\u00f3 sobre les tasques que hem desenvolupat. Contacta&#8217;ns!&hellip;&nbsp;Mem\u00f2ries d\u2019activitat","og_url":"https:\/\/esperancaenlinia.org\/es\/memories-dactivitat\/","og_site_name":"Fundaci\u00f3n Ajuda i Esperan\u00e7a","article_modified_time":"2026-04-01T10:30:47+00:00","og_image":[{"width":2370,"height":955,"url":"https:\/\/esperancaenlinia.org\/wp-content\/uploads\/2026\/02\/obe2.jpg","type":"image\/jpeg"}],"twitter_card":"summary_large_image","twitter_misc":{"Tiempo de lectura":"1 minuto"},"schema":{"@context":"https:\/\/schema.org","@graph":[{"@type":"WebPage","@id":"https:\/\/esperancaenlinia.org\/memories-dactivitat\/","url":"https:\/\/esperancaenlinia.org\/memories-dactivitat\/","name":"Mem\u00f2ries d\u2019activitat - Fundaci\u00f3n Ajuda i Esperan\u00e7a","isPartOf":{"@id":"https:\/\/esperancaenlinia.org\/#website"},"primaryImageOfPage":{"@id":"https:\/\/esperancaenlinia.org\/memories-dactivitat\/#primaryimage"},"image":{"@id":"https:\/\/esperancaenlinia.org\/memories-dactivitat\/#primaryimage"},"thumbnailUrl":"https:\/\/esperancaenlinia.org\/wp-content\/uploads\/2026\/02\/obe2.jpg","datePublished":"2024-04-14T18:44:03+00:00","dateModified":"2026-04-01T10:30:47+00:00","breadcrumb":{"@id":"https:\/\/esperancaenlinia.org\/memories-dactivitat\/#breadcrumb"},"inLanguage":"es","potentialAction":[{"@type":"ReadAction","target":["https:\/\/esperancaenlinia.org\/memories-dactivitat\/"]}]},{"@type":"ImageObject","inLanguage":"es","@id":"https:\/\/esperancaenlinia.org\/memories-dactivitat\/#primaryimage","url":"https:\/\/esperancaenlinia.org\/wp-content\/uploads\/2026\/02\/obe2.jpg","contentUrl":"https:\/\/esperancaenlinia.org\/wp-content\/uploads\/2026\/02\/obe2.jpg","width":2370,"height":955},{"@type":"BreadcrumbList","@id":"https:\/\/esperancaenlinia.org\/memories-dactivitat\/#breadcrumb","itemListElement":[{"@type":"ListItem","position":1,"name":"Portada","item":"https:\/\/esperancaenlinia.org\/"},{"@type":"ListItem","position":2,"name":"Mem\u00f2ries d\u2019activitat"}]},{"@type":"WebSite","@id":"https:\/\/esperancaenlinia.org\/#website","url":"https:\/\/esperancaenlinia.org\/","name":"Fundaci\u00f3n Ayuda y Esperanza","description":"","publisher":{"@id":"https:\/\/esperancaenlinia.org\/#organization"},"potentialAction":[{"@type":"SearchAction","target":{"@type":"EntryPoint","urlTemplate":"https:\/\/esperancaenlinia.org\/?s={search_term_string}"},"query-input":{"@type":"PropertyValueSpecification","valueRequired":true,"valueName":"search_term_string"}}],"inLanguage":"es"},{"@type":"Organization","@id":"https:\/\/esperancaenlinia.org\/#organization","name":"Fundaci\u00f3n Ayuda y Esperanza","url":"https:\/\/esperancaenlinia.org\/","logo":{"@type":"ImageObject","inLanguage":"es","@id":"https:\/\/esperancaenlinia.org\/#\/schema\/logo\/image\/","url":"https:\/\/esperancaenlinia.org\/wp-content\/uploads\/2024\/04\/logo-1.png","contentUrl":"https:\/\/esperancaenlinia.org\/wp-content\/uploads\/2024\/04\/logo-1.png","width":662,"height":200,"caption":"Fundaci\u00f3n Ajuda i Esperan\u00e7a"},"image":{"@id":"https:\/\/esperancaenlinia.org\/#\/schema\/logo\/image\/"}}]}},"_links":{"self":[{"href":"https:\/\/esperancaenlinia.org\/es\/wp-json\/wp\/v2\/pages\/601","targetHints":{"allow":["GET"]}}],"collection":[{"href":"https:\/\/esperancaenlinia.org\/es\/wp-json\/wp\/v2\/pages"}],"about":[{"href":"https:\/\/esperancaenlinia.org\/es\/wp-json\/wp\/v2\/types\/page"}],"author":[{"embeddable":true,"href":"https:\/\/esperancaenlinia.org\/es\/wp-json\/wp\/v2\/users\/1"}],"replies":[{"embeddable":true,"href":"https:\/\/esperancaenlinia.org\/es\/wp-json\/wp\/v2\/comments?post=601"}],"version-history":[{"count":160,"href":"https:\/\/esperancaenlinia.org\/es\/wp-json\/wp\/v2\/pages\/601\/revisions"}],"predecessor-version":[{"id":7915,"href":"https:\/\/esperancaenlinia.org\/es\/wp-json\/wp\/v2\/pages\/601\/revisions\/7915"}],"wp:featuredmedia":[{"embeddable":true,"href":"https:\/\/esperancaenlinia.org\/es\/wp-json\/wp\/v2\/media\/6438"}],"wp:attachment":[{"href":"https:\/\/esperancaenlinia.org\/es\/wp-json\/wp\/v2\/media?parent=601"}],"curies":[{"name":"wp","href":"https:\/\/api.w.org\/{rel}","templated":true}]}}