{"id":634,"date":"2024-04-14T21:16:30","date_gmt":"2024-04-14T19:16:30","guid":{"rendered":"https:\/\/esperancaenlinia.org\/?page_id=634"},"modified":"2026-02-09T11:04:28","modified_gmt":"2026-02-09T10:04:28","slug":"requeriments","status":"publish","type":"page","link":"https:\/\/esperancaenlinia.org\/es\/requeriments\/","title":{"rendered":"Requerimientos"},"content":{"rendered":"<div data-elementor-type=\"wp-page\" data-elementor-id=\"634\" class=\"elementor elementor-634\" data-elementor-post-type=\"page\">\n\t\t\t\t<div class=\"elementor-element elementor-element-49554068 e-flex e-con-boxed e-con e-parent\" data-id=\"49554068\" data-element_type=\"container\" data-e-type=\"container\" data-settings=\"{&quot;background_background&quot;:&quot;classic&quot;}\">\n\t\t\t\t\t<div class=\"e-con-inner\">\n\t\t\t\t<div class=\"elementor-element elementor-element-3631f571 elementor-widget elementor-widget-heading\" data-id=\"3631f571\" data-element_type=\"widget\" data-e-type=\"widget\" data-widget_type=\"heading.default\">\n\t\t\t\t<div class=\"elementor-widget-container\">\n\t\t\t\t\t<p class=\"elementor-heading-title elementor-size-default\">Inicio | Requerimientos<\/p>\t\t\t\t<\/div>\n\t\t\t\t<\/div>\n\t\t\t\t<div class=\"elementor-element elementor-element-5b12648e elementor-widget__width-inherit elementor-widget elementor-widget-heading\" data-id=\"5b12648e\" data-element_type=\"widget\" data-e-type=\"widget\" data-widget_type=\"heading.default\">\n\t\t\t\t<div class=\"elementor-widget-container\">\n\t\t\t\t\t<h2 class=\"elementor-heading-title elementor-size-default\">Requerimientos<\/h2>\t\t\t\t<\/div>\n\t\t\t\t<\/div>\n\t\t\t\t\t<\/div>\n\t\t\t\t<\/div>\n\t\t<div class=\"elementor-element elementor-element-55783dbf e-flex e-con-boxed e-con e-parent\" data-id=\"55783dbf\" data-element_type=\"container\" data-e-type=\"container\" data-settings=\"{&quot;background_background&quot;:&quot;classic&quot;}\">\n\t\t\t\t\t<div class=\"e-con-inner\">\n\t\t<div class=\"elementor-element elementor-element-60ed676f e-con-full e-flex e-con e-child\" data-id=\"60ed676f\" data-element_type=\"container\" data-e-type=\"container\">\n\t\t\t\t<div class=\"elementor-element elementor-element-6d7deeab animated-slow elementor-invisible elementor-widget elementor-widget-image\" data-id=\"6d7deeab\" data-element_type=\"widget\" data-e-type=\"widget\" data-settings=\"{&quot;_animation&quot;:&quot;fadeIn&quot;}\" data-widget_type=\"image.default\">\n\t\t\t\t<div class=\"elementor-widget-container\">\n\t\t\t\t\t\t\t\t\t\t\t\t\t\t\t<img fetchpriority=\"high\" decoding=\"async\" width=\"743\" height=\"1024\" src=\"https:\/\/esperancaenlinia.org\/wp-content\/uploads\/2025\/04\/voluntariat_esperanca-en-linia-743x1024.png\" class=\"attachment-large size-large wp-image-4098\" alt=\"\" srcset=\"https:\/\/esperancaenlinia.org\/wp-content\/uploads\/2025\/04\/voluntariat_esperanca-en-linia-743x1024.png 743w, https:\/\/esperancaenlinia.org\/wp-content\/uploads\/2025\/04\/voluntariat_esperanca-en-linia-600x827.png 600w, https:\/\/esperancaenlinia.org\/wp-content\/uploads\/2025\/04\/voluntariat_esperanca-en-linia-218x300.png 218w, https:\/\/esperancaenlinia.org\/wp-content\/uploads\/2025\/04\/voluntariat_esperanca-en-linia-768x1059.png 768w, https:\/\/esperancaenlinia.org\/wp-content\/uploads\/2025\/04\/voluntariat_esperanca-en-linia-9x12.png 9w, https:\/\/esperancaenlinia.org\/wp-content\/uploads\/2025\/04\/voluntariat_esperanca-en-linia.png 1000w\" sizes=\"(max-width: 743px) 100vw, 743px\" \/>\t\t\t\t\t\t\t\t\t\t\t\t\t\t\t<\/div>\n\t\t\t\t<\/div>\n\t\t\t\t<\/div>\n\t\t<div class=\"elementor-element elementor-element-6ce29c2f e-con-full e-flex e-con e-child\" data-id=\"6ce29c2f\" data-element_type=\"container\" data-e-type=\"container\">\n\t\t<div class=\"elementor-element elementor-element-628bbf6b e-con-full e-flex e-con e-child\" data-id=\"628bbf6b\" data-element_type=\"container\" data-e-type=\"container\">\n\t\t\t\t<div class=\"elementor-element elementor-element-33daebd2 elementor-widget__width-initial elementor-widget elementor-widget-heading\" data-id=\"33daebd2\" data-element_type=\"widget\" data-e-type=\"widget\" data-widget_type=\"heading.default\">\n\t\t\t\t<div class=\"elementor-widget-container\">\n\t\t\t\t\t<h2 class=\"elementor-heading-title elementor-size-default\">Voluntariado<\/h2>\t\t\t\t<\/div>\n\t\t\t\t<\/div>\n\t\t\t\t<\/div>\n\t\t\t\t<div class=\"elementor-element elementor-element-1f16185b elementor-widget elementor-widget-text-editor\" data-id=\"1f16185b\" data-element_type=\"widget\" data-e-type=\"widget\" data-widget_type=\"text-editor.default\">\n\t\t\t\t<div class=\"elementor-widget-container\">\n\t\t\t\t\t\t\t\t\t<p>La tarea consiste en atender a las llamadas y conversaciones que llegan a nuestras l\u00edneas telef\u00f3nicas y servicios en chat mediante diferentes t\u00e9cnicas de escucha. \u00a1La atenci\u00f3n y el apoyo emocional se hace desde casa, as\u00ed pues, puedes llevar a cabo la labor voluntaria desde donde vivas, en cualquier punto del territorio o del mundo!<\/p><p>Las personas voluntarias son el motor de nuestra entidad, sin ellas nada ser\u00eda posible. Por eso es muy importante cuidarlas y preservar la integridad de todo el equipo humano sobre todo por la carga emocional que conllevan algunas de las llamadas y conversaciones que se atienden.<\/p><p>Proporcionamos un entorno seguro tanto por las personas que necesitan ayuda como por los voluntarios. De ah\u00ed que haya cuatro requisitos para ser escucha:<\/p>\t\t\t\t\t\t\t\t<\/div>\n\t\t\t\t<\/div>\n\t\t\t\t<div class=\"elementor-element elementor-element-284ebab7 elementor-icon-list--layout-traditional elementor-list-item-link-full_width elementor-widget elementor-widget-icon-list\" data-id=\"284ebab7\" data-element_type=\"widget\" data-e-type=\"widget\" data-widget_type=\"icon-list.default\">\n\t\t\t\t<div class=\"elementor-widget-container\">\n\t\t\t\t\t\t\t<ul class=\"elementor-icon-list-items\">\n\t\t\t\t\t\t\t<li class=\"elementor-icon-list-item\">\n\t\t\t\t\t\t\t\t\t\t\t<span class=\"elementor-icon-list-icon\">\n\t\t\t\t\t\t\t<svg aria-hidden=\"true\" class=\"e-font-icon-svg e-fas-check-circle\" viewbox=\"0 0 512 512\" xmlns=\"http:\/\/www.w3.org\/2000\/svg\"><path d=\"M504 256c0 136.967-111.033 248-248 248S8 392.967 8 256 119.033 8 256 8s248 111.033 248 248zM227.314 387.314l184-184c6.248-6.248 6.248-16.379 0-22.627l-22.627-22.627c-6.248-6.249-16.379-6.249-22.628 0L216 308.118l-70.059-70.059c-6.248-6.248-16.379-6.248-22.628 0l-22.627 22.627c-6.248 6.248-6.248 16.379 0 22.627l104 104c6.249 6.249 16.379 6.249 22.628.001z\"><\/path><\/svg>\t\t\t\t\t\t<\/span>\n\t\t\t\t\t\t\t\t\t\t<span class=\"elementor-icon-list-text\">Tener m\u00e1s de 25 a\u00f1os<\/span>\n\t\t\t\t\t\t\t\t\t<\/li>\n\t\t\t\t\t\t\t\t<li class=\"elementor-icon-list-item\">\n\t\t\t\t\t\t\t\t\t\t\t<span class=\"elementor-icon-list-icon\">\n\t\t\t\t\t\t\t<svg aria-hidden=\"true\" class=\"e-font-icon-svg e-fas-check-circle\" viewbox=\"0 0 512 512\" xmlns=\"http:\/\/www.w3.org\/2000\/svg\"><path d=\"M504 256c0 136.967-111.033 248-248 248S8 392.967 8 256 119.033 8 256 8s248 111.033 248 248zM227.314 387.314l184-184c6.248-6.248 6.248-16.379 0-22.627l-22.627-22.627c-6.248-6.249-16.379-6.249-22.628 0L216 308.118l-70.059-70.059c-6.248-6.248-16.379-6.248-22.628 0l-22.627 22.627c-6.248 6.248-6.248 16.379 0 22.627l104 104c6.249 6.249 16.379 6.249 22.628.001z\"><\/path><\/svg>\t\t\t\t\t\t<\/span>\n\t\t\t\t\t\t\t\t\t\t<span class=\"elementor-icon-list-text\">Tener una muy buena comprensi\u00f3n del catal\u00e1n y del castellano<\/span>\n\t\t\t\t\t\t\t\t\t<\/li>\n\t\t\t\t\t\t\t\t<li class=\"elementor-icon-list-item\">\n\t\t\t\t\t\t\t\t\t\t\t<span class=\"elementor-icon-list-icon\">\n\t\t\t\t\t\t\t<svg aria-hidden=\"true\" class=\"e-font-icon-svg e-fas-check-circle\" viewbox=\"0 0 512 512\" xmlns=\"http:\/\/www.w3.org\/2000\/svg\"><path d=\"M504 256c0 136.967-111.033 248-248 248S8 392.967 8 256 119.033 8 256 8s248 111.033 248 248zM227.314 387.314l184-184c6.248-6.248 6.248-16.379 0-22.627l-22.627-22.627c-6.248-6.249-16.379-6.249-22.628 0L216 308.118l-70.059-70.059c-6.248-6.248-16.379-6.248-22.628 0l-22.627 22.627c-6.248 6.248-6.248 16.379 0 22.627l104 104c6.249 6.249 16.379 6.249 22.628.001z\"><\/path><\/svg>\t\t\t\t\t\t<\/span>\n\t\t\t\t\t\t\t\t\t\t<span class=\"elementor-icon-list-text\">Vivir un momento de estabilidad emocional<\/span>\n\t\t\t\t\t\t\t\t\t<\/li>\n\t\t\t\t\t\t\t\t<li class=\"elementor-icon-list-item\">\n\t\t\t\t\t\t\t\t\t\t\t<span class=\"elementor-icon-list-icon\">\n\t\t\t\t\t\t\t<svg aria-hidden=\"true\" class=\"e-font-icon-svg e-fas-check-circle\" viewbox=\"0 0 512 512\" xmlns=\"http:\/\/www.w3.org\/2000\/svg\"><path d=\"M504 256c0 136.967-111.033 248-248 248S8 392.967 8 256 119.033 8 256 8s248 111.033 248 248zM227.314 387.314l184-184c6.248-6.248 6.248-16.379 0-22.627l-22.627-22.627c-6.248-6.249-16.379-6.249-22.628 0L216 308.118l-70.059-70.059c-6.248-6.248-16.379-6.248-22.628 0l-22.627 22.627c-6.248 6.248-6.248 16.379 0 22.627l104 104c6.249 6.249 16.379 6.249 22.628.001z\"><\/path><\/svg>\t\t\t\t\t\t<\/span>\n\t\t\t\t\t\t\t\t\t\t<span class=\"elementor-icon-list-text\">Disponer de 10 horas al mes para dedicarlas a escuchar a los dem\u00e1s<\/span>\n\t\t\t\t\t\t\t\t\t<\/li>\n\t\t\t\t\t\t<\/ul>\n\t\t\t\t\t\t<\/div>\n\t\t\t\t<\/div>\n\t\t\t\t<\/div>\n\t\t\t\t\t<\/div>\n\t\t\t\t<\/div>\n\t\t<div class=\"elementor-element elementor-element-16bca9f4 e-flex e-con-boxed e-con e-parent\" data-id=\"16bca9f4\" data-element_type=\"container\" data-e-type=\"container\" data-settings=\"{&quot;background_background&quot;:&quot;classic&quot;}\">\n\t\t\t\t\t<div class=\"e-con-inner\">\n\t\t<div class=\"elementor-element elementor-element-1ee2a027 e-con-full e-flex e-con e-child\" data-id=\"1ee2a027\" data-element_type=\"container\" data-e-type=\"container\">\n\t\t\t\t<div class=\"elementor-element elementor-element-bde5052 elementor-widget elementor-widget-video\" data-id=\"bde5052\" data-element_type=\"widget\" data-e-type=\"widget\" data-settings=\"{&quot;youtube_url&quot;:&quot;https:\\\/\\\/www.youtube.com\\\/watch?v=Yuer-fAD_TE&quot;,&quot;video_type&quot;:&quot;youtube&quot;,&quot;controls&quot;:&quot;yes&quot;}\" data-widget_type=\"video.default\">\n\t\t\t\t<div class=\"elementor-widget-container\">\n\t\t\t\t\t\t\t<div class=\"elementor-wrapper elementor-open-inline\">\n\t\t\t<div class=\"elementor-video\"><\/div>\t\t<\/div>\n\t\t\t\t\t\t<\/div>\n\t\t\t\t<\/div>\n\t\t\t\t<\/div>\n\t\t\t\t\t<\/div>\n\t\t\t\t<\/div>\n\t\t<div class=\"elementor-element elementor-element-494eb52 e-flex e-con-boxed e-con e-parent\" data-id=\"494eb52\" data-element_type=\"container\" data-e-type=\"container\" data-settings=\"{&quot;background_background&quot;:&quot;classic&quot;}\">\n\t\t\t\t\t<div class=\"e-con-inner\">\n\t\t<div class=\"elementor-element elementor-element-66f0a5e e-con-full e-flex e-con e-child\" data-id=\"66f0a5e\" data-element_type=\"container\" data-e-type=\"container\">\n\t\t<div class=\"elementor-element elementor-element-cb370a8 e-flex e-con-boxed e-con e-child\" data-id=\"cb370a8\" data-element_type=\"container\" data-e-type=\"container\" data-settings=\"{&quot;background_background&quot;:&quot;classic&quot;}\">\n\t\t\t\t\t<div class=\"e-con-inner\">\n\t\t<div class=\"elementor-element elementor-element-8d24fa4 e-con-full e-flex e-con e-child\" data-id=\"8d24fa4\" data-element_type=\"container\" data-e-type=\"container\" data-settings=\"{&quot;background_background&quot;:&quot;classic&quot;}\">\n\t\t\t\t<div class=\"elementor-element elementor-element-0f4c2d9 elementor-widget__width-inherit elementor-widget-mobile__width-inherit elementor-widget elementor-widget-heading\" data-id=\"0f4c2d9\" data-element_type=\"widget\" data-e-type=\"widget\" data-widget_type=\"heading.default\">\n\t\t\t\t<div class=\"elementor-widget-container\">\n\t\t\t\t\t<h2 class=\"elementor-heading-title elementor-size-default\">Necessitem persones com tu!<\/h2>\t\t\t\t<\/div>\n\t\t\t\t<\/div>\n\t\t\t\t<div class=\"elementor-element elementor-element-e52a0dc elementor-widget__width-initial elementor-widget-mobile__width-inherit elementor-widget elementor-widget-text-editor\" data-id=\"e52a0dc\" data-element_type=\"widget\" data-e-type=\"widget\" data-widget_type=\"text-editor.default\">\n\t\t\t\t<div class=\"elementor-widget-container\">\n\t\t\t\t\t\t\t\t\t<p>La teva empatia pot salvar vides i ajudar persones en moments d&#8217;angoixa i malestar<\/p>\t\t\t\t\t\t\t\t<\/div>\n\t\t\t\t<\/div>\n\t\t\t\t<div class=\"elementor-element elementor-element-d937c00 elementor-mobile-align-justify btn-expand-arrow elementor-widget elementor-widget-button\" data-id=\"d937c00\" data-element_type=\"widget\" data-e-type=\"widget\" data-widget_type=\"button.default\">\n\t\t\t\t<div class=\"elementor-widget-container\">\n\t\t\t\t\t\t\t\t\t<div class=\"elementor-button-wrapper\">\n\t\t\t\t\t<a class=\"elementor-button elementor-button-link elementor-size-sm elementor-animation-grow\" href=\"https:\/\/esperancaenlinia.org\/es\/voluntariat\/\">\n\t\t\t\t\t\t<span class=\"elementor-button-content-wrapper\">\n\t\t\t\t\t\t\t\t\t<span class=\"elementor-button-text\">Uneix-te al voluntariat<\/span>\n\t\t\t\t\t<\/span>\n\t\t\t\t\t<\/a>\n\t\t\t\t<\/div>\n\t\t\t\t\t\t\t\t<\/div>\n\t\t\t\t<\/div>\n\t\t\t\t<\/div>\n\t\t\t\t\t<\/div>\n\t\t\t\t<\/div>\n\t\t\t\t<\/div>\n\t\t\t\t\t<\/div>\n\t\t\t\t<\/div>\n\t\t\t\t<\/div>","protected":false},"excerpt":{"rendered":"<p>Inici | Requeriments Requeriments Voluntariat La tasca consisteix a atendre les trucades i converses que arriben a les nostres l\u00ednies telef\u00f2niques i serveis en xat mitjan\u00e7ant diferents t\u00e8cniques d\u2019escolta. L\u2019atenci\u00f3 i el suport emocional es fa des de casa, aix\u00ed doncs, pots dur a terme la tasca volunt\u00e0ria des d\u2019all\u00e0 on visquis, a qualsevol punt&hellip;&nbsp;<a href=\"https:\/\/esperancaenlinia.org\/es\/requeriments\/\" rel=\"bookmark\"><span class=\"screen-reader-text\">Requerimientos<\/span><\/a><\/p>","protected":false},"author":1,"featured_media":6399,"parent":0,"menu_order":0,"comment_status":"closed","ping_status":"closed","template":"elementor_header_footer","meta":{"neve_meta_sidebar":"","neve_meta_container":"","neve_meta_enable_content_width":"off","neve_meta_content_width":100,"neve_meta_title_alignment":"","neve_meta_author_avatar":"","neve_post_elements_order":"","neve_meta_disable_header":"","neve_meta_disable_footer":"","neve_meta_disable_title":"","footnotes":""},"class_list":["post-634","page","type-page","status-publish","has-post-thumbnail","hentry"],"yoast_head":"<!-- This site is optimized with the Yoast SEO plugin v27.1.1 - https:\/\/yoast.com\/product\/yoast-seo-wordpress\/ -->\n<title>Requeriments - Fundaci\u00f3n Ajuda i Esperan\u00e7a<\/title>\n<meta name=\"robots\" content=\"index, follow, max-snippet:-1, max-image-preview:large, max-video-preview:-1\" \/>\n<link rel=\"canonical\" href=\"https:\/\/esperancaenlinia.org\/es\/requeriments\/\" \/>\n<meta property=\"og:locale\" content=\"es_ES\" \/>\n<meta property=\"og:type\" content=\"article\" \/>\n<meta property=\"og:title\" content=\"Requeriments - Fundaci\u00f3n Ajuda i Esperan\u00e7a\" \/>\n<meta property=\"og:description\" content=\"Inici | Requeriments Requeriments Voluntariat La tasca consisteix a atendre les trucades i converses que arriben a les nostres l\u00ednies telef\u00f2niques i serveis en xat mitjan\u00e7ant diferents t\u00e8cniques d\u2019escolta. L\u2019atenci\u00f3 i el suport emocional es fa des de casa, aix\u00ed doncs, pots dur a terme la tasca volunt\u00e0ria des d\u2019all\u00e0 on visquis, a qualsevol punt&hellip;&nbsp;Requeriments\" \/>\n<meta property=\"og:url\" content=\"https:\/\/esperancaenlinia.org\/es\/requeriments\/\" \/>\n<meta property=\"og:site_name\" content=\"Fundaci\u00f3n Ajuda i Esperan\u00e7a\" \/>\n<meta property=\"article:modified_time\" content=\"2026-02-09T10:04:28+00:00\" \/>\n<meta property=\"og:image\" content=\"https:\/\/esperancaenlinia.org\/wp-content\/uploads\/2026\/02\/requeriments.jpg\" \/>\n\t<meta property=\"og:image:width\" content=\"2000\" \/>\n\t<meta property=\"og:image:height\" content=\"806\" \/>\n\t<meta property=\"og:image:type\" content=\"image\/jpeg\" \/>\n<meta name=\"twitter:card\" content=\"summary_large_image\" \/>\n<meta name=\"twitter:label1\" content=\"Tiempo de lectura\" \/>\n\t<meta name=\"twitter:data1\" content=\"2 minutos\" \/>\n<script type=\"application\/ld+json\" class=\"yoast-schema-graph\">{\"@context\":\"https:\/\/schema.org\",\"@graph\":[{\"@type\":\"WebPage\",\"@id\":\"https:\/\/esperancaenlinia.org\/requeriments\/\",\"url\":\"https:\/\/esperancaenlinia.org\/requeriments\/\",\"name\":\"Requeriments - Fundaci\u00f3n Ajuda i Esperan\u00e7a\",\"isPartOf\":{\"@id\":\"https:\/\/esperancaenlinia.org\/#website\"},\"primaryImageOfPage\":{\"@id\":\"https:\/\/esperancaenlinia.org\/requeriments\/#primaryimage\"},\"image\":{\"@id\":\"https:\/\/esperancaenlinia.org\/requeriments\/#primaryimage\"},\"thumbnailUrl\":\"https:\/\/esperancaenlinia.org\/wp-content\/uploads\/2026\/02\/requeriments.jpg\",\"datePublished\":\"2024-04-14T19:16:30+00:00\",\"dateModified\":\"2026-02-09T10:04:28+00:00\",\"breadcrumb\":{\"@id\":\"https:\/\/esperancaenlinia.org\/requeriments\/#breadcrumb\"},\"inLanguage\":\"es\",\"potentialAction\":[{\"@type\":\"ReadAction\",\"target\":[\"https:\/\/esperancaenlinia.org\/requeriments\/\"]}]},{\"@type\":\"ImageObject\",\"inLanguage\":\"es\",\"@id\":\"https:\/\/esperancaenlinia.org\/requeriments\/#primaryimage\",\"url\":\"https:\/\/esperancaenlinia.org\/wp-content\/uploads\/2026\/02\/requeriments.jpg\",\"contentUrl\":\"https:\/\/esperancaenlinia.org\/wp-content\/uploads\/2026\/02\/requeriments.jpg\",\"width\":2000,\"height\":806},{\"@type\":\"BreadcrumbList\",\"@id\":\"https:\/\/esperancaenlinia.org\/requeriments\/#breadcrumb\",\"itemListElement\":[{\"@type\":\"ListItem\",\"position\":1,\"name\":\"Portada\",\"item\":\"https:\/\/esperancaenlinia.org\/\"},{\"@type\":\"ListItem\",\"position\":2,\"name\":\"Requeriments\"}]},{\"@type\":\"WebSite\",\"@id\":\"https:\/\/esperancaenlinia.org\/#website\",\"url\":\"https:\/\/esperancaenlinia.org\/\",\"name\":\"Fundaci\u00f3n Ajuda i Esperan\u00e7a\",\"description\":\"\",\"publisher\":{\"@id\":\"https:\/\/esperancaenlinia.org\/#organization\"},\"potentialAction\":[{\"@type\":\"SearchAction\",\"target\":{\"@type\":\"EntryPoint\",\"urlTemplate\":\"https:\/\/esperancaenlinia.org\/?s={search_term_string}\"},\"query-input\":{\"@type\":\"PropertyValueSpecification\",\"valueRequired\":true,\"valueName\":\"search_term_string\"}}],\"inLanguage\":\"es\"},{\"@type\":\"Organization\",\"@id\":\"https:\/\/esperancaenlinia.org\/#organization\",\"name\":\"Fundaci\u00f3n Ajuda i Esperan\u00e7a\",\"url\":\"https:\/\/esperancaenlinia.org\/\",\"logo\":{\"@type\":\"ImageObject\",\"inLanguage\":\"es\",\"@id\":\"https:\/\/esperancaenlinia.org\/#\/schema\/logo\/image\/\",\"url\":\"https:\/\/esperancaenlinia.org\/wp-content\/uploads\/2024\/04\/logo-1.png\",\"contentUrl\":\"https:\/\/esperancaenlinia.org\/wp-content\/uploads\/2024\/04\/logo-1.png\",\"width\":662,\"height\":200,\"caption\":\"Fundaci\u00f3n Ajuda i Esperan\u00e7a\"},\"image\":{\"@id\":\"https:\/\/esperancaenlinia.org\/#\/schema\/logo\/image\/\"}}]}<\/script>\n<!-- \/ Yoast SEO plugin. -->","yoast_head_json":{"title":"Requeriments - Fundaci\u00f3n Ajuda i Esperan\u00e7a","robots":{"index":"index","follow":"follow","max-snippet":"max-snippet:-1","max-image-preview":"max-image-preview:large","max-video-preview":"max-video-preview:-1"},"canonical":"https:\/\/esperancaenlinia.org\/es\/requeriments\/","og_locale":"es_ES","og_type":"article","og_title":"Requeriments - Fundaci\u00f3n Ajuda i Esperan\u00e7a","og_description":"Inici | Requeriments Requeriments Voluntariat La tasca consisteix a atendre les trucades i converses que arriben a les nostres l\u00ednies telef\u00f2niques i serveis en xat mitjan\u00e7ant diferents t\u00e8cniques d\u2019escolta. L\u2019atenci\u00f3 i el suport emocional es fa des de casa, aix\u00ed doncs, pots dur a terme la tasca volunt\u00e0ria des d\u2019all\u00e0 on visquis, a qualsevol punt&hellip;&nbsp;Requeriments","og_url":"https:\/\/esperancaenlinia.org\/es\/requeriments\/","og_site_name":"Fundaci\u00f3n Ajuda i Esperan\u00e7a","article_modified_time":"2026-02-09T10:04:28+00:00","og_image":[{"width":2000,"height":806,"url":"https:\/\/esperancaenlinia.org\/wp-content\/uploads\/2026\/02\/requeriments.jpg","type":"image\/jpeg"}],"twitter_card":"summary_large_image","twitter_misc":{"Tiempo de lectura":"2 minutos"},"schema":{"@context":"https:\/\/schema.org","@graph":[{"@type":"WebPage","@id":"https:\/\/esperancaenlinia.org\/requeriments\/","url":"https:\/\/esperancaenlinia.org\/requeriments\/","name":"Requeriments - Fundaci\u00f3n Ajuda i Esperan\u00e7a","isPartOf":{"@id":"https:\/\/esperancaenlinia.org\/#website"},"primaryImageOfPage":{"@id":"https:\/\/esperancaenlinia.org\/requeriments\/#primaryimage"},"image":{"@id":"https:\/\/esperancaenlinia.org\/requeriments\/#primaryimage"},"thumbnailUrl":"https:\/\/esperancaenlinia.org\/wp-content\/uploads\/2026\/02\/requeriments.jpg","datePublished":"2024-04-14T19:16:30+00:00","dateModified":"2026-02-09T10:04:28+00:00","breadcrumb":{"@id":"https:\/\/esperancaenlinia.org\/requeriments\/#breadcrumb"},"inLanguage":"es","potentialAction":[{"@type":"ReadAction","target":["https:\/\/esperancaenlinia.org\/requeriments\/"]}]},{"@type":"ImageObject","inLanguage":"es","@id":"https:\/\/esperancaenlinia.org\/requeriments\/#primaryimage","url":"https:\/\/esperancaenlinia.org\/wp-content\/uploads\/2026\/02\/requeriments.jpg","contentUrl":"https:\/\/esperancaenlinia.org\/wp-content\/uploads\/2026\/02\/requeriments.jpg","width":2000,"height":806},{"@type":"BreadcrumbList","@id":"https:\/\/esperancaenlinia.org\/requeriments\/#breadcrumb","itemListElement":[{"@type":"ListItem","position":1,"name":"Portada","item":"https:\/\/esperancaenlinia.org\/"},{"@type":"ListItem","position":2,"name":"Requeriments"}]},{"@type":"WebSite","@id":"https:\/\/esperancaenlinia.org\/#website","url":"https:\/\/esperancaenlinia.org\/","name":"Fundaci\u00f3n Ayuda y Esperanza","description":"","publisher":{"@id":"https:\/\/esperancaenlinia.org\/#organization"},"potentialAction":[{"@type":"SearchAction","target":{"@type":"EntryPoint","urlTemplate":"https:\/\/esperancaenlinia.org\/?s={search_term_string}"},"query-input":{"@type":"PropertyValueSpecification","valueRequired":true,"valueName":"search_term_string"}}],"inLanguage":"es"},{"@type":"Organization","@id":"https:\/\/esperancaenlinia.org\/#organization","name":"Fundaci\u00f3n Ayuda y Esperanza","url":"https:\/\/esperancaenlinia.org\/","logo":{"@type":"ImageObject","inLanguage":"es","@id":"https:\/\/esperancaenlinia.org\/#\/schema\/logo\/image\/","url":"https:\/\/esperancaenlinia.org\/wp-content\/uploads\/2024\/04\/logo-1.png","contentUrl":"https:\/\/esperancaenlinia.org\/wp-content\/uploads\/2024\/04\/logo-1.png","width":662,"height":200,"caption":"Fundaci\u00f3n Ajuda i Esperan\u00e7a"},"image":{"@id":"https:\/\/esperancaenlinia.org\/#\/schema\/logo\/image\/"}}]}},"_links":{"self":[{"href":"https:\/\/esperancaenlinia.org\/es\/wp-json\/wp\/v2\/pages\/634","targetHints":{"allow":["GET"]}}],"collection":[{"href":"https:\/\/esperancaenlinia.org\/es\/wp-json\/wp\/v2\/pages"}],"about":[{"href":"https:\/\/esperancaenlinia.org\/es\/wp-json\/wp\/v2\/types\/page"}],"author":[{"embeddable":true,"href":"https:\/\/esperancaenlinia.org\/es\/wp-json\/wp\/v2\/users\/1"}],"replies":[{"embeddable":true,"href":"https:\/\/esperancaenlinia.org\/es\/wp-json\/wp\/v2\/comments?post=634"}],"version-history":[{"count":67,"href":"https:\/\/esperancaenlinia.org\/es\/wp-json\/wp\/v2\/pages\/634\/revisions"}],"predecessor-version":[{"id":6746,"href":"https:\/\/esperancaenlinia.org\/es\/wp-json\/wp\/v2\/pages\/634\/revisions\/6746"}],"wp:featuredmedia":[{"embeddable":true,"href":"https:\/\/esperancaenlinia.org\/es\/wp-json\/wp\/v2\/media\/6399"}],"wp:attachment":[{"href":"https:\/\/esperancaenlinia.org\/es\/wp-json\/wp\/v2\/media?parent=634"}],"curies":[{"name":"wp","href":"https:\/\/api.w.org\/{rel}","templated":true}]}}