{"id":7975,"date":"2026-04-13T13:54:18","date_gmt":"2026-04-13T11:54:18","guid":{"rendered":"https:\/\/esperancaenlinia.org\/?page_id=7975"},"modified":"2026-04-14T12:08:12","modified_gmt":"2026-04-14T10:08:12","slug":"formacio-per-a-la-teva-plantilla","status":"publish","type":"page","link":"https:\/\/esperancaenlinia.org\/es\/formacio-per-a-la-teva-plantilla\/","title":{"rendered":"Formaci\u00f3 especialitzada per a la teva plantilla"},"content":{"rendered":"\t\t<div data-elementor-type=\"wp-page\" data-elementor-id=\"7975\" class=\"elementor elementor-7975\" data-elementor-post-type=\"page\">\n\t\t\t\t<div class=\"elementor-element elementor-element-57097201 e-flex e-con-boxed e-con e-parent\" data-id=\"57097201\" data-element_type=\"container\" data-e-type=\"container\" data-settings=\"{&quot;background_background&quot;:&quot;classic&quot;}\">\n\t\t\t\t\t<div class=\"e-con-inner\">\n\t\t\t\t<div class=\"elementor-element elementor-element-52d8891a elementor-widget elementor-widget-heading\" data-id=\"52d8891a\" data-element_type=\"widget\" data-e-type=\"widget\" data-widget_type=\"heading.default\">\n\t\t\t\t<div class=\"elementor-widget-container\">\n\t\t\t\t\t<p class=\"elementor-heading-title elementor-size-default\">Inici | Empreses amb esperan\u00e7a<\/p>\t\t\t\t<\/div>\n\t\t\t\t<\/div>\n\t\t\t\t<div class=\"elementor-element elementor-element-7eb1d120 elementor-widget__width-inherit elementor-widget elementor-widget-heading\" data-id=\"7eb1d120\" data-element_type=\"widget\" data-e-type=\"widget\" data-widget_type=\"heading.default\">\n\t\t\t\t<div class=\"elementor-widget-container\">\n\t\t\t\t\t<h2 class=\"elementor-heading-title elementor-size-default\">Formaci\u00f3 especialitzada per a la teva plantilla<\/h2>\t\t\t\t<\/div>\n\t\t\t\t<\/div>\n\t\t\t\t\t<\/div>\n\t\t\t\t<\/div>\n\t\t<div class=\"elementor-element elementor-element-10934c2c e-flex e-con-boxed e-con e-parent\" data-id=\"10934c2c\" data-element_type=\"container\" data-e-type=\"container\">\n\t\t\t\t\t<div class=\"e-con-inner\">\n\t\t<div class=\"elementor-element elementor-element-5d8b3acc e-con-full e-flex e-con e-child\" data-id=\"5d8b3acc\" data-element_type=\"container\" data-e-type=\"container\">\n\t\t\t\t<div class=\"elementor-element elementor-element-658d3b9c elementor-widget elementor-widget-image\" data-id=\"658d3b9c\" data-element_type=\"widget\" data-e-type=\"widget\" data-widget_type=\"image.default\">\n\t\t\t\t<div class=\"elementor-widget-container\">\n\t\t\t\t\t\t\t\t\t\t\t\t\t\t\t<img fetchpriority=\"high\" decoding=\"async\" width=\"2560\" height=\"2560\" src=\"https:\/\/esperancaenlinia.org\/wp-content\/uploads\/2026\/04\/pexels-yankrukov-4458425-scaled.jpg\" class=\"attachment-full size-full wp-image-7977\" alt=\"\" srcset=\"https:\/\/esperancaenlinia.org\/wp-content\/uploads\/2026\/04\/pexels-yankrukov-4458425-scaled.jpg 2560w, https:\/\/esperancaenlinia.org\/wp-content\/uploads\/2026\/04\/pexels-yankrukov-4458425-300x300.jpg 300w, https:\/\/esperancaenlinia.org\/wp-content\/uploads\/2026\/04\/pexels-yankrukov-4458425-1024x1024.jpg 1024w, https:\/\/esperancaenlinia.org\/wp-content\/uploads\/2026\/04\/pexels-yankrukov-4458425-150x150.jpg 150w, https:\/\/esperancaenlinia.org\/wp-content\/uploads\/2026\/04\/pexels-yankrukov-4458425-768x768.jpg 768w, https:\/\/esperancaenlinia.org\/wp-content\/uploads\/2026\/04\/pexels-yankrukov-4458425-1536x1536.jpg 1536w, https:\/\/esperancaenlinia.org\/wp-content\/uploads\/2026\/04\/pexels-yankrukov-4458425-2048x2048.jpg 2048w, https:\/\/esperancaenlinia.org\/wp-content\/uploads\/2026\/04\/pexels-yankrukov-4458425-12x12.jpg 12w, https:\/\/esperancaenlinia.org\/wp-content\/uploads\/2026\/04\/pexels-yankrukov-4458425-600x600.jpg 600w, https:\/\/esperancaenlinia.org\/wp-content\/uploads\/2026\/04\/pexels-yankrukov-4458425-100x100.jpg 100w\" sizes=\"(max-width: 2560px) 100vw, 2560px\" \/>\t\t\t\t\t\t\t\t\t\t\t\t\t\t\t<\/div>\n\t\t\t\t<\/div>\n\t\t\t\t<\/div>\n\t\t<div class=\"elementor-element elementor-element-18d3b725 e-con-full e-flex e-con e-child\" data-id=\"18d3b725\" data-element_type=\"container\" data-e-type=\"container\">\n\t\t\t\t<div class=\"elementor-element elementor-element-7d1c2187 elementor-widget__width-initial elementor-widget elementor-widget-heading\" data-id=\"7d1c2187\" data-element_type=\"widget\" data-e-type=\"widget\" data-widget_type=\"heading.default\">\n\t\t\t\t<div class=\"elementor-widget-container\">\n\t\t\t\t\t<h2 class=\"elementor-heading-title elementor-size-default\">Formaci\u00f3 especialitzada per a la teva plantilla<\/h2>\t\t\t\t<\/div>\n\t\t\t\t<\/div>\n\t\t\t\t<div class=\"elementor-element elementor-element-25101a41 elementor-widget__width-initial elementor-widget elementor-widget-heading\" data-id=\"25101a41\" data-element_type=\"widget\" data-e-type=\"widget\" data-widget_type=\"heading.default\">\n\t\t\t\t<div class=\"elementor-widget-container\">\n\t\t\t\t\t<p class=\"elementor-heading-title elementor-size-default\">Com a entitat experta amb m\u00e9s de mig segle d'hist\u00f2ria, oferim sessions de gesti\u00f3 emocional i prevenci\u00f3 de conductes de risc espec\u00edfiques per al teu equip que t\u2019ajudaran a detectar situacions cr\u00edtiques i millorar la conviv\u00e8ncia.<\/p>\t\t\t\t<\/div>\n\t\t\t\t<\/div>\n\t\t\t\t<div class=\"elementor-element elementor-element-3045fe9 elementor-widget__width-initial elementor-widget elementor-widget-heading\" data-id=\"3045fe9\" data-element_type=\"widget\" data-e-type=\"widget\" data-widget_type=\"heading.default\">\n\t\t\t\t<div class=\"elementor-widget-container\">\n\t\t\t\t\t<p class=\"elementor-heading-title elementor-size-default\">\u00b7  Afavoreix la resoluci\u00f3 de conflictes i evita la rotaci\u00f3 de personal.<\/p>\t\t\t\t<\/div>\n\t\t\t\t<\/div>\n\t\t\t\t<div class=\"elementor-element elementor-element-5e7e331 elementor-widget__width-initial elementor-widget elementor-widget-heading\" data-id=\"5e7e331\" data-element_type=\"widget\" data-e-type=\"widget\" data-widget_type=\"heading.default\">\n\t\t\t\t<div class=\"elementor-widget-container\">\n\t\t\t\t\t<p class=\"elementor-heading-title elementor-size-default\">\u00b7  Fomenta l\u2019escolta activa i un clima laboral saludable.<\/p>\t\t\t\t<\/div>\n\t\t\t\t<\/div>\n\t\t\t\t<div class=\"elementor-element elementor-element-def35f2 elementor-widget__width-initial elementor-widget elementor-widget-heading\" data-id=\"def35f2\" data-element_type=\"widget\" data-e-type=\"widget\" data-widget_type=\"heading.default\">\n\t\t\t\t<div class=\"elementor-widget-container\">\n\t\t\t\t\t<p class=\"elementor-heading-title elementor-size-default\">\u00b7  Dona eines al teu equip per millorar el seu benestar i prevenir el <i>burnout<\/i>.<\/p>\t\t\t\t<\/div>\n\t\t\t\t<\/div>\n\t\t\t\t<\/div>\n\t\t\t\t\t<\/div>\n\t\t\t\t<\/div>\n\t\t<div class=\"elementor-element elementor-element-2054a0ee e-flex e-con-boxed e-con e-parent\" data-id=\"2054a0ee\" data-element_type=\"container\" data-e-type=\"container\" data-settings=\"{&quot;background_background&quot;:&quot;classic&quot;}\">\n\t\t\t\t\t<div class=\"e-con-inner\">\n\t\t<div class=\"elementor-element elementor-element-2e0c7852 e-con-full e-flex e-con e-child\" data-id=\"2e0c7852\" data-element_type=\"container\" data-e-type=\"container\" data-settings=\"{&quot;background_background&quot;:&quot;classic&quot;}\">\n\t\t<div class=\"elementor-element elementor-element-654ffd8b e-con-full e-flex e-con e-child\" data-id=\"654ffd8b\" data-element_type=\"container\" data-e-type=\"container\">\n\t\t\t\t<div class=\"elementor-element elementor-element-6f6c2670 elementor-widget__width-inherit elementor-widget elementor-widget-heading\" data-id=\"6f6c2670\" data-element_type=\"widget\" data-e-type=\"widget\" data-widget_type=\"heading.default\">\n\t\t\t\t<div class=\"elementor-widget-container\">\n\t\t\t\t\t<p class=\"elementor-heading-title elementor-size-default\">VULL FORMAR EL MEU EQUIP<\/p>\t\t\t\t<\/div>\n\t\t\t\t<\/div>\n\t\t\t\t<div class=\"elementor-element elementor-element-28cec96e elementor-widget__width-initial elementor-widget elementor-widget-heading\" data-id=\"28cec96e\" data-element_type=\"widget\" data-e-type=\"widget\" data-widget_type=\"heading.default\">\n\t\t\t\t<div class=\"elementor-widget-container\">\n\t\t\t\t\t<h2 class=\"elementor-heading-title elementor-size-default\">Podem ajudar-te?<\/h2>\t\t\t\t<\/div>\n\t\t\t\t<\/div>\n\t\t\t\t<div class=\"elementor-element elementor-element-85ae229 elementor-widget__width-initial elementor-widget elementor-widget-heading\" data-id=\"85ae229\" data-element_type=\"widget\" data-e-type=\"widget\" data-widget_type=\"heading.default\">\n\t\t\t\t<div class=\"elementor-widget-container\">\n\t\t\t\t\t<p class=\"elementor-heading-title elementor-size-default\">Confia en l\u2019experi\u00e8ncia en salut emocional d\u2019Esperan\u00e7a en l\u00ednia.<\/p>\t\t\t\t<\/div>\n\t\t\t\t<\/div>\n\t\t\t\t<\/div>\n\t\t<div class=\"elementor-element elementor-element-6a7a666 e-con-full e-flex e-con e-child\" data-id=\"6a7a666\" data-element_type=\"container\" data-e-type=\"container\">\n\t\t\t\t<div class=\"elementor-element elementor-element-319d939c elementor-button-align-start elementor-mobile-button-align-stretch elementor-widget elementor-widget-form\" data-id=\"319d939c\" data-element_type=\"widget\" data-e-type=\"widget\" data-settings=\"{&quot;step_next_label&quot;:&quot;Next&quot;,&quot;step_previous_label&quot;:&quot;Previous&quot;,&quot;button_width&quot;:&quot;100&quot;,&quot;step_type&quot;:&quot;number_text&quot;,&quot;step_icon_shape&quot;:&quot;circle&quot;}\" data-widget_type=\"form.default\">\n\t\t\t\t<div class=\"elementor-widget-container\">\n\t\t\t\t\t\t\t<form class=\"elementor-form\" method=\"post\" name=\"New Form\">\n\t\t\t<input type=\"hidden\" name=\"post_id\" value=\"7975\"\/>\n\t\t\t<input type=\"hidden\" name=\"form_id\" value=\"319d939c\"\/>\n\t\t\t<input type=\"hidden\" name=\"referer_title\" value=\"Formaci\u00f3 especialitzada per a la teva plantilla - Fundaci\u00f3n Ajuda i Esperan\u00e7a\" \/>\n\n\t\t\t\t\t\t\t<input type=\"hidden\" name=\"queried_id\" value=\"7975\"\/>\n\t\t\t\n\t\t\t<div class=\"elementor-form-fields-wrapper elementor-labels-\">\n\t\t\t\t\t\t\t\t<div class=\"elementor-field-type-text elementor-field-group elementor-column elementor-field-group-field_645f3b5 elementor-col-100 elementor-field-required\">\n\t\t\t\t\t\t\t\t\t\t\t\t<label for=\"form-field-field_645f3b5\" class=\"elementor-field-label elementor-screen-only\">\n\t\t\t\t\t\t\t\tNom i Cognom\t\t\t\t\t\t\t<\/label>\n\t\t\t\t\t\t\t\t\t\t\t\t\t\t<input size=\"1\" type=\"text\" name=\"form_fields[field_645f3b5]\" id=\"form-field-field_645f3b5\" class=\"elementor-field elementor-size-sm  elementor-field-textual\" placeholder=\"Nom i Cognom\" required=\"required\">\n\t\t\t\t\t\t\t\t\t\t\t<\/div>\n\t\t\t\t\t\t\t\t<div class=\"elementor-field-type-email elementor-field-group elementor-column elementor-field-group-field_198266f elementor-col-100 elementor-field-required\">\n\t\t\t\t\t\t\t\t\t\t\t\t<label for=\"form-field-field_198266f\" class=\"elementor-field-label elementor-screen-only\">\n\t\t\t\t\t\t\t\tCorreu electr\u00f2nic\t\t\t\t\t\t\t<\/label>\n\t\t\t\t\t\t\t\t\t\t\t\t\t\t<input size=\"1\" type=\"email\" name=\"form_fields[field_198266f]\" id=\"form-field-field_198266f\" class=\"elementor-field elementor-size-sm  elementor-field-textual\" placeholder=\"Correu electr\u00f2nic\" required=\"required\">\n\t\t\t\t\t\t\t\t\t\t\t<\/div>\n\t\t\t\t\t\t\t\t<div class=\"elementor-field-type-textarea elementor-field-group elementor-column elementor-field-group-field_289a011 elementor-col-100\">\n\t\t\t\t\t\t\t\t\t\t\t\t<label for=\"form-field-field_289a011\" class=\"elementor-field-label elementor-screen-only\">\n\t\t\t\t\t\t\t\tMissatge\t\t\t\t\t\t\t<\/label>\n\t\t\t\t\t\t<textarea class=\"elementor-field-textual elementor-field  elementor-size-sm\" name=\"form_fields[field_289a011]\" id=\"form-field-field_289a011\" rows=\"4\" placeholder=\"Missatge\"><\/textarea>\t\t\t\t<\/div>\n\t\t\t\t\t\t\t\t<div class=\"elementor-field-group elementor-column elementor-field-type-submit elementor-col-100 e-form__buttons\">\n\t\t\t\t\t<button class=\"elementor-button elementor-size-sm\" type=\"submit\">\n\t\t\t\t\t\t<span class=\"elementor-button-content-wrapper\">\n\t\t\t\t\t\t\t\t\t\t\t\t\t\t\t\t\t\t\t\t\t\t<span class=\"elementor-button-text\">Enviar<\/span>\n\t\t\t\t\t\t\t\t\t\t\t\t\t<\/span>\n\t\t\t\t\t<\/button>\n\t\t\t\t<\/div>\n\t\t\t<\/div>\n\t\t<\/form>\n\t\t\t\t\t\t<\/div>\n\t\t\t\t<\/div>\n\t\t\t\t<\/div>\n\t\t\t\t<\/div>\n\t\t\t\t\t<\/div>\n\t\t\t\t<\/div>\n\t\t\t\t<\/div>\n\t\t","protected":false},"excerpt":{"rendered":"<p>Inici | Empreses amb esperan\u00e7a Formaci\u00f3 especialitzada per a la teva plantilla Formaci\u00f3 especialitzada per a la teva plantilla Com a entitat experta amb m\u00e9s de mig segle d&#8217;hist\u00f2ria, oferim sessions de gesti\u00f3 emocional i prevenci\u00f3 de conductes de risc espec\u00edfiques per al teu equip que t\u2019ajudaran a detectar situacions cr\u00edtiques i millorar la conviv\u00e8ncia.&hellip;&nbsp;<a href=\"https:\/\/esperancaenlinia.org\/es\/formacio-per-a-la-teva-plantilla\/\" rel=\"bookmark\"><span class=\"screen-reader-text\">Formaci\u00f3 especialitzada per a la teva plantilla<\/span><\/a><\/p>","protected":false},"author":4,"featured_media":0,"parent":0,"menu_order":0,"comment_status":"closed","ping_status":"closed","template":"elementor_header_footer","meta":{"neve_meta_sidebar":"","neve_meta_container":"","neve_meta_enable_content_width":"off","neve_meta_content_width":100,"neve_meta_title_alignment":"","neve_meta_author_avatar":"","neve_post_elements_order":"","neve_meta_disable_header":"","neve_meta_disable_footer":"","neve_meta_disable_title":"","footnotes":""},"class_list":["post-7975","page","type-page","status-publish","hentry"],"yoast_head":"<!-- This site is optimized with the Yoast SEO plugin v27.1.1 - https:\/\/yoast.com\/product\/yoast-seo-wordpress\/ -->\n<title>Formaci\u00f3 especialitzada per a la teva plantilla - Fundaci\u00f3n Ajuda i Esperan\u00e7a<\/title>\n<meta name=\"description\" content=\"Forma el teu equip en gesti\u00f3 emocional i prevenci\u00f3 de conductes de risc i detecta situacions cr\u00edtiques i millora la conviv\u00e8ncia.\" \/>\n<meta name=\"robots\" content=\"index, follow, max-snippet:-1, max-image-preview:large, max-video-preview:-1\" \/>\n<link rel=\"canonical\" href=\"https:\/\/esperancaenlinia.org\/es\/formacio-per-a-la-teva-plantilla\/\" \/>\n<meta property=\"og:locale\" content=\"es_ES\" \/>\n<meta property=\"og:type\" content=\"article\" \/>\n<meta property=\"og:title\" content=\"Formaci\u00f3 especialitzada per a la teva plantilla - Fundaci\u00f3n Ajuda i Esperan\u00e7a\" \/>\n<meta property=\"og:description\" content=\"Forma el teu equip en gesti\u00f3 emocional i prevenci\u00f3 de conductes de risc i detecta situacions cr\u00edtiques i millora la conviv\u00e8ncia.\" \/>\n<meta property=\"og:url\" content=\"https:\/\/esperancaenlinia.org\/es\/formacio-per-a-la-teva-plantilla\/\" \/>\n<meta property=\"og:site_name\" content=\"Fundaci\u00f3n Ajuda i Esperan\u00e7a\" \/>\n<meta property=\"article:modified_time\" content=\"2026-04-14T10:08:12+00:00\" \/>\n<meta property=\"og:image\" content=\"https:\/\/esperancaenlinia.org\/wp-content\/uploads\/2026\/04\/pexels-yankrukov-4458425-scaled.jpg\" \/>\n<meta name=\"twitter:card\" content=\"summary_large_image\" \/>\n<meta name=\"twitter:label1\" content=\"Tiempo de lectura\" \/>\n\t<meta name=\"twitter:data1\" content=\"1 minuto\" \/>\n<script type=\"application\/ld+json\" class=\"yoast-schema-graph\">{\"@context\":\"https:\/\/schema.org\",\"@graph\":[{\"@type\":\"WebPage\",\"@id\":\"https:\/\/esperancaenlinia.org\/formacio-per-a-la-teva-plantilla\/\",\"url\":\"https:\/\/esperancaenlinia.org\/formacio-per-a-la-teva-plantilla\/\",\"name\":\"Formaci\u00f3 especialitzada per a la teva plantilla - Fundaci\u00f3n Ajuda i Esperan\u00e7a\",\"isPartOf\":{\"@id\":\"https:\/\/esperancaenlinia.org\/#website\"},\"primaryImageOfPage\":{\"@id\":\"https:\/\/esperancaenlinia.org\/formacio-per-a-la-teva-plantilla\/#primaryimage\"},\"image\":{\"@id\":\"https:\/\/esperancaenlinia.org\/formacio-per-a-la-teva-plantilla\/#primaryimage\"},\"thumbnailUrl\":\"https:\/\/esperancaenlinia.org\/wp-content\/uploads\/2026\/04\/pexels-yankrukov-4458425-scaled.jpg\",\"datePublished\":\"2026-04-13T11:54:18+00:00\",\"dateModified\":\"2026-04-14T10:08:12+00:00\",\"description\":\"Forma el teu equip en gesti\u00f3 emocional i prevenci\u00f3 de conductes de risc i detecta situacions cr\u00edtiques i millora la conviv\u00e8ncia.\",\"breadcrumb\":{\"@id\":\"https:\/\/esperancaenlinia.org\/formacio-per-a-la-teva-plantilla\/#breadcrumb\"},\"inLanguage\":\"es\",\"potentialAction\":[{\"@type\":\"ReadAction\",\"target\":[\"https:\/\/esperancaenlinia.org\/formacio-per-a-la-teva-plantilla\/\"]}]},{\"@type\":\"ImageObject\",\"inLanguage\":\"es\",\"@id\":\"https:\/\/esperancaenlinia.org\/formacio-per-a-la-teva-plantilla\/#primaryimage\",\"url\":\"https:\/\/esperancaenlinia.org\/wp-content\/uploads\/2026\/04\/pexels-yankrukov-4458425-scaled.jpg\",\"contentUrl\":\"https:\/\/esperancaenlinia.org\/wp-content\/uploads\/2026\/04\/pexels-yankrukov-4458425-scaled.jpg\"},{\"@type\":\"BreadcrumbList\",\"@id\":\"https:\/\/esperancaenlinia.org\/formacio-per-a-la-teva-plantilla\/#breadcrumb\",\"itemListElement\":[{\"@type\":\"ListItem\",\"position\":1,\"name\":\"Portada\",\"item\":\"https:\/\/esperancaenlinia.org\/\"},{\"@type\":\"ListItem\",\"position\":2,\"name\":\"Formaci\u00f3 especialitzada per a la teva plantilla\"}]},{\"@type\":\"WebSite\",\"@id\":\"https:\/\/esperancaenlinia.org\/#website\",\"url\":\"https:\/\/esperancaenlinia.org\/\",\"name\":\"Fundaci\u00f3n Ajuda i Esperan\u00e7a\",\"description\":\"\",\"publisher\":{\"@id\":\"https:\/\/esperancaenlinia.org\/#organization\"},\"potentialAction\":[{\"@type\":\"SearchAction\",\"target\":{\"@type\":\"EntryPoint\",\"urlTemplate\":\"https:\/\/esperancaenlinia.org\/?s={search_term_string}\"},\"query-input\":{\"@type\":\"PropertyValueSpecification\",\"valueRequired\":true,\"valueName\":\"search_term_string\"}}],\"inLanguage\":\"es\"},{\"@type\":\"Organization\",\"@id\":\"https:\/\/esperancaenlinia.org\/#organization\",\"name\":\"Fundaci\u00f3n Ajuda i Esperan\u00e7a\",\"url\":\"https:\/\/esperancaenlinia.org\/\",\"logo\":{\"@type\":\"ImageObject\",\"inLanguage\":\"es\",\"@id\":\"https:\/\/esperancaenlinia.org\/#\/schema\/logo\/image\/\",\"url\":\"https:\/\/esperancaenlinia.org\/wp-content\/uploads\/2024\/04\/logo-1.png\",\"contentUrl\":\"https:\/\/esperancaenlinia.org\/wp-content\/uploads\/2024\/04\/logo-1.png\",\"width\":662,\"height\":200,\"caption\":\"Fundaci\u00f3n Ajuda i Esperan\u00e7a\"},\"image\":{\"@id\":\"https:\/\/esperancaenlinia.org\/#\/schema\/logo\/image\/\"}}]}<\/script>\n<!-- \/ Yoast SEO plugin. -->","yoast_head_json":{"title":"Formaci\u00f3 especialitzada per a la teva plantilla - Fundaci\u00f3n Ajuda i Esperan\u00e7a","description":"Forma el teu equip en gesti\u00f3 emocional i prevenci\u00f3 de conductes de risc i detecta situacions cr\u00edtiques i millora la conviv\u00e8ncia.","robots":{"index":"index","follow":"follow","max-snippet":"max-snippet:-1","max-image-preview":"max-image-preview:large","max-video-preview":"max-video-preview:-1"},"canonical":"https:\/\/esperancaenlinia.org\/es\/formacio-per-a-la-teva-plantilla\/","og_locale":"es_ES","og_type":"article","og_title":"Formaci\u00f3 especialitzada per a la teva plantilla - Fundaci\u00f3n Ajuda i Esperan\u00e7a","og_description":"Forma el teu equip en gesti\u00f3 emocional i prevenci\u00f3 de conductes de risc i detecta situacions cr\u00edtiques i millora la conviv\u00e8ncia.","og_url":"https:\/\/esperancaenlinia.org\/es\/formacio-per-a-la-teva-plantilla\/","og_site_name":"Fundaci\u00f3n Ajuda i Esperan\u00e7a","article_modified_time":"2026-04-14T10:08:12+00:00","og_image":[{"url":"https:\/\/esperancaenlinia.org\/wp-content\/uploads\/2026\/04\/pexels-yankrukov-4458425-scaled.jpg","type":"","width":"","height":""}],"twitter_card":"summary_large_image","twitter_misc":{"Tiempo de lectura":"1 minuto"},"schema":{"@context":"https:\/\/schema.org","@graph":[{"@type":"WebPage","@id":"https:\/\/esperancaenlinia.org\/formacio-per-a-la-teva-plantilla\/","url":"https:\/\/esperancaenlinia.org\/formacio-per-a-la-teva-plantilla\/","name":"Formaci\u00f3 especialitzada per a la teva plantilla - Fundaci\u00f3n Ajuda i Esperan\u00e7a","isPartOf":{"@id":"https:\/\/esperancaenlinia.org\/#website"},"primaryImageOfPage":{"@id":"https:\/\/esperancaenlinia.org\/formacio-per-a-la-teva-plantilla\/#primaryimage"},"image":{"@id":"https:\/\/esperancaenlinia.org\/formacio-per-a-la-teva-plantilla\/#primaryimage"},"thumbnailUrl":"https:\/\/esperancaenlinia.org\/wp-content\/uploads\/2026\/04\/pexels-yankrukov-4458425-scaled.jpg","datePublished":"2026-04-13T11:54:18+00:00","dateModified":"2026-04-14T10:08:12+00:00","description":"Forma el teu equip en gesti\u00f3 emocional i prevenci\u00f3 de conductes de risc i detecta situacions cr\u00edtiques i millora la conviv\u00e8ncia.","breadcrumb":{"@id":"https:\/\/esperancaenlinia.org\/formacio-per-a-la-teva-plantilla\/#breadcrumb"},"inLanguage":"es","potentialAction":[{"@type":"ReadAction","target":["https:\/\/esperancaenlinia.org\/formacio-per-a-la-teva-plantilla\/"]}]},{"@type":"ImageObject","inLanguage":"es","@id":"https:\/\/esperancaenlinia.org\/formacio-per-a-la-teva-plantilla\/#primaryimage","url":"https:\/\/esperancaenlinia.org\/wp-content\/uploads\/2026\/04\/pexels-yankrukov-4458425-scaled.jpg","contentUrl":"https:\/\/esperancaenlinia.org\/wp-content\/uploads\/2026\/04\/pexels-yankrukov-4458425-scaled.jpg"},{"@type":"BreadcrumbList","@id":"https:\/\/esperancaenlinia.org\/formacio-per-a-la-teva-plantilla\/#breadcrumb","itemListElement":[{"@type":"ListItem","position":1,"name":"Portada","item":"https:\/\/esperancaenlinia.org\/"},{"@type":"ListItem","position":2,"name":"Formaci\u00f3 especialitzada per a la teva plantilla"}]},{"@type":"WebSite","@id":"https:\/\/esperancaenlinia.org\/#website","url":"https:\/\/esperancaenlinia.org\/","name":"Fundaci\u00f3n Ayuda y Esperanza","description":"","publisher":{"@id":"https:\/\/esperancaenlinia.org\/#organization"},"potentialAction":[{"@type":"SearchAction","target":{"@type":"EntryPoint","urlTemplate":"https:\/\/esperancaenlinia.org\/?s={search_term_string}"},"query-input":{"@type":"PropertyValueSpecification","valueRequired":true,"valueName":"search_term_string"}}],"inLanguage":"es"},{"@type":"Organization","@id":"https:\/\/esperancaenlinia.org\/#organization","name":"Fundaci\u00f3n Ayuda y Esperanza","url":"https:\/\/esperancaenlinia.org\/","logo":{"@type":"ImageObject","inLanguage":"es","@id":"https:\/\/esperancaenlinia.org\/#\/schema\/logo\/image\/","url":"https:\/\/esperancaenlinia.org\/wp-content\/uploads\/2024\/04\/logo-1.png","contentUrl":"https:\/\/esperancaenlinia.org\/wp-content\/uploads\/2024\/04\/logo-1.png","width":662,"height":200,"caption":"Fundaci\u00f3n Ajuda i Esperan\u00e7a"},"image":{"@id":"https:\/\/esperancaenlinia.org\/#\/schema\/logo\/image\/"}}]}},"_links":{"self":[{"href":"https:\/\/esperancaenlinia.org\/es\/wp-json\/wp\/v2\/pages\/7975","targetHints":{"allow":["GET"]}}],"collection":[{"href":"https:\/\/esperancaenlinia.org\/es\/wp-json\/wp\/v2\/pages"}],"about":[{"href":"https:\/\/esperancaenlinia.org\/es\/wp-json\/wp\/v2\/types\/page"}],"author":[{"embeddable":true,"href":"https:\/\/esperancaenlinia.org\/es\/wp-json\/wp\/v2\/users\/4"}],"replies":[{"embeddable":true,"href":"https:\/\/esperancaenlinia.org\/es\/wp-json\/wp\/v2\/comments?post=7975"}],"version-history":[{"count":6,"href":"https:\/\/esperancaenlinia.org\/es\/wp-json\/wp\/v2\/pages\/7975\/revisions"}],"predecessor-version":[{"id":7996,"href":"https:\/\/esperancaenlinia.org\/es\/wp-json\/wp\/v2\/pages\/7975\/revisions\/7996"}],"wp:attachment":[{"href":"https:\/\/esperancaenlinia.org\/es\/wp-json\/wp\/v2\/media?parent=7975"}],"curies":[{"name":"wp","href":"https:\/\/api.w.org\/{rel}","templated":true}]}}