{"id":821,"date":"2024-04-16T00:13:01","date_gmt":"2024-04-15T22:13:01","guid":{"rendered":"https:\/\/esperancaenlinia.org\/?page_id=821"},"modified":"2026-02-11T09:56:28","modified_gmt":"2026-02-11T08:56:28","slug":"proces-de-formacio","status":"publish","type":"page","link":"https:\/\/esperancaenlinia.org\/es\/proces-de-formacio\/","title":{"rendered":"Proceso de Formaci\u00f3n"},"content":{"rendered":"<div data-elementor-type=\"wp-page\" data-elementor-id=\"821\" class=\"elementor elementor-821\" data-elementor-post-type=\"page\">\n\t\t\t\t<div class=\"elementor-element elementor-element-44e9c139 e-flex e-con-boxed e-con e-parent\" data-id=\"44e9c139\" data-element_type=\"container\" data-e-type=\"container\" data-settings=\"{&quot;background_background&quot;:&quot;classic&quot;}\">\n\t\t\t\t\t<div class=\"e-con-inner\">\n\t\t\t\t<div class=\"elementor-element elementor-element-39d180b elementor-widget elementor-widget-heading\" data-id=\"39d180b\" data-element_type=\"widget\" data-e-type=\"widget\" data-widget_type=\"heading.default\">\n\t\t\t\t<div class=\"elementor-widget-container\">\n\t\t\t\t\t<p class=\"elementor-heading-title elementor-size-default\">Inicio | Proceso de Formaci\u00f3n<\/p>\t\t\t\t<\/div>\n\t\t\t\t<\/div>\n\t\t\t\t<div class=\"elementor-element elementor-element-2491893f elementor-widget__width-inherit elementor-widget elementor-widget-heading\" data-id=\"2491893f\" data-element_type=\"widget\" data-e-type=\"widget\" data-widget_type=\"heading.default\">\n\t\t\t\t<div class=\"elementor-widget-container\">\n\t\t\t\t\t<h2 class=\"elementor-heading-title elementor-size-default\">Proceso de Formaci\u00f3n<\/h2>\t\t\t\t<\/div>\n\t\t\t\t<\/div>\n\t\t\t\t\t<\/div>\n\t\t\t\t<\/div>\n\t\t<div class=\"elementor-element elementor-element-1611d74 e-flex e-con-boxed e-con e-parent\" data-id=\"1611d74\" data-element_type=\"container\" data-e-type=\"container\" data-settings=\"{&quot;background_background&quot;:&quot;classic&quot;}\">\n\t\t\t\t\t<div class=\"e-con-inner\">\n\t\t\t\t<div class=\"elementor-element elementor-element-7b7a877 elementor-widget elementor-widget-timeline-widget-addon\" data-id=\"7b7a877\" data-element_type=\"widget\" data-e-type=\"widget\" data-widget_type=\"timeline-widget-addon.default\">\n\t\t\t\t<div class=\"elementor-widget-container\">\n\t\t\t\t\t<!-- ========= Timeline Widget Addon For Elementor 1.6.23 ========= -->\n<div id=\"twae-wrapper-7b7a877\" class=\"twae-vertical twae-wrapper  twae-both-sided\">   \n    <div class=\"twae-start\"><\/div>    \n    <div id=\"twea-timeline-7b7a877\" class=\"twae-timeline\" ><!-- Start of Story Repeater Content --><div id=\"story-496aeb1\" class=\"twae-story twae-repeater-item twae-story-right twae-story-no-icon\"><!-- Story Label --><div class=\"twae-labels\"><div class=\"twae-label-big\">1<\/div><\/div><!-- Story Icon Dot --><div class=\"twae-icondot\"><\/div><!-- Story Arrow --><div class=\"twae-arrow\"><\/div><!-- Start of Story Content --><div class=\"twae-content\"><!-- Story Title --><div class=\"twae-title\"> Entrevista personal<\/div><!-- Story Description --><div class=\"twae-description\"><p style=\"text-align: left\">Es un intercambio de informaci\u00f3n, expectativas y compromisos. En primer lugar, sirve para que la persona pueda valorar si quiere formar parte de la entidad y cu\u00e1les de las diferentes formas de colaborar se ajustan m\u00e1s a sus intereses; tambi\u00e9n es un encuentro que nos permite conocer mejor a la persona candidata y valorar su idoneidad para desarrollar la tarea de atender a los diferentes servicios de apoyo emocional de la entidad.\u00a0<\/p><\/div><\/div><\/div><!-- Start of Story Repeater Content --><div id=\"story-c15197f\" class=\"twae-story twae-repeater-item twae-story-left twae-story-no-icon\"><!-- Story Label --><div class=\"twae-labels\"><div class=\"twae-label-big\">2<\/div><\/div><!-- Story Icon Dot --><div class=\"twae-icondot\"><\/div><!-- Story Arrow --><div class=\"twae-arrow\"><\/div><!-- Start of Story Content --><div class=\"twae-content\"><!-- Story Title --><div class=\"twae-title\">Formaci\u00f3n inicial<\/div><!-- Story Description --><div class=\"twae-description\"><p style=\"text-align: right\">El proceso formativo consta de una primera parte te\u00f3rica con el objetivo de que la persona que apenas se incorpora al voluntariado conozca los recursos te\u00f3ricos en el marco de la escucha activa, gesti\u00f3n emocional y patolog\u00edas mentales. El objetivo es que disponga de las herramientas para hacer frente a las distintas problem\u00e1ticas que pueden expresar las personas que acuden a los dispositivos de la entidad. Queremos un servicio de calidad para quien nos necesita, pero tambi\u00e9n velamos por el bienestar de las personas voluntarias.\u00a0<\/p><\/div><\/div><\/div><!-- Start of Story Repeater Content --><div id=\"story-fb975b2\" class=\"twae-story twae-repeater-item twae-story-right twae-story-no-icon\"><!-- Story Label --><div class=\"twae-labels\"><div class=\"twae-label-big\">marzo 30<\/div><div class=\"twae-label-small\">Sub Label<\/div><\/div><!-- Story Icon --><div class=\"twae-icon\"><i aria-hidden=\"true\" class=\"far fa-clock\"><\/i><\/div><!-- Story Arrow --><div class=\"twae-arrow\"><\/div><!-- Start of Story Content --><div class=\"twae-content\"><!-- Story Title --><div class=\"twae-title\">Formaci\u00f3n especializada<\/div><!-- Story Description --><div class=\"twae-description\"><p style=\"text-align: left\">Si la persona voluntaria opta por los servicios en chat o bien comienza su recorrido en las l\u00edneas de prevenci\u00f3n de las conductas suicidas, necesita una formaci\u00f3n m\u00e1s especializada, tanto en lo que se refiere a la plataforma tecnol\u00f3gica que se emplea en determinados servicios, como por las caracter\u00edsticas propias de las llamadas o conversaciones que se atienden.\u00a0<\/p><\/div><\/div><\/div><!-- Start of Story Repeater Content --><div id=\"story-c9b13d8\" class=\"twae-story twae-repeater-item twae-story-left twae-story-no-icon\"><!-- Story Label --><div class=\"twae-labels\"><div class=\"twae-label-big\">3<\/div><\/div><!-- Story Icon Dot --><div class=\"twae-icondot\"><\/div><!-- Story Arrow --><div class=\"twae-arrow\"><\/div><!-- Start of Story Content --><div class=\"twae-content\"><!-- Story Title --><div class=\"twae-title\">Pr\u00e1cticas con gu\u00eda<\/div><!-- Story Description --><div class=\"twae-description\"><p style=\"text-align: right\">La \u00faltima fase de la formaci\u00f3n es pr\u00e1ctica tanto con llamadas o conversaciones simuladas como reales, siempre acompa\u00f1adas por un tutor o tutora. De esta forma la asimilaci\u00f3n de los conocimientos te\u00f3ricos y su aplicaci\u00f3n son progresivas y permiten que las personas voluntarias ofrezcan un servicio de calidad.<\/p><\/div><\/div><\/div><\/div>\n    <div class=\"twae-end\"><\/div>\n    <\/div><style type=\"text\/css\">@media (max-width: 1024px){ .twae-wrapper{--tw-ybx-size: 80px !important;}}@media (max-width: 767px){ .twae-wrapper{--tw-ybx-size: 80px !important}}<\/style>\t\t\t\t<\/div>\n\t\t\t\t<\/div>\n\t\t\t\t\t<\/div>\n\t\t\t\t<\/div>\n\t\t<div class=\"elementor-element elementor-element-152cb60 e-flex e-con-boxed e-con e-parent\" data-id=\"152cb60\" data-element_type=\"container\" data-e-type=\"container\" data-settings=\"{&quot;background_background&quot;:&quot;classic&quot;}\">\n\t\t\t\t\t<div class=\"e-con-inner\">\n\t\t<div class=\"elementor-element elementor-element-e788a06 e-con-full e-flex e-con e-child\" data-id=\"e788a06\" data-element_type=\"container\" data-e-type=\"container\" data-settings=\"{&quot;background_background&quot;:&quot;classic&quot;}\">\n\t\t<div class=\"elementor-element elementor-element-616e9e6 e-con-full e-flex e-con e-child\" data-id=\"616e9e6\" data-element_type=\"container\" data-e-type=\"container\" data-settings=\"{&quot;background_background&quot;:&quot;classic&quot;}\">\n\t\t\t\t<div class=\"elementor-element elementor-element-e3a0691 elementor-widget__width-inherit elementor-widget-mobile__width-inherit elementor-widget elementor-widget-heading\" data-id=\"e3a0691\" data-element_type=\"widget\" data-e-type=\"widget\" data-widget_type=\"heading.default\">\n\t\t\t\t<div class=\"elementor-widget-container\">\n\t\t\t\t\t<h2 class=\"elementor-heading-title elementor-size-default\">Uneix-te al nostre voluntariat!<\/h2>\t\t\t\t<\/div>\n\t\t\t\t<\/div>\n\t\t\t\t<div class=\"elementor-element elementor-element-79d3ac6 elementor-widget__width-initial elementor-widget-mobile__width-inherit elementor-widget-laptop__width-initial elementor-widget elementor-widget-text-editor\" data-id=\"79d3ac6\" data-element_type=\"widget\" data-e-type=\"widget\" data-widget_type=\"text-editor.default\">\n\t\t\t\t<div class=\"elementor-widget-container\">\n\t\t\t\t\t\t\t\t\t<p>Si tens 10 hores al mes per dedicar als altres pots salvar vides.<\/p>\t\t\t\t\t\t\t\t<\/div>\n\t\t\t\t<\/div>\n\t\t\t\t<div class=\"elementor-element elementor-element-7603a43 elementor-mobile-align-justify btn-expand-arrow elementor-widget elementor-widget-button\" data-id=\"7603a43\" data-element_type=\"widget\" data-e-type=\"widget\" data-widget_type=\"button.default\">\n\t\t\t\t<div class=\"elementor-widget-container\">\n\t\t\t\t\t\t\t\t\t<div class=\"elementor-button-wrapper\">\n\t\t\t\t\t<a class=\"elementor-button elementor-button-link elementor-size-sm elementor-animation-grow\" href=\"https:\/\/esperancaenlinia.org\/es\/voluntariat\/\">\n\t\t\t\t\t\t<span class=\"elementor-button-content-wrapper\">\n\t\t\t\t\t\t\t\t\t<span class=\"elementor-button-text\">M\u00e9s informaci\u00f3<\/span>\n\t\t\t\t\t<\/span>\n\t\t\t\t\t<\/a>\n\t\t\t\t<\/div>\n\t\t\t\t\t\t\t\t<\/div>\n\t\t\t\t<\/div>\n\t\t\t\t<\/div>\n\t\t\t\t<\/div>\n\t\t\t\t\t<\/div>\n\t\t\t\t<\/div>\n\t\t\t\t<\/div>","protected":false},"excerpt":{"rendered":"<p>Inici | Proc\u00e9s de Formaci\u00f3 Proc\u00e9s de Formaci\u00f3 1 Entrevista personal \u00c9s un intercanvi d\u2019informaci\u00f3, expectatives i compromisos. En primer lloc, serveix perqu\u00e8 la persona pugui valorar si vol formar part de l\u2019entitat i quines de les diferents maneres de col\u00b7laborar s&#8217;ajusten m\u00e9s als seus interessos; tamb\u00e9 \u00e9s una trobada que ens permet con\u00e8ixer millor&hellip;&nbsp;<a href=\"https:\/\/esperancaenlinia.org\/es\/proces-de-formacio\/\" rel=\"bookmark\"><span class=\"screen-reader-text\">Proceso de Formaci\u00f3n<\/span><\/a><\/p>","protected":false},"author":1,"featured_media":0,"parent":0,"menu_order":0,"comment_status":"closed","ping_status":"closed","template":"elementor_header_footer","meta":{"neve_meta_sidebar":"","neve_meta_container":"","neve_meta_enable_content_width":"off","neve_meta_content_width":100,"neve_meta_title_alignment":"","neve_meta_author_avatar":"","neve_post_elements_order":"","neve_meta_disable_header":"","neve_meta_disable_footer":"","neve_meta_disable_title":"","footnotes":""},"class_list":["post-821","page","type-page","status-publish","hentry"],"yoast_head":"<!-- This site is optimized with the Yoast SEO plugin v27.1.1 - https:\/\/yoast.com\/product\/yoast-seo-wordpress\/ -->\n<title>Proc\u00e9s de Formaci\u00f3 - Fundaci\u00f3n Ajuda i Esperan\u00e7a<\/title>\n<meta name=\"robots\" content=\"index, follow, max-snippet:-1, max-image-preview:large, max-video-preview:-1\" \/>\n<link rel=\"canonical\" href=\"https:\/\/esperancaenlinia.org\/es\/proces-de-formacio\/\" \/>\n<meta property=\"og:locale\" content=\"es_ES\" \/>\n<meta property=\"og:type\" content=\"article\" \/>\n<meta property=\"og:title\" content=\"Proc\u00e9s de Formaci\u00f3 - Fundaci\u00f3n Ajuda i Esperan\u00e7a\" \/>\n<meta property=\"og:description\" content=\"Inici | Proc\u00e9s de Formaci\u00f3 Proc\u00e9s de Formaci\u00f3 1 Entrevista personal \u00c9s un intercanvi d\u2019informaci\u00f3, expectatives i compromisos. En primer lloc, serveix perqu\u00e8 la persona pugui valorar si vol formar part de l\u2019entitat i quines de les diferents maneres de col\u00b7laborar s&#8217;ajusten m\u00e9s als seus interessos; tamb\u00e9 \u00e9s una trobada que ens permet con\u00e8ixer millor&hellip;&nbsp;Proc\u00e9s de Formaci\u00f3\" \/>\n<meta property=\"og:url\" content=\"https:\/\/esperancaenlinia.org\/es\/proces-de-formacio\/\" \/>\n<meta property=\"og:site_name\" content=\"Fundaci\u00f3n Ajuda i Esperan\u00e7a\" \/>\n<meta property=\"article:modified_time\" content=\"2026-02-11T08:56:28+00:00\" \/>\n<meta name=\"twitter:card\" content=\"summary_large_image\" \/>\n<meta name=\"twitter:label1\" content=\"Tiempo de lectura\" \/>\n\t<meta name=\"twitter:data1\" content=\"2 minutos\" \/>\n<script type=\"application\/ld+json\" class=\"yoast-schema-graph\">{\"@context\":\"https:\/\/schema.org\",\"@graph\":[{\"@type\":\"WebPage\",\"@id\":\"https:\/\/esperancaenlinia.org\/proces-de-formacio\/\",\"url\":\"https:\/\/esperancaenlinia.org\/proces-de-formacio\/\",\"name\":\"Proc\u00e9s de Formaci\u00f3 - Fundaci\u00f3n Ajuda i Esperan\u00e7a\",\"isPartOf\":{\"@id\":\"https:\/\/esperancaenlinia.org\/#website\"},\"datePublished\":\"2024-04-15T22:13:01+00:00\",\"dateModified\":\"2026-02-11T08:56:28+00:00\",\"breadcrumb\":{\"@id\":\"https:\/\/esperancaenlinia.org\/proces-de-formacio\/#breadcrumb\"},\"inLanguage\":\"es\",\"potentialAction\":[{\"@type\":\"ReadAction\",\"target\":[\"https:\/\/esperancaenlinia.org\/proces-de-formacio\/\"]}]},{\"@type\":\"BreadcrumbList\",\"@id\":\"https:\/\/esperancaenlinia.org\/proces-de-formacio\/#breadcrumb\",\"itemListElement\":[{\"@type\":\"ListItem\",\"position\":1,\"name\":\"Portada\",\"item\":\"https:\/\/esperancaenlinia.org\/\"},{\"@type\":\"ListItem\",\"position\":2,\"name\":\"Proc\u00e9s de Formaci\u00f3\"}]},{\"@type\":\"WebSite\",\"@id\":\"https:\/\/esperancaenlinia.org\/#website\",\"url\":\"https:\/\/esperancaenlinia.org\/\",\"name\":\"Fundaci\u00f3n Ajuda i Esperan\u00e7a\",\"description\":\"\",\"publisher\":{\"@id\":\"https:\/\/esperancaenlinia.org\/#organization\"},\"potentialAction\":[{\"@type\":\"SearchAction\",\"target\":{\"@type\":\"EntryPoint\",\"urlTemplate\":\"https:\/\/esperancaenlinia.org\/?s={search_term_string}\"},\"query-input\":{\"@type\":\"PropertyValueSpecification\",\"valueRequired\":true,\"valueName\":\"search_term_string\"}}],\"inLanguage\":\"es\"},{\"@type\":\"Organization\",\"@id\":\"https:\/\/esperancaenlinia.org\/#organization\",\"name\":\"Fundaci\u00f3n Ajuda i Esperan\u00e7a\",\"url\":\"https:\/\/esperancaenlinia.org\/\",\"logo\":{\"@type\":\"ImageObject\",\"inLanguage\":\"es\",\"@id\":\"https:\/\/esperancaenlinia.org\/#\/schema\/logo\/image\/\",\"url\":\"https:\/\/esperancaenlinia.org\/wp-content\/uploads\/2024\/04\/logo-1.png\",\"contentUrl\":\"https:\/\/esperancaenlinia.org\/wp-content\/uploads\/2024\/04\/logo-1.png\",\"width\":662,\"height\":200,\"caption\":\"Fundaci\u00f3n Ajuda i Esperan\u00e7a\"},\"image\":{\"@id\":\"https:\/\/esperancaenlinia.org\/#\/schema\/logo\/image\/\"}}]}<\/script>\n<!-- \/ Yoast SEO plugin. -->","yoast_head_json":{"title":"Proc\u00e9s de Formaci\u00f3 - Fundaci\u00f3n Ajuda i Esperan\u00e7a","robots":{"index":"index","follow":"follow","max-snippet":"max-snippet:-1","max-image-preview":"max-image-preview:large","max-video-preview":"max-video-preview:-1"},"canonical":"https:\/\/esperancaenlinia.org\/es\/proces-de-formacio\/","og_locale":"es_ES","og_type":"article","og_title":"Proc\u00e9s de Formaci\u00f3 - Fundaci\u00f3n Ajuda i Esperan\u00e7a","og_description":"Inici | Proc\u00e9s de Formaci\u00f3 Proc\u00e9s de Formaci\u00f3 1 Entrevista personal \u00c9s un intercanvi d\u2019informaci\u00f3, expectatives i compromisos. En primer lloc, serveix perqu\u00e8 la persona pugui valorar si vol formar part de l\u2019entitat i quines de les diferents maneres de col\u00b7laborar s&#8217;ajusten m\u00e9s als seus interessos; tamb\u00e9 \u00e9s una trobada que ens permet con\u00e8ixer millor&hellip;&nbsp;Proc\u00e9s de Formaci\u00f3","og_url":"https:\/\/esperancaenlinia.org\/es\/proces-de-formacio\/","og_site_name":"Fundaci\u00f3n Ajuda i Esperan\u00e7a","article_modified_time":"2026-02-11T08:56:28+00:00","twitter_card":"summary_large_image","twitter_misc":{"Tiempo de lectura":"2 minutos"},"schema":{"@context":"https:\/\/schema.org","@graph":[{"@type":"WebPage","@id":"https:\/\/esperancaenlinia.org\/proces-de-formacio\/","url":"https:\/\/esperancaenlinia.org\/proces-de-formacio\/","name":"Proc\u00e9s de Formaci\u00f3 - Fundaci\u00f3n Ajuda i Esperan\u00e7a","isPartOf":{"@id":"https:\/\/esperancaenlinia.org\/#website"},"datePublished":"2024-04-15T22:13:01+00:00","dateModified":"2026-02-11T08:56:28+00:00","breadcrumb":{"@id":"https:\/\/esperancaenlinia.org\/proces-de-formacio\/#breadcrumb"},"inLanguage":"es","potentialAction":[{"@type":"ReadAction","target":["https:\/\/esperancaenlinia.org\/proces-de-formacio\/"]}]},{"@type":"BreadcrumbList","@id":"https:\/\/esperancaenlinia.org\/proces-de-formacio\/#breadcrumb","itemListElement":[{"@type":"ListItem","position":1,"name":"Portada","item":"https:\/\/esperancaenlinia.org\/"},{"@type":"ListItem","position":2,"name":"Proc\u00e9s de Formaci\u00f3"}]},{"@type":"WebSite","@id":"https:\/\/esperancaenlinia.org\/#website","url":"https:\/\/esperancaenlinia.org\/","name":"Fundaci\u00f3n Ayuda y Esperanza","description":"","publisher":{"@id":"https:\/\/esperancaenlinia.org\/#organization"},"potentialAction":[{"@type":"SearchAction","target":{"@type":"EntryPoint","urlTemplate":"https:\/\/esperancaenlinia.org\/?s={search_term_string}"},"query-input":{"@type":"PropertyValueSpecification","valueRequired":true,"valueName":"search_term_string"}}],"inLanguage":"es"},{"@type":"Organization","@id":"https:\/\/esperancaenlinia.org\/#organization","name":"Fundaci\u00f3n Ayuda y Esperanza","url":"https:\/\/esperancaenlinia.org\/","logo":{"@type":"ImageObject","inLanguage":"es","@id":"https:\/\/esperancaenlinia.org\/#\/schema\/logo\/image\/","url":"https:\/\/esperancaenlinia.org\/wp-content\/uploads\/2024\/04\/logo-1.png","contentUrl":"https:\/\/esperancaenlinia.org\/wp-content\/uploads\/2024\/04\/logo-1.png","width":662,"height":200,"caption":"Fundaci\u00f3n Ajuda i Esperan\u00e7a"},"image":{"@id":"https:\/\/esperancaenlinia.org\/#\/schema\/logo\/image\/"}}]}},"_links":{"self":[{"href":"https:\/\/esperancaenlinia.org\/es\/wp-json\/wp\/v2\/pages\/821","targetHints":{"allow":["GET"]}}],"collection":[{"href":"https:\/\/esperancaenlinia.org\/es\/wp-json\/wp\/v2\/pages"}],"about":[{"href":"https:\/\/esperancaenlinia.org\/es\/wp-json\/wp\/v2\/types\/page"}],"author":[{"embeddable":true,"href":"https:\/\/esperancaenlinia.org\/es\/wp-json\/wp\/v2\/users\/1"}],"replies":[{"embeddable":true,"href":"https:\/\/esperancaenlinia.org\/es\/wp-json\/wp\/v2\/comments?post=821"}],"version-history":[{"count":64,"href":"https:\/\/esperancaenlinia.org\/es\/wp-json\/wp\/v2\/pages\/821\/revisions"}],"predecessor-version":[{"id":7323,"href":"https:\/\/esperancaenlinia.org\/es\/wp-json\/wp\/v2\/pages\/821\/revisions\/7323"}],"wp:attachment":[{"href":"https:\/\/esperancaenlinia.org\/es\/wp-json\/wp\/v2\/media?parent=821"}],"curies":[{"name":"wp","href":"https:\/\/api.w.org\/{rel}","templated":true}]}}