{"id":3467,"date":"2025-03-11T09:13:19","date_gmt":"2025-03-11T08:13:19","guid":{"rendered":"https:\/\/esperancaenlinia.org\/?post_type=product&#038;p=3467"},"modified":"2026-03-05T10:21:11","modified_gmt":"2026-03-05T09:21:11","slug":"dona-esperanca-donacio-puntual","status":"publish","type":"product","link":"https:\/\/esperancaenlinia.org\/es\/producto\/dona-esperanca-donacio-puntual\/","title":{"rendered":"Mujer esperanza: Donaci\u00f3n puntual"},"content":{"rendered":"<div data-elementor-type=\"product-post\" data-elementor-id=\"3467\" class=\"elementor elementor-3467\" data-elementor-post-type=\"product\">\n\t\t\t\t<div class=\"elementor-element elementor-element-f3bf2d6 e-con-full e-flex e-con e-parent\" data-id=\"f3bf2d6\" data-element_type=\"container\" data-e-type=\"container\">\n\t\t<div class=\"elementor-element elementor-element-08d4908 e-con-full e-flex e-con e-child\" data-id=\"08d4908\" data-element_type=\"container\" data-e-type=\"container\" data-settings=\"{&quot;background_background&quot;:&quot;classic&quot;}\">\n\t\t\t\t<\/div>\n\t\t<div class=\"elementor-element elementor-element-43d61bb e-con-full e-flex e-con e-child\" data-id=\"43d61bb\" data-element_type=\"container\" data-e-type=\"container\">\n\t\t\t\t<div class=\"elementor-element elementor-element-ce17438 elementor-widget elementor-widget-heading\" data-id=\"ce17438\" data-element_type=\"widget\" data-e-type=\"widget\" data-widget_type=\"heading.default\">\n\t\t\t\t<div class=\"elementor-widget-container\">\n\t\t\t\t\t<h5 class=\"elementor-heading-title elementor-size-default\">\u00a1Haz una donaci\u00f3n puntual!<\/h5>\t\t\t\t<\/div>\n\t\t\t\t<\/div>\n\t\t\t\t<div class=\"elementor-element elementor-element-c471ba9 elementor-widget elementor-widget-text-editor\" data-id=\"c471ba9\" data-element_type=\"widget\" data-e-type=\"widget\" data-widget_type=\"text-editor.default\">\n\t\t\t\t<div class=\"elementor-widget-container\">\n\t\t\t\t\t\t\t\t\t<p>Con s\u00f3lo 15 euros, haces posible que una persona con malestar emocional, conductas suicidas o en situaci\u00f3n de soledad no deseada reciba el acompa\u00f1amiento emocional que necesita.<\/p>\t\t\t\t\t\t\t\t<\/div>\n\t\t\t\t<\/div>\n\t\t\t\t<div class=\"elementor-element elementor-element-fe5b040 e-n-tabs-none elementor-widget elementor-widget-n-tabs\" data-id=\"fe5b040\" data-element_type=\"widget\" data-e-type=\"widget\" data-settings=\"{&quot;horizontal_scroll&quot;:&quot;disable&quot;}\" data-widget_type=\"nested-tabs.default\">\n\t\t\t\t<div class=\"elementor-widget-container\">\n\t\t\t\t\t\t\t<div class=\"e-n-tabs\" data-widget-number=\"266711104\" aria-label=\"Tabs. Open items with Enter or Space, close with Escape and navigate using the Arrow keys.\" data-no-translation-aria-label=\"\">\n\t\t\t<div class=\"e-n-tabs-heading\" role=\"tablist\">\n\t\t\t\t\t<button id=\"e-n-tab-title-2667111041\" data-tab-title-id=\"e-n-tab-title-2667111041\" class=\"e-n-tab-title\" aria-selected=\"true\" data-tab-index=\"1\" role=\"tab\" tabindex=\"0\" aria-controls=\"e-n-tab-content-2667111041\" style=\"--n-tabs-title-order: 1;\">\n\t\t\t\t\t\t<span class=\"e-n-tab-title-text\">\n\t\t\t\tTargeta banc\u00e0ria o Paypal\t\t\t<\/span>\n\t\t<\/button>\n\t\t\t\t<button id=\"e-n-tab-title-2667111042\" data-tab-title-id=\"e-n-tab-title-2667111042\" class=\"e-n-tab-title\" aria-selected=\"false\" data-tab-index=\"2\" role=\"tab\" tabindex=\"-1\" aria-controls=\"e-n-tab-content-2667111042\" style=\"--n-tabs-title-order: 2;\">\n\t\t\t\t\t\t<span class=\"e-n-tab-title-text\">\n\t\t\t\tBizum \t\t\t<\/span>\n\t\t<\/button>\n\t\t\t\t\t<\/div>\n\t\t\t<div class=\"e-n-tabs-content\">\n\t\t\t\t<div id=\"e-n-tab-content-2667111041\" role=\"tabpanel\" aria-labelledby=\"e-n-tab-title-2667111041\" data-tab-index=\"1\" style=\"--n-tabs-title-order: 1;\" class=\"e-active elementor-element elementor-element-b75d3ef e-con-full e-flex e-con e-child\" data-id=\"b75d3ef\" data-element_type=\"container\" data-e-type=\"container\">\n\t\t\t\t<div class=\"elementor-element elementor-element-b7bcb00 elementor-widget elementor-widget-text-editor\" data-id=\"b7bcb00\" data-element_type=\"widget\" data-e-type=\"widget\" data-widget_type=\"text-editor.default\">\n\t\t\t\t<div class=\"elementor-widget-container\">\n\t\t\t\t\t\t\t\t\t<p>Tria la quantitat que vols donar una sola vegada, completa les dades&nbsp; que et demanarem en el pas seg\u00fcent i podr\u00e0s donar amb Paypal o amb la teva targeta banc\u00e0ria. Totes les aportacions, grans o petites, s\u00f3n importants!&nbsp;<\/p>\t\t\t\t\t\t\t\t<\/div>\n\t\t\t\t<\/div>\n\t\t\t\t<\/div>\n\t\t<div id=\"e-n-tab-content-2667111042\" role=\"tabpanel\" aria-labelledby=\"e-n-tab-title-2667111042\" data-tab-index=\"2\" style=\"--n-tabs-title-order: 2;\" class=\"elementor-element elementor-element-ec65c6f e-con-full e-flex e-con e-child\" data-id=\"ec65c6f\" data-element_type=\"container\" data-e-type=\"container\">\n\t\t\t\t<div class=\"elementor-element elementor-element-a3017ba elementor-widget elementor-widget-text-editor\" data-id=\"a3017ba\" data-element_type=\"widget\" data-e-type=\"widget\" data-widget_type=\"text-editor.default\">\n\t\t\t\t<div class=\"elementor-widget-container\">\n\t\t\t\t\t\t\t\t\t<p>Pots fer la teva donaci\u00f3 mitjan\u00e7ant l&#8217;aplicaci\u00f3 banc\u00e0ria Bizum. Segueix les seg\u00fcents passes:\u00a0<\/p>\t\t\t\t\t\t\t\t<\/div>\n\t\t\t\t<\/div>\n\t\t\t\t<div class=\"elementor-element elementor-element-006c6e7 elementor-widget elementor-widget-text-editor\" data-id=\"006c6e7\" data-element_type=\"widget\" data-e-type=\"widget\" data-widget_type=\"text-editor.default\">\n\t\t\t\t<div class=\"elementor-widget-container\">\n\t\t\t\t\t\t\t\t\t<ol><li style=\"list-style-type: none;\"><ol><li>Selecciona la opci\u00f3n &quot;dar a una ONG&quot;.<\/li><li>Escoge el Tel\u00e9fono de la Esperanza o introduce manualmente el identificador 33444 y el importe que quieres dar.<\/li><\/ol><\/li><\/ol>\t\t\t\t\t\t\t\t<\/div>\n\t\t\t\t<\/div>\n\t\t\t\t<div class=\"elementor-element elementor-element-7dc24fb elementor-widget elementor-widget-text-editor\" data-id=\"7dc24fb\" data-element_type=\"widget\" data-e-type=\"widget\" data-widget_type=\"text-editor.default\">\n\t\t\t\t<div class=\"elementor-widget-container\">\n\t\t\t\t\t\t\t\t\t<p>En menys de 5 segons rebrem la teva donaci\u00f3 i ja estar\u00e0s col\u00b7laborant amb la nostra tasca.<\/p>\t\t\t\t\t\t\t\t<\/div>\n\t\t\t\t<\/div>\n\t\t\t\t<\/div>\n\t\t\t\t\t<\/div>\n\t\t<\/div>\n\t\t\t\t\t\t<\/div>\n\t\t\t\t<\/div>\n\t\t\t\t<\/div>\n\t\t\t\t<\/div>\n\t\t\t\t<\/div>","protected":false},"excerpt":{"rendered":"<p>Fes una donaci\u00f3 puntual! Amb nom\u00e9s 15 euros, fas possible que una persona amb malestar emocional, conductes su\u00efcides o en situaci\u00f3 de soledat no desitjada rebi l\u2019acompanyament emocional que necessita. Targeta banc\u00e0ria o Paypal Bizum Tria la quantitat que vols donar una sola vegada, completa les dades\u00a0 que et demanarem en el pas seg\u00fcent i&hellip;&nbsp;<a href=\"https:\/\/esperancaenlinia.org\/es\/producto\/dona-esperanca-donacio-puntual\/\" rel=\"bookmark\"><span class=\"screen-reader-text\">Mujer esperanza: Donaci\u00f3n puntual<\/span><\/a><\/p>","protected":false},"featured_media":937,"comment_status":"closed","ping_status":"closed","template":"","meta":{"neve_meta_sidebar":"","neve_meta_container":"","neve_meta_enable_content_width":"off","neve_meta_content_width":100,"neve_meta_title_alignment":"","neve_meta_author_avatar":"","neve_post_elements_order":"","neve_meta_disable_header":"","neve_meta_disable_footer":"","neve_meta_disable_title":""},"product_brand":[],"product_cat":[31],"product_tag":[],"class_list":{"0":"post-3467","1":"product","2":"type-product","3":"status-publish","4":"has-post-thumbnail","6":"product_cat-donacions","8":"first","9":"instock","10":"shipping-taxable","11":"purchasable","12":"product-type-simple"},"yoast_head":"<!-- This site is optimized with the Yoast SEO plugin v27.1.1 - https:\/\/yoast.com\/product\/yoast-seo-wordpress\/ -->\n<title>Dona esperan\u00e7a: Donaci\u00f3 puntual - Fundaci\u00f3n Ajuda i Esperan\u00e7a<\/title>\n<meta name=\"robots\" content=\"index, follow, max-snippet:-1, max-image-preview:large, max-video-preview:-1\" \/>\n<link rel=\"canonical\" href=\"https:\/\/esperancaenlinia.org\/es\/producto\/dona-esperanca-donacio-puntual\/\" \/>\n<meta property=\"og:locale\" content=\"es_ES\" \/>\n<meta property=\"og:type\" content=\"article\" \/>\n<meta property=\"og:title\" content=\"Dona esperan\u00e7a: Donaci\u00f3 puntual - Fundaci\u00f3n Ajuda i Esperan\u00e7a\" \/>\n<meta property=\"og:description\" content=\"Fes una donaci\u00f3 puntual! Amb nom\u00e9s 15 euros, fas possible que una persona amb malestar emocional, conductes su\u00efcides o en situaci\u00f3 de soledat no desitjada rebi l\u2019acompanyament emocional que necessita. Targeta banc\u00e0ria o Paypal Bizum Tria la quantitat que vols donar una sola vegada, completa les dades\u00a0 que et demanarem en el pas seg\u00fcent i&hellip;&nbsp;Dona esperan\u00e7a: Donaci\u00f3 puntual\" \/>\n<meta property=\"og:url\" content=\"https:\/\/esperancaenlinia.org\/es\/producto\/dona-esperanca-donacio-puntual\/\" \/>\n<meta property=\"og:site_name\" content=\"Fundaci\u00f3n Ajuda i Esperan\u00e7a\" \/>\n<meta property=\"article:modified_time\" content=\"2026-03-05T09:21:11+00:00\" \/>\n<meta property=\"og:image\" content=\"https:\/\/esperancaenlinia.org\/wp-content\/uploads\/2024\/04\/01-2-1-1.png\" \/>\n\t<meta property=\"og:image:width\" content=\"113\" \/>\n\t<meta property=\"og:image:height\" content=\"113\" \/>\n\t<meta property=\"og:image:type\" content=\"image\/png\" \/>\n<meta name=\"twitter:card\" content=\"summary_large_image\" \/>\n<meta name=\"twitter:label1\" content=\"Tiempo de lectura\" \/>\n\t<meta name=\"twitter:data1\" content=\"2 minutos\" \/>\n<script type=\"application\/ld+json\" class=\"yoast-schema-graph\">{\"@context\":\"https:\/\/schema.org\",\"@graph\":[{\"@type\":\"WebPage\",\"@id\":\"https:\/\/esperancaenlinia.org\/producte\/dona-esperanca-donacio-puntual\/\",\"url\":\"https:\/\/esperancaenlinia.org\/producte\/dona-esperanca-donacio-puntual\/\",\"name\":\"Dona esperan\u00e7a: Donaci\u00f3 puntual - Fundaci\u00f3n Ajuda i Esperan\u00e7a\",\"isPartOf\":{\"@id\":\"https:\/\/esperancaenlinia.org\/#website\"},\"primaryImageOfPage\":{\"@id\":\"https:\/\/esperancaenlinia.org\/producte\/dona-esperanca-donacio-puntual\/#primaryimage\"},\"image\":{\"@id\":\"https:\/\/esperancaenlinia.org\/producte\/dona-esperanca-donacio-puntual\/#primaryimage\"},\"thumbnailUrl\":\"https:\/\/esperancaenlinia.org\/wp-content\/uploads\/2024\/04\/01-2-1-1.png\",\"datePublished\":\"2025-03-11T08:13:19+00:00\",\"dateModified\":\"2026-03-05T09:21:11+00:00\",\"breadcrumb\":{\"@id\":\"https:\/\/esperancaenlinia.org\/producte\/dona-esperanca-donacio-puntual\/#breadcrumb\"},\"inLanguage\":\"es\",\"potentialAction\":[{\"@type\":\"ReadAction\",\"target\":[\"https:\/\/esperancaenlinia.org\/producte\/dona-esperanca-donacio-puntual\/\"]}]},{\"@type\":\"ImageObject\",\"inLanguage\":\"es\",\"@id\":\"https:\/\/esperancaenlinia.org\/producte\/dona-esperanca-donacio-puntual\/#primaryimage\",\"url\":\"https:\/\/esperancaenlinia.org\/wp-content\/uploads\/2024\/04\/01-2-1-1.png\",\"contentUrl\":\"https:\/\/esperancaenlinia.org\/wp-content\/uploads\/2024\/04\/01-2-1-1.png\",\"width\":113,\"height\":113},{\"@type\":\"BreadcrumbList\",\"@id\":\"https:\/\/esperancaenlinia.org\/producte\/dona-esperanca-donacio-puntual\/#breadcrumb\",\"itemListElement\":[{\"@type\":\"ListItem\",\"position\":1,\"name\":\"Portada\",\"item\":\"https:\/\/esperancaenlinia.org\/\"},{\"@type\":\"ListItem\",\"position\":2,\"name\":\"Tienda\",\"item\":\"https:\/\/esperancaenlinia.org\/tienda\/\"},{\"@type\":\"ListItem\",\"position\":3,\"name\":\"Dona esperan\u00e7a: Donaci\u00f3 puntual\"}]},{\"@type\":\"WebSite\",\"@id\":\"https:\/\/esperancaenlinia.org\/#website\",\"url\":\"https:\/\/esperancaenlinia.org\/\",\"name\":\"Fundaci\u00f3n Ajuda i Esperan\u00e7a\",\"description\":\"\",\"publisher\":{\"@id\":\"https:\/\/esperancaenlinia.org\/#organization\"},\"potentialAction\":[{\"@type\":\"SearchAction\",\"target\":{\"@type\":\"EntryPoint\",\"urlTemplate\":\"https:\/\/esperancaenlinia.org\/?s={search_term_string}\"},\"query-input\":{\"@type\":\"PropertyValueSpecification\",\"valueRequired\":true,\"valueName\":\"search_term_string\"}}],\"inLanguage\":\"es\"},{\"@type\":\"Organization\",\"@id\":\"https:\/\/esperancaenlinia.org\/#organization\",\"name\":\"Fundaci\u00f3n Ajuda i Esperan\u00e7a\",\"url\":\"https:\/\/esperancaenlinia.org\/\",\"logo\":{\"@type\":\"ImageObject\",\"inLanguage\":\"es\",\"@id\":\"https:\/\/esperancaenlinia.org\/#\/schema\/logo\/image\/\",\"url\":\"https:\/\/esperancaenlinia.org\/wp-content\/uploads\/2024\/04\/logo-1.png\",\"contentUrl\":\"https:\/\/esperancaenlinia.org\/wp-content\/uploads\/2024\/04\/logo-1.png\",\"width\":662,\"height\":200,\"caption\":\"Fundaci\u00f3n Ajuda i Esperan\u00e7a\"},\"image\":{\"@id\":\"https:\/\/esperancaenlinia.org\/#\/schema\/logo\/image\/\"}}]}<\/script>\n<!-- \/ Yoast SEO plugin. -->","yoast_head_json":{"title":"Dona esperan\u00e7a: Donaci\u00f3 puntual - Fundaci\u00f3n Ajuda i Esperan\u00e7a","robots":{"index":"index","follow":"follow","max-snippet":"max-snippet:-1","max-image-preview":"max-image-preview:large","max-video-preview":"max-video-preview:-1"},"canonical":"https:\/\/esperancaenlinia.org\/es\/producto\/dona-esperanca-donacio-puntual\/","og_locale":"es_ES","og_type":"article","og_title":"Dona esperan\u00e7a: Donaci\u00f3 puntual - Fundaci\u00f3n Ajuda i Esperan\u00e7a","og_description":"Fes una donaci\u00f3 puntual! Amb nom\u00e9s 15 euros, fas possible que una persona amb malestar emocional, conductes su\u00efcides o en situaci\u00f3 de soledat no desitjada rebi l\u2019acompanyament emocional que necessita. Targeta banc\u00e0ria o Paypal Bizum Tria la quantitat que vols donar una sola vegada, completa les dades\u00a0 que et demanarem en el pas seg\u00fcent i&hellip;&nbsp;Dona esperan\u00e7a: Donaci\u00f3 puntual","og_url":"https:\/\/esperancaenlinia.org\/es\/producto\/dona-esperanca-donacio-puntual\/","og_site_name":"Fundaci\u00f3n Ajuda i Esperan\u00e7a","article_modified_time":"2026-03-05T09:21:11+00:00","og_image":[{"width":113,"height":113,"url":"https:\/\/esperancaenlinia.org\/wp-content\/uploads\/2024\/04\/01-2-1-1.png","type":"image\/png"}],"twitter_card":"summary_large_image","twitter_misc":{"Tiempo de lectura":"2 minutos"},"schema":{"@context":"https:\/\/schema.org","@graph":[{"@type":"WebPage","@id":"https:\/\/esperancaenlinia.org\/producte\/dona-esperanca-donacio-puntual\/","url":"https:\/\/esperancaenlinia.org\/producte\/dona-esperanca-donacio-puntual\/","name":"Dona esperan\u00e7a: Donaci\u00f3 puntual - Fundaci\u00f3n Ajuda i Esperan\u00e7a","isPartOf":{"@id":"https:\/\/esperancaenlinia.org\/#website"},"primaryImageOfPage":{"@id":"https:\/\/esperancaenlinia.org\/producte\/dona-esperanca-donacio-puntual\/#primaryimage"},"image":{"@id":"https:\/\/esperancaenlinia.org\/producte\/dona-esperanca-donacio-puntual\/#primaryimage"},"thumbnailUrl":"https:\/\/esperancaenlinia.org\/wp-content\/uploads\/2024\/04\/01-2-1-1.png","datePublished":"2025-03-11T08:13:19+00:00","dateModified":"2026-03-05T09:21:11+00:00","breadcrumb":{"@id":"https:\/\/esperancaenlinia.org\/producte\/dona-esperanca-donacio-puntual\/#breadcrumb"},"inLanguage":"es","potentialAction":[{"@type":"ReadAction","target":["https:\/\/esperancaenlinia.org\/producte\/dona-esperanca-donacio-puntual\/"]}]},{"@type":"ImageObject","inLanguage":"es","@id":"https:\/\/esperancaenlinia.org\/producte\/dona-esperanca-donacio-puntual\/#primaryimage","url":"https:\/\/esperancaenlinia.org\/wp-content\/uploads\/2024\/04\/01-2-1-1.png","contentUrl":"https:\/\/esperancaenlinia.org\/wp-content\/uploads\/2024\/04\/01-2-1-1.png","width":113,"height":113},{"@type":"BreadcrumbList","@id":"https:\/\/esperancaenlinia.org\/producte\/dona-esperanca-donacio-puntual\/#breadcrumb","itemListElement":[{"@type":"ListItem","position":1,"name":"Portada","item":"https:\/\/esperancaenlinia.org\/"},{"@type":"ListItem","position":2,"name":"Tienda","item":"https:\/\/esperancaenlinia.org\/tienda\/"},{"@type":"ListItem","position":3,"name":"Dona esperan\u00e7a: Donaci\u00f3 puntual"}]},{"@type":"WebSite","@id":"https:\/\/esperancaenlinia.org\/#website","url":"https:\/\/esperancaenlinia.org\/","name":"Fundaci\u00f3n Ayuda y Esperanza","description":"","publisher":{"@id":"https:\/\/esperancaenlinia.org\/#organization"},"potentialAction":[{"@type":"SearchAction","target":{"@type":"EntryPoint","urlTemplate":"https:\/\/esperancaenlinia.org\/?s={search_term_string}"},"query-input":{"@type":"PropertyValueSpecification","valueRequired":true,"valueName":"search_term_string"}}],"inLanguage":"es"},{"@type":"Organization","@id":"https:\/\/esperancaenlinia.org\/#organization","name":"Fundaci\u00f3n Ayuda y Esperanza","url":"https:\/\/esperancaenlinia.org\/","logo":{"@type":"ImageObject","inLanguage":"es","@id":"https:\/\/esperancaenlinia.org\/#\/schema\/logo\/image\/","url":"https:\/\/esperancaenlinia.org\/wp-content\/uploads\/2024\/04\/logo-1.png","contentUrl":"https:\/\/esperancaenlinia.org\/wp-content\/uploads\/2024\/04\/logo-1.png","width":662,"height":200,"caption":"Fundaci\u00f3n Ajuda i Esperan\u00e7a"},"image":{"@id":"https:\/\/esperancaenlinia.org\/#\/schema\/logo\/image\/"}}]}},"_links":{"self":[{"href":"https:\/\/esperancaenlinia.org\/es\/wp-json\/wp\/v2\/product\/3467","targetHints":{"allow":["GET"]}}],"collection":[{"href":"https:\/\/esperancaenlinia.org\/es\/wp-json\/wp\/v2\/product"}],"about":[{"href":"https:\/\/esperancaenlinia.org\/es\/wp-json\/wp\/v2\/types\/product"}],"replies":[{"embeddable":true,"href":"https:\/\/esperancaenlinia.org\/es\/wp-json\/wp\/v2\/comments?post=3467"}],"version-history":[{"count":28,"href":"https:\/\/esperancaenlinia.org\/es\/wp-json\/wp\/v2\/product\/3467\/revisions"}],"predecessor-version":[{"id":7772,"href":"https:\/\/esperancaenlinia.org\/es\/wp-json\/wp\/v2\/product\/3467\/revisions\/7772"}],"wp:featuredmedia":[{"embeddable":true,"href":"https:\/\/esperancaenlinia.org\/es\/wp-json\/wp\/v2\/media\/937"}],"wp:attachment":[{"href":"https:\/\/esperancaenlinia.org\/es\/wp-json\/wp\/v2\/media?parent=3467"}],"wp:term":[{"taxonomy":"product_brand","embeddable":true,"href":"https:\/\/esperancaenlinia.org\/es\/wp-json\/wp\/v2\/product_brand?post=3467"},{"taxonomy":"product_cat","embeddable":true,"href":"https:\/\/esperancaenlinia.org\/es\/wp-json\/wp\/v2\/product_cat?post=3467"},{"taxonomy":"product_tag","embeddable":true,"href":"https:\/\/esperancaenlinia.org\/es\/wp-json\/wp\/v2\/product_tag?post=3467"}],"curies":[{"name":"wp","href":"https:\/\/api.w.org\/{rel}","templated":true}]}}